{"id":815,"date":"2020-03-23T20:12:35","date_gmt":"2020-03-23T20:12:35","guid":{"rendered":"https:\/\/lunarship.com\/?page_id=815"},"modified":"2020-05-22T20:55:15","modified_gmt":"2020-05-22T20:55:15","slug":"affiliates","status":"publish","type":"page","link":"https:\/\/lunarship.com\/de\/affiliates\/","title":{"rendered":"Affiliates"},"content":{"rendered":"\n<h1 id=\"kt-adv-heading_bb8603-b3\" class=\"kt-adv-heading_bb8603-b3 wp-block-kadence-advancedheading\" style=\"text-align:center\">Melde dich beim Lunarship Software Affiliate Programm an<\/h1>\n\n\n\n<div class=\"wp-block-uagb-icon-list uagb-icon-list__outer-wrap uagb-icon-list__layout-vertical uagb-block-b5a1fd01-ca20-4389-8f4c-3ada8ebaa4a8\"><div class=\"uagb-icon-list__wrap\">\n<div class=\"wp-block-uagb-icon-list-child uagb-icon-list-repeater uagb-icon-list__wrapper uagb-block-76bab35a-3217-4006-b577-1b872af46e06\"><div class=\"uagb-icon-list__content-wrap\"><span class=\"uagb-icon-list__source-wrap\"><span class=\"uagb-icon-list__source-icon\"><svg xmlns=\"http:\/\/www.w3.org\/2000\/svg\" viewbox=\"0 0 512 512\"><path d=\"M256 8C119 8 8 119 8 256s111 248 248 248 248-111 248-248S393 8 256 8z\"><\/path><\/svg><\/span><\/span><div class=\"uagb-icon-list__label-wrap\"><span class=\"uagb-icon-list__label\">Hast du einen eigenen Blog, eine eigene Website oder eine aktive Community in den sozialen Netzwerken?<\/span><\/div><\/div><\/div>\n\n\n\n<div class=\"wp-block-uagb-icon-list-child uagb-icon-list-repeater uagb-icon-list__wrapper uagb-block-c1673a05-71c6-4eb1-bd90-dd04b66de174\"><div class=\"uagb-icon-list__content-wrap\"><span class=\"uagb-icon-list__source-wrap\"><span class=\"uagb-icon-list__source-icon\"><svg xmlns=\"http:\/\/www.w3.org\/2000\/svg\" viewbox=\"0 0 512 512\"><path d=\"M256 8C119 8 8 119 8 256s111 248 248 248 248-111 248-248S393 8 256 8z\"><\/path><\/svg><\/span><\/span><div class=\"uagb-icon-list__label-wrap\"><span class=\"uagb-icon-list__label\">Gibst du gerne Produktempfehlungen?<\/span><\/div><\/div><\/div>\n\n\n\n<div class=\"wp-block-uagb-icon-list-child uagb-icon-list-repeater uagb-icon-list__wrapper uagb-block-9b3f5fb4-7762-4935-92f5-8d2191a57a37\"><div class=\"uagb-icon-list__content-wrap\"><span class=\"uagb-icon-list__source-wrap\"><span class=\"uagb-icon-list__source-icon\"><svg xmlns=\"http:\/\/www.w3.org\/2000\/svg\" viewbox=\"0 0 512 512\"><path d=\"M256 8C119 8 8 119 8 256s111 248 248 248 248-111 248-248S393 8 256 8z\"><\/path><\/svg><\/span><\/span><div class=\"uagb-icon-list__label-wrap\"><span class=\"uagb-icon-list__label\">Du kennst und liebst die Produkte von Phototheca &#8211; warum nicht zus\u00e4tzlich Geld verdienen, indem du anderen davon erz\u00e4hlst?<\/span><\/div><\/div><\/div>\n<\/div><\/div>\n\n\n\n<p>Falls du auf eine dieser Fragen mit Ja geantwortet hast, dann solltest du dich bei dem Affiliate-Programm von Lunarship anmelden!<\/p>\n\n\n<style id=\"kt-blocks_942d6a-1a\" type=\"text\/css\">.kt-btns_942d6a-1a .kt-btn-wrap-0 {margin-right:5px;}.kt-btns_942d6a-1a .kt-btn-wrap-0 .kt-button {width:280px;color:#ffffff;font-size:26px;background:rgba(0, 208, 132, 1);border-color:rgba(85, 85, 85, 1);}.kt-btns_942d6a-1a .kt-btn-wrap-0 .kt-button:hover, .kt-btns_942d6a-1a .kt-btn-wrap-0 .kt-button:focus {color:#ffffff;border-color:rgba(68, 68, 68, 1);}.kt-btns_942d6a-1a .kt-btn-wrap-0 .kt-button::before {display:none;}.kt-btns_942d6a-1a .kt-btn-wrap-0 .kt-button:hover, .kt-btns_942d6a-1a .kt-btn-wrap-0 .kt-button:focus {background:rgba(4, 136, 88, 1);}<\/style>\n<div class=\"wp-block-kadence-advancedbtn kt-btn-align-center kt-btn-tablet-align-inherit kt-btn-mobile-align-inherit kt-btns-wrap kt-btns_942d6a-1a\"><div class=\"kt-btn-wrap kt-btn-wrap-0\"><a class=\"kt-button button kt-btn-0-action kt-btn-size-standard kt-btn-style-basic kt-btn-svg-show-always kt-btn-has-text-true kt-btn-has-svg-false\" href=\"#\" style=\"border-width:0px\"><span class=\"kt-btn-inner-text\">Jetzt anmelden!<\/span><\/a><\/div><\/div>\n\n\n\n<p>Warum du dich dem Partnerprogramm von Lunarship Software anschlie\u00dfen solltest.<\/p>\n\n\n\n<p>Ein Affiliate zu werden ist die einfache M\u00f6glichkeit, eine Partnerschaft mit Lunarship Software einzugehen und Provisionen f\u00fcr jeden zu verdienen, den du empfiehlst und der Kunde von Lunarship Software wird! Als Affiliate-Partner stellen wir dir Banner und Logos zur Verf\u00fcgung, mit denen Sie auf Ihrer Website, auf deinem Blog oder in deiner Social Media Community f\u00fcr die Produkte von Lunarship Software werben kannst.<\/p>\n\n\n\n<h4>Highlights des Lunarship Software Affiliate-Programms:<\/h4>\n\n\n\n<ul><li>Empfehlungszeitraum: 90 Tage Cookie-Laufzeit <\/li><li>35% Startprovision. <\/li><li>Engagiertes Affiliate-Management <\/li><li>Optimiertes Werbematerial<\/li><\/ul>\n\n\n\n<h2>Wie kannst du starten?<\/h2>\n\n\n\n<p>Es ist ganz einfach: Melde dich bei unserem Affiliate-Programm an, f\u00fcge freigegebenen Affiliate-Banner und Links zu deiner Website oder deinem Blog hinzu und verdiene 35% Provision auf die von dir vermittelten Verk\u00e4ufe! Unsere erfolgreichsten Affiliate-Partner schreiben Produktbewertungen und andere einzigartige Inhalte, um Phototheca online zu bewerben.<\/p>\n\n\n\n<h2>Wie verfolgen wir die Verk\u00e4ufe unserer Affiliates?<\/h2>\n\n\n\n<p>Lunarship Software hat sich mit Impact Radius zusammengetan, um die R\u00fcckverfolgung, die Berichterstattung und die Bezahlung der Affiliates zu \u00fcbernehmen. Du kannst dich jederzeit in dein Lunarship Software Affiliate-Konto einloggen, um deine Statistiken zu \u00fcberpr\u00fcfen, Affiliate-Links, Banner und andere Ressourcen zu erhalten, die dir den Einstieg erleichtern.<br> Du kannst immer noch nicht finden, was du brauchst? wende dich an unseren Affiliate Manager. Er wird dich auf dem Weg dorthin unterst\u00fctzen. <\/p>\n\n\n\n<h2>Was ist das Lunarship Software Affiliate-Programm?<\/h2>\n\n\n\n<p>Das Lunarship Software Partnerprogramm ist die M\u00f6glichkeit f\u00fcr dich, durch Werbung f\u00fcr Lunarship Software Produkte auf deiner Website, auf deinem Blog, in deinem Newsletter oder in deiner Community auf sozialen Netzwerken Geld zu verdienen. F\u00fcr jede Person, auf die du weiterleitest, die einen Kauf abschlie\u00dft, verdienst du eine Provision f\u00fcr die Transaktion.<\/p>\n\n\n\n<h2>Wo kann ich mich am Lunarship Software Affiliate Programm anmelden?<\/h2>\n\n\n\n<p><a href=\"http:\/\/member.impactradius.com\/campaign-campaign-info\/Phototheca-photo-organizing-software-for-PC.brand\">Hier<\/a> kannst du dem Affiliate-Programm von Lunarship Software beitreten. Wir pr\u00fcfen alle Antr\u00e4ge pers\u00f6nlich und sobald dein Antrag genehmigt wird, senden wir dir eine E-Mail mit Bannern und deinen Affiliate-Links, damit du sie auf deiner Website hinzuf\u00fcgen kannst. Genehmigte Affiliates k\u00f6nnen sich auch in Ihr Affiliate-Konto auf Impact Radius <a href=\"https:\/\/member.impactradius.com\/ir\/login.user\">einloggen<\/a> und erhalten dort Zugang zu Bannern und Textlinks.<\/p>\n\n\n\n<h2>Was kostet das und was brauche ich?<\/h2>\n\n\n\n<p>Es kostet absolut nichts, ein Affiliate-Partner zu werden, und man kann seine Affiliate-Beziehung jederzeit beenden.<\/p>\n\n\n\n<h2>Was brauche ich, um genehmigt zu werden?<\/h2>\n\n\n\n<p>Wir pr\u00fcfen jeden Antrag sorgf\u00e4ltig, um sicherzustellen, dass du unsere Programmbedingungen erf\u00fcllst. Wir k\u00f6nnen nicht alle Affiliates f\u00fcr das Programm genehmigen, allerdings suchen wir nach Affiliate-Partnern, die eine Website oder einen Blog haben, die f\u00fcr die Produkte von Lunarship Software und Windows-Software relevant sind. Wir behalten uns das Recht vor, jede Website abzulehnen, die anst\u00f6\u00dfiges Material, einschlie\u00dflich expliziter Sprache oder Inhalte, oder Unterst\u00fctzung f\u00fcr gewaltt\u00e4tige oder diskriminierende Gruppen enth\u00e4lt. Wir werden alle genehmigten Partner entfernen, die gegen unsere Gesch\u00e4ftsbedingungen versto\u00dfen oder an Aktivit\u00e4ten teilnehmen, die sich negativ auf Lunarship Software oder Produktmarken auswirken k\u00f6nnten.<\/p>\n\n\n\n<h2>Kann ich den Namen und das Logo von Lunarship Software auf meiner Website verwenden?<\/h2>\n\n\n\n<p>Du kannst nur genehmigte, verf\u00fcgbare Produkte aus dem Partnerprogramm verwenden. Es ist nicht erlaubt, unsere Logos oder genehmigte Werbemittel in irgendeiner Weise zu ver\u00e4ndern. Die freigegebenen Banner und Werbemittel findest du im Interface von Impact Radius. Diese Elemente werden regelm\u00e4\u00dfig aktualisiert und enthalten aktuelle Werbeaktionen und Informationen.<\/p>\n\n\n\n<h2>Wie viel kann ich verdienen?<\/h2>\n\n\n\n<p>Sky is the limit &#8211; Affiliates verdienen 35 % Provision f\u00fcr jeden vermittelten Verkauf, der bei einem Klick durch Ihre Website, Ihren Blog, Ihren Newsletter oder Ihre Community in sozialen Netzwerken erfolgt. Wie viel du verdienst, h\u00e4ngt also davon ab, wie viele der von dir vermittelten Besucher einen Kauf abschlie\u00dfen.<\/p>\n\n\n\n<h2>Woher wei\u00df ich, wie viel ich verdient habe?<\/h2>\n\n\n\n<p>Um es f\u00fcr die Affiliates einfacher zu machen, f\u00fchrt Lunarship Software das Affiliate-Programm \u00fcber Impact Radius durch. Du kannst dich dort jederzeit <a href=\"https:\/\/member.impactradius.com\/ir\/login.user\">einloggen<\/a> und deine Verkaufsleistung sowie die verdienten Provisionen einsehen.<\/p>\n\n\n\n<h2>Wann und wie werde ich bezahlt?<\/h2>\n\n\n\n<p>Die Provisionen der Partner werden \u00fcber Impact Radius ausbezahlt. Du hast die Wahl zwischen verschiedenen Zahlungsmethoden: ACH, Scheck und internationaler elektronischer Geldtransfer. Die Provisionen werden monatlich ausgezahlt und falls du die Auszahlungsschwelle nicht erreichst, wird deine verdiente Provision auf die folgenden Monate \u00fcbertragen, bis die Auszahlungsschwelle erreicht ist.<\/p>\n\n\n\n<h2>Was sind meine Verpflichtungen als Affiliate-Partner und Mitglied des Affiliate-Programms?<\/h2>\n\n\n\n<p>Als Partner und Mitglied des Lunarship Software Affiliate Programms repr\u00e4sentierst du die Marke Lunarship Software, deshalb bist du f\u00fcr Folgendes verantwortlich:<\/p>\n\n\n\n<ul><li>F\u00fcge deine Lunarship Software-Partnerlinks innerhalb von 7 Tagen nach der Genehmigung f\u00fcr das Programm auf deiner Website oder in deinem Blog ein. <\/li><\/ul>\n\n\n\n<ul><li>Gib den Bannern von Lunarship Software auf deiner Website, deinem Blog, deinem Newsletter oder deiner Erw\u00e4hnung in deinen sozialen Netzwerken mehr Aufmerksamkeit und Sichtbarkeit.<\/li><\/ul>\n\n\n\n<ul><li>Achte darauf, dass der Inhalt deiner Website angemessen, aktuell und relevant ist, um mit der Lunarship-Software in Verbindung gebracht zu werden. <\/li><\/ul>\n\n\n\n<ul><li>Verwende die freigegebenen Banner und Links, um eine genaue Nachverfolgung zu gew\u00e4hrleisten, damit wir deine Verk\u00e4ufe zuordnen und dir die verdienten Provisionen auszahlen k\u00f6nnen. <\/li><\/ul>\n\n\n\n<h2>Wo kann ich zus\u00e4tzliche Informationen \u00fcber Lunarship Software finden?<\/h2>\n\n\n\n<p>Weitere Informationen \u00fcber Lunarship Software findest du unter &nbsp;<a href=\"https:\/\/lunarship.com\/\">www.Lunarship.com<\/a><\/p>\n\n\n\n<h2>Wen kann ich ansprechen, wenn ich zus\u00e4tzliche Fragen habe?<\/h2>\n\n\n\n<p>Solltest du Fragen haben, z\u00f6gere bitte nicht, dich \u00fcber Impact Radius mit unserem Affiliate-Manager in Verbindung zu setzen. Wir beantworten gerne alle deine Fragen und unterst\u00fctzen dich dabei, erfolgreich als Affiliate-Partner von Lunarship Software zu sein.<\/p>\n\n\n<style id=\"kt-blocks_3b6f0e-fe\" type=\"text\/css\">.kt-btns_3b6f0e-fe .kt-btn-wrap-0 {margin-right:5px;}.kt-btns_3b6f0e-fe .kt-btn-wrap-0 .kt-button {width:280px;color:#ffffff;font-size:26px;background:rgba(0, 208, 132, 1);border-color:rgba(85, 85, 85, 1);}.kt-btns_3b6f0e-fe .kt-btn-wrap-0 .kt-button:hover, .kt-btns_3b6f0e-fe .kt-btn-wrap-0 .kt-button:focus {color:#ffffff;border-color:rgba(68, 68, 68, 1);}.kt-btns_3b6f0e-fe .kt-btn-wrap-0 .kt-button::before {display:none;}.kt-btns_3b6f0e-fe .kt-btn-wrap-0 .kt-button:hover, .kt-btns_3b6f0e-fe .kt-btn-wrap-0 .kt-button:focus {background:rgba(4, 136, 88, 1);}<\/style>\n<div class=\"wp-block-kadence-advancedbtn kt-btn-align-center kt-btn-tablet-align-inherit kt-btn-mobile-align-inherit kt-btns-wrap kt-btns_3b6f0e-fe\"><div class=\"kt-btn-wrap kt-btn-wrap-0\"><a class=\"kt-button button kt-btn-0-action kt-btn-size-standard kt-btn-style-basic kt-btn-svg-show-always kt-btn-has-text-true kt-btn-has-svg-false\" href=\"#\" style=\"border-width:0px\"><span class=\"kt-btn-inner-text\">Jetzt anmelden!<\/span><\/a><\/div><\/div>\n","protected":false},"excerpt":{"rendered":"<p>Melde dich beim Lunarship Software Affiliate Programm an Falls du auf eine dieser Fragen mit Ja geantwortet hast, dann solltest du dich bei dem Affiliate-Programm von Lunarship anmelden! Warum du dich dem Partnerprogramm von Lunarship Software anschlie\u00dfen solltest. Ein Affiliate zu werden ist die einfache M\u00f6glichkeit, eine Partnerschaft mit Lunarship Software einzugehen und Provisionen f\u00fcr &hellip;<\/p>\n<p class=\"read-more\"> <a class=\"\" href=\"https:\/\/lunarship.com\/de\/affiliates\/\"> <span class=\"screen-reader-text\">Affiliates<\/span> Read More \u00bb<\/a><\/p>\n","protected":false},"author":1,"featured_media":0,"parent":0,"menu_order":0,"comment_status":"closed","ping_status":"closed","template":"","meta":{"ub_ctt_via":"","kt_blocks_editor_width":""},"featured_image_src":null,"uagb_featured_image_src":{"full":false,"thumbnail":false,"medium":false,"medium_large":false,"large":false,"1536x1536":false,"2048x2048":false},"uagb_author_info":{"display_name":"adm1n1sTraToR","author_link":"https:\/\/lunarship.com\/de\/author\/adm1n1strator\/"},"uagb_comment_info":0,"uagb_excerpt":"Melde dich beim Lunarship Software Affiliate Programm an Falls du auf eine dieser Fragen mit Ja geantwortet hast, dann solltest du dich bei dem Affiliate-Programm von Lunarship anmelden! Warum du dich dem Partnerprogramm von Lunarship Software anschlie\u00dfen solltest. Ein Affiliate zu werden ist die einfache M\u00f6glichkeit, eine Partnerschaft mit Lunarship Software einzugehen und Provisionen f\u00fcr&hellip;","_links":{"self":[{"href":"https:\/\/lunarship.com\/de\/wp-json\/wp\/v2\/pages\/815"}],"collection":[{"href":"https:\/\/lunarship.com\/de\/wp-json\/wp\/v2\/pages"}],"about":[{"href":"https:\/\/lunarship.com\/de\/wp-json\/wp\/v2\/types\/page"}],"author":[{"embeddable":true,"href":"https:\/\/lunarship.com\/de\/wp-json\/wp\/v2\/users\/1"}],"replies":[{"embeddable":true,"href":"https:\/\/lunarship.com\/de\/wp-json\/wp\/v2\/comments?post=815"}],"version-history":[{"count":0,"href":"https:\/\/lunarship.com\/de\/wp-json\/wp\/v2\/pages\/815\/revisions"}],"wp:attachment":[{"href":"https:\/\/lunarship.com\/de\/wp-json\/wp\/v2\/media?parent=815"}],"curies":[{"name":"wp","href":"https:\/\/api.w.org\/{rel}","templated":true}]}}