{"id":820,"date":"2020-03-23T20:59:48","date_gmt":"2020-03-23T20:59:48","guid":{"rendered":"https:\/\/lunarship.com\/?page_id=820"},"modified":"2020-05-27T19:47:15","modified_gmt":"2020-05-27T19:47:15","slug":"download","status":"publish","type":"page","link":"https:\/\/lunarship.com\/de\/download\/","title":{"rendered":"Download"},"content":{"rendered":"\n<h1 id=\"kt-adv-heading_87247a-9e\" class=\"kt-adv-heading_87247a-9e wp-block-kadence-advancedheading\" style=\"text-align:center\">Phototheca herunterladen<\/h1>\n\n\n\n<p class=\"has-text-align-center\">Verwalten, Erstellen und Teilen von digitalen Fotos und Videos<\/p>\n\n\n\n<section class=\"wp-block-uagb-columns uagb-columns__wrap uagb-columns__background-undefined uagb-columns__stack-mobile uagb-columns__valign-undefined uagb-columns__gap-10 alignundefined uagb-block-1c4998df-93af-41d7-9959-50228b25ecac\"><div class=\"uagb-columns__overlay\"><\/div><div class=\"uagb-columns__inner-wrap uagb-columns__columns-3\">\n<div class=\"wp-block-uagb-column uagb-column__wrap uagb-column__background-undefined uagb-block-36f150ff-b53d-4aa5-8bc2-0661e5616d54\"><div class=\"uagb-column__overlay\"><\/div><div class=\"uagb-column__inner-wrap\">\n<figure class=\"wp-block-image size-large is-resized\"><img src=\"https:\/\/lunarship.com\/wp-content\/uploads\/2020\/03\/box-free-edition.png\" alt=\"\" class=\"wp-image-1926\" width=\"146\" height=\"149\"\/><\/figure>\n<\/div><\/div>\n\n\n\n<div class=\"wp-block-uagb-column uagb-column__wrap uagb-column__background-undefined uagb-block-ba943c37-979c-491f-a60e-89198b6e09bc\"><div class=\"uagb-column__overlay\"><\/div><div class=\"uagb-column__inner-wrap\">\n<h2 id=\"kt-adv-heading_654dce-82\" class=\"kt-adv-heading_654dce-82 wp-block-kadence-advancedheading\">Phototheca Free<\/h2>\n\n\n\n<p>Eine einfache Version mit einigen Einschr\u00e4nkungen zum Ausprobieren vor dem Kauf.<\/p>\n<\/div><\/div>\n\n\n\n<div class=\"wp-block-uagb-column uagb-column__wrap uagb-column__background-undefined uagb-block-b4669c57-7da9-4a6d-82e6-d49a511ba2fb\"><div class=\"uagb-column__overlay\"><\/div><div class=\"uagb-column__inner-wrap\"><style id=\"kt-blocks_c49e0d-0b\" type=\"text\/css\">.kt-btns_c49e0d-0b .kt-btn-wrap-0 {margin-right:5px;}.kt-btns_c49e0d-0b .kt-btn-wrap-0 .kt-button {width:180px;color:#ffffff;font-size:24px;background:linear-gradient(90deg, rgba(58, 88, 212, 1) 0%, rgba(173, 119, 240, 1) 100%);border-color:rgba(85, 85, 85, 1);box-shadow:0px 4px 15px 2px rgba(40, 43, 221, 0.2);}.kt-btns_c49e0d-0b .kt-btn-wrap-0 .kt-button:hover, .kt-btns_c49e0d-0b .kt-btn-wrap-0 .kt-button:focus {color:#ffffff;border-color:rgba(47, 106, 207, 1);}.kt-btns_c49e0d-0b .kt-btn-wrap-0 .kt-button::before {background:rgba(47, 106, 207, 1);}<\/style>\n<div class=\"wp-block-kadence-advancedbtn kt-btn-align-center kt-btn-tablet-align-inherit kt-btn-mobile-align-inherit kt-btns-wrap kt-btns_c49e0d-0b margintop60\"><div class=\"kt-btn-wrap kt-btn-wrap-0\"><a class=\"kt-button button kt-btn-0-action kt-btn-size-small kt-btn-style-basic kt-btn-svg-show-always kt-btn-has-text-true kt-btn-has-svg-false\" href=\"https:\/\/lunarship.s3.us-east-1.amazonaws.com\/builds\/Phototheca-2025.10.18.4365.exe\" style=\"border-radius:6px;border-width:0px\"><span class=\"kt-btn-inner-text\">Herunterladen<\/span><\/a><\/div><\/div>\n<\/div><\/div>\n<\/div><\/section>\n\n\n\n<section class=\"wp-block-uagb-columns uagb-columns__wrap uagb-columns__background-undefined uagb-columns__stack-mobile uagb-columns__valign-undefined uagb-columns__gap-10 alignundefined uagb-block-224e3071-d0e3-4770-bf14-2389cc09c538\"><div class=\"uagb-columns__overlay\"><\/div><div class=\"uagb-columns__inner-wrap uagb-columns__columns-3\">\n<div class=\"wp-block-uagb-column uagb-column__wrap uagb-column__background-undefined uagb-block-7c0fc5f2-71d3-4809-9d9f-4eb9a165a682\"><div class=\"uagb-column__overlay\"><\/div><div class=\"uagb-column__inner-wrap\">\n<figure class=\"wp-block-image size-large is-resized\"><img src=\"https:\/\/lunarship.com\/wp-content\/uploads\/2020\/03\/box-pro-edition-150x150.png\" alt=\"\" class=\"wp-image-378\" width=\"150\" height=\"150\" srcset=\"https:\/\/lunarship.com\/wp-content\/uploads\/2020\/03\/box-pro-edition-150x150.png 150w, https:\/\/lunarship.com\/wp-content\/uploads\/2020\/03\/box-pro-edition.png 200w\" sizes=\"(max-width: 150px) 100vw, 150px\" \/><\/figure>\n<\/div><\/div>\n\n\n\n<div class=\"wp-block-uagb-column uagb-column__wrap uagb-column__background-undefined uagb-block-c6b9152e-89ec-4eca-8f7b-46809f8187a0\"><div class=\"uagb-column__overlay\"><\/div><div class=\"uagb-column__inner-wrap\">\n<h2 id=\"kt-adv-heading_b3c17d-8a\" class=\"kt-adv-heading_b3c17d-8a wp-block-kadence-advancedheading\">Phototheca Pro<\/h2>\n\n\n\n<p>Erweiterte Version mit mehr Funktionen und M\u00f6glichkeiten.<br>Diese Version erfordert den Kauf und die Aktivierung.<\/p>\n\n\n\n<p><\/p>\n<\/div><\/div>\n\n\n\n<div class=\"wp-block-uagb-column uagb-column__wrap uagb-column__background-undefined uagb-block-f9526430-5349-4cb8-9277-706d2723d2c6\"><div class=\"uagb-column__overlay\"><\/div><div class=\"uagb-column__inner-wrap\"><style id=\"kt-blocks_c49e0d-0b\" type=\"text\/css\">.kt-btns_c49e0d-0b .kt-btn-wrap-0 {margin-right:5px;}.kt-btns_c49e0d-0b .kt-btn-wrap-0 .kt-button {width:180px;color:#ffffff;font-size:24px;background:linear-gradient(90deg, rgba(58, 88, 212, 1) 0%, rgba(173, 119, 240, 1) 100%);border-color:rgba(85, 85, 85, 1);box-shadow:0px 4px 15px 2px rgba(40, 43, 221, 0.2);}.kt-btns_c49e0d-0b .kt-btn-wrap-0 .kt-button:hover, .kt-btns_c49e0d-0b .kt-btn-wrap-0 .kt-button:focus {color:#ffffff;border-color:rgba(47, 106, 207, 1);}.kt-btns_c49e0d-0b .kt-btn-wrap-0 .kt-button::before {background:rgba(47, 106, 207, 1);}<\/style>\n<div class=\"wp-block-kadence-advancedbtn kt-btn-align-center kt-btn-tablet-align-inherit kt-btn-mobile-align-inherit kt-btns-wrap kt-btns_c49e0d-0b margintop60\"><div class=\"kt-btn-wrap kt-btn-wrap-0\"><a class=\"kt-button button kt-btn-0-action kt-btn-size-small kt-btn-style-basic kt-btn-svg-show-always kt-btn-has-text-true kt-btn-has-svg-false\" href=\"https:\/\/lunarship.s3.us-east-1.amazonaws.com\/builds\/Phototheca-2025.10.18.4365.exe\" style=\"border-radius:6px;border-width:0px\"><span class=\"kt-btn-inner-text\">Herunterladen<\/span><\/a><\/div><\/div>\n<\/div><\/div>\n<\/div><\/section>\n\n\n\n<section class=\"wp-block-uagb-columns uagb-columns__wrap uagb-columns__background-undefined uagb-columns__stack-mobile uagb-columns__valign-undefined uagb-columns__gap-10 alignundefined uagb-block-2436dab4-cf08-45b5-a614-5967ae932b43\"><div class=\"uagb-columns__overlay\"><\/div><div class=\"uagb-columns__inner-wrap uagb-columns__columns-3\">\n<div class=\"wp-block-uagb-column uagb-column__wrap uagb-column__background-undefined uagb-block-103e66e5-5556-4a25-bf9c-9f26ce14c584\"><div class=\"uagb-column__overlay\"><\/div><div class=\"uagb-column__inner-wrap\">\n<figure class=\"wp-block-image size-large is-resized\"><img src=\"https:\/\/lunarship.com\/wp-content\/uploads\/2020\/03\/box-premium-edition-150x150.png\" alt=\"\" class=\"wp-image-381\" width=\"150\" height=\"150\" srcset=\"https:\/\/lunarship.com\/wp-content\/uploads\/2020\/03\/box-premium-edition-150x150.png 150w, https:\/\/lunarship.com\/wp-content\/uploads\/2020\/03\/box-premium-edition.png 200w\" sizes=\"(max-width: 150px) 100vw, 150px\" \/><\/figure>\n<\/div><\/div>\n\n\n\n<div class=\"wp-block-uagb-column uagb-column__wrap uagb-column__background-undefined uagb-block-a7351e36-2781-4b3a-8bd8-cfce0fb28332\"><div class=\"uagb-column__overlay\"><\/div><div class=\"uagb-column__inner-wrap\">\n<h2 id=\"kt-adv-heading_b91f7b-4c\" class=\"kt-adv-heading_b91f7b-4c wp-block-kadence-advancedheading\">Phototheca Premium<\/h2>\n\n\n\n<p>Die umfangreichste Version von Phototheca. Sie enth\u00e4lt alle Funktionen von Pro plus zus\u00e4tzliche Bearbeitungsm\u00f6glichkeiten und die unbegrenzte Gr\u00f6\u00dfe der Bibliothek. Sie erfordert den Kauf und die Aktivierung.<\/p>\n<\/div><\/div>\n\n\n\n<div class=\"wp-block-uagb-column uagb-column__wrap uagb-column__background-undefined uagb-block-bda3ce42-7af9-4259-909e-11874f000775\"><div class=\"uagb-column__overlay\"><\/div><div class=\"uagb-column__inner-wrap\"><style id=\"kt-blocks_c49e0d-0b\" type=\"text\/css\">.kt-btns_c49e0d-0b .kt-btn-wrap-0 {margin-right:5px;}.kt-btns_c49e0d-0b .kt-btn-wrap-0 .kt-button {width:180px;color:#ffffff;font-size:24px;background:linear-gradient(90deg, rgba(58, 88, 212, 1) 0%, rgba(173, 119, 240, 1) 100%);border-color:rgba(85, 85, 85, 1);box-shadow:0px 4px 15px 2px rgba(40, 43, 221, 0.2);}.kt-btns_c49e0d-0b .kt-btn-wrap-0 .kt-button:hover, .kt-btns_c49e0d-0b .kt-btn-wrap-0 .kt-button:focus {color:#ffffff;border-color:rgba(47, 106, 207, 1);}.kt-btns_c49e0d-0b .kt-btn-wrap-0 .kt-button::before {background:rgba(47, 106, 207, 1);}<\/style>\n<div class=\"wp-block-kadence-advancedbtn kt-btn-align-center kt-btn-tablet-align-inherit kt-btn-mobile-align-inherit kt-btns-wrap kt-btns_c49e0d-0b margintop60\"><div class=\"kt-btn-wrap kt-btn-wrap-0\"><a class=\"kt-button button kt-btn-0-action kt-btn-size-small kt-btn-style-basic kt-btn-svg-show-always kt-btn-has-text-true kt-btn-has-svg-false\" href=\"https:\/\/lunarship.s3.us-east-1.amazonaws.com\/builds\/Phototheca-2025.10.18.4365.exe\" style=\"border-radius:6px;border-width:0px\"><span class=\"kt-btn-inner-text\">Herunterladen<\/span><\/a><\/div><\/div>\n<\/div><\/div>\n<\/div><\/section>\n","protected":false},"excerpt":{"rendered":"<p>Phototheca herunterladen Verwalten, Erstellen und Teilen von digitalen Fotos und Videos<\/p>\n","protected":false},"author":1,"featured_media":0,"parent":0,"menu_order":0,"comment_status":"closed","ping_status":"closed","template":"","meta":{"ub_ctt_via":"","kt_blocks_editor_width":""},"featured_image_src":null,"uagb_featured_image_src":{"full":false,"thumbnail":false,"medium":false,"medium_large":false,"large":false,"1536x1536":false,"2048x2048":false},"uagb_author_info":{"display_name":"adm1n1sTraToR","author_link":"https:\/\/lunarship.com\/de\/author\/adm1n1strator\/"},"uagb_comment_info":0,"uagb_excerpt":"Phototheca herunterladen Verwalten, Erstellen und Teilen von digitalen Fotos und Videos","_links":{"self":[{"href":"https:\/\/lunarship.com\/de\/wp-json\/wp\/v2\/pages\/820"}],"collection":[{"href":"https:\/\/lunarship.com\/de\/wp-json\/wp\/v2\/pages"}],"about":[{"href":"https:\/\/lunarship.com\/de\/wp-json\/wp\/v2\/types\/page"}],"author":[{"embeddable":true,"href":"https:\/\/lunarship.com\/de\/wp-json\/wp\/v2\/users\/1"}],"replies":[{"embeddable":true,"href":"https:\/\/lunarship.com\/de\/wp-json\/wp\/v2\/comments?post=820"}],"version-history":[{"count":0,"href":"https:\/\/lunarship.com\/de\/wp-json\/wp\/v2\/pages\/820\/revisions"}],"wp:attachment":[{"href":"https:\/\/lunarship.com\/de\/wp-json\/wp\/v2\/media?parent=820"}],"curies":[{"name":"wp","href":"https:\/\/api.w.org\/{rel}","templated":true}]}}