{"id":847,"date":"2020-03-24T16:49:11","date_gmt":"2020-03-24T16:49:11","guid":{"rendered":"https:\/\/lunarship.com\/?page_id=847"},"modified":"2023-12-14T18:49:01","modified_gmt":"2023-12-14T18:49:01","slug":"thank-you-for-downloading-phototheca","status":"publish","type":"page","link":"https:\/\/lunarship.com\/de\/thank-you-for-downloading-phototheca\/","title":{"rendered":"Thank you for downloading Phototheca"},"content":{"rendered":"\n<div class=\"wp-block-columns\">\n<div class=\"wp-block-column\" style=\"flex-basis:25%\">\n<div class=\"wp-block-image\"><figure class=\"alignright size-large\"><img width=\"80\" height=\"83\" src=\"https:\/\/lunarship.com\/wp-content\/uploads\/2020\/03\/phototheca-logo-80.png\" alt=\"\" class=\"wp-image-853\"\/><\/figure><\/div>\n<\/div>\n\n\n\n<div class=\"wp-block-column\" style=\"flex-basis:75%\">\n<h1 id=\"kt-adv-heading_9929af-d0\" class=\"kt-adv-heading_9929af-d0 wp-block-kadence-advancedheading\" style=\"text-align:left;margin-top:11px\">Vielen Dank f\u00fcr das Herunterladen von Phototheca<\/h1>\n<\/div>\n<\/div>\n\n\n\n<section class=\"wp-block-uagb-section uagb-section__wrap uagb-section__background-undefined uagb-block-1ee36db0\"><div class=\"uagb-section__overlay\"><\/div><div class=\"uagb-section__inner-wrap\">\n<p class=\"has-text-align-center has-medium-font-size\">Jetzt, da Sie Phototheca heruntergeladen haben, sind Sie nur noch wenige Schritte davon entfernt, eine beeindruckende Fotosammlung zu erstellen und sie auf Ihrem PC zu genie\u00dfen.<\/p>\n\n\n\n<p class=\"has-medium-font-size\">Falls der Download nicht automatisch startet, klicken Sie auf den folgenden Link <\/p>\n\n\n\n<p class=\"has-medium-font-size\"><a href=\"https:\/\/lunarship.s3.amazonaws.com\/builds\/Phototheca-2023.12.10.4276.exe\">Phototheca Free herunterladen<\/a><\/p>\n\n\n\n<div class=\"wp-block-image\"><figure class=\"aligncenter size-large\"><img width=\"1024\" height=\"1\" src=\"https:\/\/lunarship.com\/wp-content\/uploads\/2020\/02\/divider_line_1divider_line-1024x1.png\" alt=\"\" class=\"wp-image-281\" srcset=\"https:\/\/lunarship.com\/wp-content\/uploads\/2020\/02\/divider_line_1divider_line-1024x1.png 1024w, https:\/\/lunarship.com\/wp-content\/uploads\/2020\/02\/divider_line_1divider_line-300x1.png 300w, https:\/\/lunarship.com\/wp-content\/uploads\/2020\/02\/divider_line_1divider_line-150x1.png 150w, https:\/\/lunarship.com\/wp-content\/uploads\/2020\/02\/divider_line_1divider_line-768x1.png 768w, https:\/\/lunarship.com\/wp-content\/uploads\/2020\/02\/divider_line_1divider_line.png 1120w\" sizes=\"(max-width: 1024px) 100vw, 1024px\" \/><\/figure><\/div>\n\n\n\n<section class=\"wp-block-uagb-columns uagb-columns__wrap uagb-columns__background-undefined uagb-columns__stack-mobile uagb-columns__valign-undefined uagb-columns__gap-10 alignundefined uagb-block-b672f173\"><div class=\"uagb-columns__overlay\"><\/div><div class=\"uagb-columns__inner-wrap uagb-columns__columns-2\">\n<div class=\"wp-block-uagb-column uagb-column__wrap uagb-column__background-undefined uagb-block-45e59775\"><div class=\"uagb-column__overlay\"><\/div><div class=\"uagb-column__inner-wrap\">\n<h2 class=\"has-text-align-center\">Schalten Sie die Zusatzfunktionen mit Premium frei<\/h2>\n\n\n\n<p>\u25cf Kommerzielle Nutzung von Phototheca an Ihrem Arbeitsplatz.<\/p>\n\n\n\n<p>\u25cf Unbegrenzte Gr\u00f6\u00dfe der Bibliothek (bis zu 5.000 Bilder in Phototheca Free)<\/p>\n\n\n\n<p>\u25cf Unbegrenzte Anzahl von freigegebenen Web-Alben<\/p>\n\n\n\n<p>\u25cf Unterst\u00fctzung f\u00fcr iPhone und iPad. Fotos direkt von Apple-Ger\u00e4ten importieren<\/p>\n\n\n\n<p>\u25cf Vergessene Passw\u00f6rter von Safeboxen wiederherstellen<\/p>\n\n\n\n<p>\u25cf Werkzeuge zur Fotobearbeitung<\/p>\n\n\n\n<p>\u25cf Vorrangige Unterst\u00fctzung<\/p>\n<\/div><\/div>\n\n\n\n<div class=\"wp-block-uagb-column uagb-column__wrap uagb-column__background-undefined uagb-block-1017f001\"><div class=\"uagb-column__overlay\"><\/div><div class=\"uagb-column__inner-wrap\">\n<h2 class=\"has-text-align-center\">Erfahren Sie, wie man anf\u00e4ngt<\/h2>\n\n\n\n<p>Lesen Sie <a href=\"https:\/\/lunarship.com\/de\/how-to-start-organizing-photos\/\">Wie man mit der Organisation beginnt<\/a> oder sehen Sie sich unser <a href=\"\/manual\/\">Phototheca Benutzerhandbuch<\/a>  an, um zu erfahren, wie Sie die Software verwenden k\u00f6nnen. <\/p>\n<\/div><\/div>\n<\/div><\/section>\n\n\n<style id=\"kt-blocks_07f9c2-9f\" type=\"text\/css\">.kt-btns_07f9c2-9f .kt-btn-wrap-0 {margin-right:5px;}.kt-btns_07f9c2-9f .kt-btn-wrap-0 .kt-button {width:300px;color:#ffffff;font-size:24px;background:linear-gradient(90deg, rgba(14, 214, 78, 1) 0%, rgba(6, 170, 195, 1) 100%);border-color:rgba(85, 85, 85, 1);box-shadow:0px 4px 15px 6px rgba(40, 43, 221, 0.2);}.kt-btns_07f9c2-9f .kt-btn-wrap-0 .kt-button:hover, .kt-btns_07f9c2-9f .kt-btn-wrap-0 .kt-button:focus {color:#ffffff;border-color:rgba(14, 214, 78, 1);}.kt-btns_07f9c2-9f .kt-btn-wrap-0 .kt-button::before {background:rgba(14, 214, 78, 1);}<\/style>\n<div class=\"wp-block-kadence-advancedbtn kt-btn-align-center kt-btn-tablet-align-inherit kt-btn-mobile-align-inherit kt-btns-wrap kt-btns_07f9c2-9f\"><div class=\"kt-btn-wrap kt-btn-wrap-0\"><a class=\"kt-button button kt-btn-0-action kt-btn-size-standard kt-btn-style-basic kt-btn-svg-show-always kt-btn-has-text-true kt-btn-has-svg-false\" href=\"https:\/\/lunarship.com\/pricing\/\" style=\"border-radius:6px;border-width:0px\"><span class=\"kt-btn-inner-text\">Phototheca Pro kaufen<\/span><\/a><\/div><\/div>\n<\/div><\/section>\n\n\n\n<figure class=\"wp-block-image size-large\"><img width=\"1024\" height=\"1\" src=\"https:\/\/lunarship.com\/wp-content\/uploads\/2020\/02\/divider_line_1divider_line-1024x1.png\" alt=\"\" class=\"wp-image-281\" srcset=\"https:\/\/lunarship.com\/wp-content\/uploads\/2020\/02\/divider_line_1divider_line-1024x1.png 1024w, https:\/\/lunarship.com\/wp-content\/uploads\/2020\/02\/divider_line_1divider_line-300x1.png 300w, https:\/\/lunarship.com\/wp-content\/uploads\/2020\/02\/divider_line_1divider_line-150x1.png 150w, https:\/\/lunarship.com\/wp-content\/uploads\/2020\/02\/divider_line_1divider_line-768x1.png 768w, https:\/\/lunarship.com\/wp-content\/uploads\/2020\/02\/divider_line_1divider_line.png 1120w\" sizes=\"(max-width: 1024px) 100vw, 1024px\" \/><\/figure>\n","protected":false},"excerpt":{"rendered":"","protected":false},"author":1,"featured_media":0,"parent":0,"menu_order":0,"comment_status":"closed","ping_status":"closed","template":"","meta":{"ub_ctt_via":"","kt_blocks_editor_width":""},"featured_image_src":null,"uagb_featured_image_src":{"full":false,"thumbnail":false,"medium":false,"medium_large":false,"large":false,"1536x1536":false,"2048x2048":false},"uagb_author_info":{"display_name":"adm1n1sTraToR","author_link":"https:\/\/lunarship.com\/de\/author\/adm1n1strator\/"},"uagb_comment_info":0,"uagb_excerpt":null,"_links":{"self":[{"href":"https:\/\/lunarship.com\/de\/wp-json\/wp\/v2\/pages\/847"}],"collection":[{"href":"https:\/\/lunarship.com\/de\/wp-json\/wp\/v2\/pages"}],"about":[{"href":"https:\/\/lunarship.com\/de\/wp-json\/wp\/v2\/types\/page"}],"author":[{"embeddable":true,"href":"https:\/\/lunarship.com\/de\/wp-json\/wp\/v2\/users\/1"}],"replies":[{"embeddable":true,"href":"https:\/\/lunarship.com\/de\/wp-json\/wp\/v2\/comments?post=847"}],"version-history":[{"count":25,"href":"https:\/\/lunarship.com\/de\/wp-json\/wp\/v2\/pages\/847\/revisions"}],"predecessor-version":[{"id":4167,"href":"https:\/\/lunarship.com\/de\/wp-json\/wp\/v2\/pages\/847\/revisions\/4167"}],"wp:attachment":[{"href":"https:\/\/lunarship.com\/de\/wp-json\/wp\/v2\/media?parent=847"}],"curies":[{"name":"wp","href":"https:\/\/api.w.org\/{rel}","templated":true}]}}