{"id":859,"date":"2020-03-03T20:47:40","date_gmt":"2020-03-03T20:47:40","guid":{"rendered":"https:\/\/lunarship.com\/?page_id=859"},"modified":"2021-08-03T19:28:29","modified_gmt":"2021-08-03T19:28:29","slug":"pricing","status":"publish","type":"page","link":"https:\/\/lunarship.com\/de\/pricing\/","title":{"rendered":"Pricing"},"content":{"rendered":"\n<h1 id=\"kt-adv-heading_5b790f-e8\" class=\"kt-adv-heading_5b790f-e8 wp-block-kadence-advancedheading\" style=\"text-align:center\">Phototheca-Preise<\/h1>\n\n\n\n<section class=\"wp-block-uagb-section uagb-section__wrap uagb-section__background-undefined uagb-block-94d535df-da74-4bf4-837c-34ac008f8ab7\"><div class=\"uagb-section__overlay\"><\/div><div class=\"uagb-section__inner-wrap\">\n<section class=\"wp-block-uagb-columns uagb-columns__wrap uagb-columns__background-undefined uagb-columns__stack-mobile uagb-columns__valign-undefined uagb-columns__gap-10 alignundefined uagb-block-4854b771-56b5-4a77-b893-3b128440ac77\"><div class=\"uagb-columns__overlay\"><\/div><div class=\"uagb-columns__inner-wrap uagb-columns__columns-1\">\n<div class=\"wp-block-uagb-column uagb-column__wrap uagb-column__background-undefined uagb-block-29ec200e-0d48-402b-a549-1524ced4f307\"><div class=\"uagb-column__overlay\"><\/div><div class=\"uagb-column__inner-wrap\">\n<h2 id=\"kt-adv-heading_63efb0-6e\" class=\"kt-adv-heading_63efb0-6e wp-block-kadence-advancedheading has-black-color\" style=\"text-align:left\">Ihr Plan beinhaltet<\/h2>\n\n\n\n<section class=\"wp-block-uagb-columns uagb-columns__wrap uagb-columns__background-undefined uagb-columns__stack-mobile uagb-columns__valign-undefined uagb-columns__gap-10 alignundefined uagb-block-666053c0-cce7-42d1-99a6-3429af04cc1a\"><div class=\"uagb-columns__overlay\"><\/div><div class=\"uagb-columns__inner-wrap uagb-columns__columns-2\">\n<div class=\"wp-block-uagb-column uagb-column__wrap uagb-column__background-undefined uagb-block-9665222e-7eef-45f8-a41f-ce3aa5745bd9\"><div class=\"uagb-column__overlay\"><\/div><div class=\"uagb-column__inner-wrap\">\n<div class=\"wp-block-image store-box-image-2\"><figure class=\"aligncenter size-large\"><img width=\"200\" height=\"200\" src=\"https:\/\/lunarship.com\/wp-content\/uploads\/2020\/03\/box-premium-edition.png\" alt=\"Phototheca Premium Box\" class=\"wp-image-1935\" srcset=\"https:\/\/lunarship.com\/wp-content\/uploads\/2020\/03\/box-premium-edition.png 200w, https:\/\/lunarship.com\/wp-content\/uploads\/2020\/03\/box-premium-edition-150x150.png 150w\" sizes=\"(max-width: 200px) 100vw, 200px\" \/><\/figure><\/div>\n<\/div><\/div>\n\n\n\n<div class=\"wp-block-uagb-column uagb-column__wrap uagb-column__background-undefined uagb-block-db6356a1-f09b-44a1-a1b0-a2853d8fb5bb\"><div class=\"uagb-column__overlay\"><\/div><div class=\"uagb-column__inner-wrap\">\n<div style=\"height:14px\" aria-hidden=\"true\" class=\"wp-block-spacer\"><\/div>\n\n\n\n<ul class=\"has-medium-font-size\"><li>Kostenlose Updates<\/li><li>Unbegrenzte Fotos<\/li><li>Auf 3 Ger\u00e4ten arbeiten<\/li><li>Alle Bearbeitungsfunktionen<\/li><li>Von iOS-Ger\u00e4ten importieren<\/li><\/ul>\n<\/div><\/div>\n<\/div><\/section>\n\n\n\n<section class=\"wp-block-uagb-columns uagb-columns__wrap uagb-columns__background-undefined uagb-columns__stack-mobile uagb-columns__valign-undefined uagb-columns__gap-10 alignundefined uagb-block-6e011edb-58e6-4594-81ed-476f35ea0be7\"><div class=\"uagb-columns__overlay\"><\/div><div class=\"uagb-columns__inner-wrap uagb-columns__columns-2\">\n<div class=\"wp-block-uagb-column uagb-column__wrap uagb-column__background-undefined uagb-block-d69e8df4-aff2-48f4-a4ac-707ee06c21bd\"><div class=\"uagb-column__overlay\"><\/div><div class=\"uagb-column__inner-wrap\"><style id=\"kt-blocks_e7781b-6e\" type=\"text\/css\">#kt-adv-heading_e7781b-6e, #kt-adv-heading_e7781b-6e .wp-block-kadence-advancedheading {font-size:32px;}<\/style>\n<h4 id=\"kt-adv-heading_e7781b-6e\" class=\"kt-adv-heading_e7781b-6e wp-block-kadence-advancedheading has-vivid-green-cyan-color\" style=\"text-align:center\">64,95 $ \/ Jahr<\/h4>\n\n\n\n<p><\/p>\n<\/div><\/div>\n\n\n\n<div class=\"wp-block-uagb-column uagb-column__wrap uagb-column__background-undefined uagb-block-cc6f1ccb-58e8-4a14-bef7-80fe057e0871\"><div class=\"uagb-column__overlay\"><\/div><div class=\"uagb-column__inner-wrap\"><style id=\"kt-blocks_da00d2-f5\" type=\"text\/css\">.kt-btns_da00d2-f5 .kt-btn-wrap-0 {margin-right:5px;}.kt-btns_da00d2-f5 .kt-btn-wrap-0 .kt-button {width:230px;color:#ffffff;font-size:24px;background:linear-gradient(90deg, rgba(14, 214, 78, 1) 0%, rgba(6, 170, 195, 1) 100%);border-color:rgba(85, 85, 85, 1);box-shadow:0px 4px 15px 6px rgba(39, 221, 152, 0.2);}.kt-btns_da00d2-f5 .kt-btn-wrap-0 .kt-button:hover, .kt-btns_da00d2-f5 .kt-btn-wrap-0 .kt-button:focus {color:#ffffff;border-color:rgba(14, 214, 78, 1);}.kt-btns_da00d2-f5 .kt-btn-wrap-0 .kt-button::before {background:rgba(14, 214, 78, 1);}<\/style>\n<div class=\"wp-block-kadence-advancedbtn kt-btn-align-left kt-btn-tablet-align-inherit kt-btn-mobile-align-inherit kt-btns-wrap kt-btns_da00d2-f5\"><div class=\"kt-btn-wrap kt-btn-wrap-0\"><a class=\"kt-button button kt-btn-0-action kt-btn-size-standard kt-btn-style-basic kt-btn-svg-show-always kt-btn-has-text-true kt-btn-has-svg-false\" href=\"http:\/\/sites.fastspring.com\/lunarship\/product\/photothecax\" style=\"border-radius:6px;border-width:0px\"><span class=\"kt-btn-inner-text\">Jetzt bestellen<\/span><\/a><\/div><\/div>\n<\/div><\/div>\n<\/div><\/section>\n\n\n\n<hr class=\"wp-block-separator has-text-color has-background has-vivid-green-cyan-background-color has-vivid-green-cyan-color is-style-wide\"\/>\n\n\n\n<p><\/p>\n<\/div><\/div>\n<\/div><\/section>\n\n\n\n<div style=\"height:44px\" aria-hidden=\"true\" class=\"wp-block-spacer\"><\/div>\n\n\n\n<section class=\"wp-block-uagb-columns uagb-columns__wrap uagb-columns__background-undefined uagb-columns__stack-mobile uagb-columns__valign-undefined uagb-columns__gap-10 alignundefined uagb-block-d97e84c8-db94-4df2-bbfa-56ab46ad8715\"><div class=\"uagb-columns__overlay\"><\/div><div class=\"uagb-columns__inner-wrap uagb-columns__columns-2\">\n<div class=\"wp-block-uagb-column uagb-column__wrap uagb-column__background-undefined uagb-block-fb7e45b9-32d0-456e-9f60-e44ee22f3995\"><div class=\"uagb-column__overlay\"><\/div><div class=\"uagb-column__inner-wrap\">\n<h2>Ihre Bestellung beinhaltet<\/h2>\n\n\n\n<ul><li>Ihr Lizenzschl\u00fcssel direkt nach dem Kauf<\/li><li>Eine zus\u00e4tzliche E-Mail mit Ihrem Lizenzschl\u00fcssel und Ihrer Rechnung<\/li><li>Bevorzugter Support<\/li><\/ul>\n\n\n\n<p><\/p>\n<\/div><\/div>\n\n\n\n<div class=\"wp-block-uagb-column uagb-column__wrap uagb-column__background-undefined uagb-block-67bb2113-5382-42fd-ba8a-ad164caed167\"><div class=\"uagb-column__overlay\"><\/div><div class=\"uagb-column__inner-wrap\">\n<div style=\"height:80px\" aria-hidden=\"true\" class=\"wp-block-spacer\"><\/div>\n\n\n\n<figure class=\"wp-block-image size-large is-resized\"><img src=\"https:\/\/lunarship.com\/wp-content\/uploads\/2021\/07\/payments-3.png\" alt=\"\" class=\"wp-image-3175\" width=\"172\" height=\"71\"\/><\/figure>\n\n\n\n<p><\/p>\n<\/div><\/div>\n<\/div><\/section>\n\n\n\n<section class=\"wp-block-uagb-columns uagb-columns__wrap uagb-columns__background-undefined uagb-columns__stack-mobile uagb-columns__valign-undefined uagb-columns__gap-10 alignundefined uagb-block-633865af-9a9a-4e80-82aa-0069ddb2deb5\"><div class=\"uagb-columns__overlay\"><\/div><div class=\"uagb-columns__inner-wrap uagb-columns__columns-1\">\n<div class=\"wp-block-uagb-column uagb-column__wrap uagb-column__background-undefined uagb-block-082ca672-0929-45d5-ac79-00560b876fc9\"><div class=\"uagb-column__overlay\"><\/div><div class=\"uagb-column__inner-wrap\">\n<h2>Unternehmen, Unternehmen und Unternehmen<\/h2>\n\n\n\n<p>Kommen Sie aus der Gesch\u00e4ftswelt? Wir haben eine spezielle Phototheca Business-Lizenz f\u00fcr Sie. Zus\u00e4tzlich zu allen Funktionen der Premium-Version k\u00f6nnen Sie Phototheca auf Windows Server und auf Computern ausf\u00fchren, die Mitglieder des Active Directory-Netzwerks sind. Die Phototheca Business-Lizenz ist f\u00fcr bis zu 20 PCs g\u00fcltig. Bestellen Sie hier Ihre Phototheca Business-Lizenz.<br>Zus\u00e4tzlich zur Gesch\u00e4ftslizenz bieten wir die Anpassung der Phototheca-Software an, um sie in Ihre Arbeitsabl\u00e4ufe zu integrieren, in industrielle Bildgebungssysteme wie DICOM\/HL7, maschinelles Sehen, raumbezogene Bildgebung, Luft- und Raumfahrt und mehr zu integrieren. Kontaktieren Sie uns unter support@lunarship.com f\u00fcr Details.<\/p>\n\n\n\n<p> <\/p>\n<\/div><\/div>\n<\/div><\/section>\n<\/div><\/section>\n\n\n\n<p><\/p>\n","protected":false},"excerpt":{"rendered":"<p>Phototheca-Preise<\/p>\n","protected":false},"author":1,"featured_media":0,"parent":0,"menu_order":0,"comment_status":"closed","ping_status":"closed","template":"","meta":{"ub_ctt_via":"","kt_blocks_editor_width":""},"featured_image_src":null,"uagb_featured_image_src":{"full":false,"thumbnail":false,"medium":false,"medium_large":false,"large":false,"1536x1536":false,"2048x2048":false},"uagb_author_info":{"display_name":"adm1n1sTraToR","author_link":"https:\/\/lunarship.com\/de\/author\/adm1n1strator\/"},"uagb_comment_info":0,"uagb_excerpt":"Phototheca-Preise","_links":{"self":[{"href":"https:\/\/lunarship.com\/de\/wp-json\/wp\/v2\/pages\/859"}],"collection":[{"href":"https:\/\/lunarship.com\/de\/wp-json\/wp\/v2\/pages"}],"about":[{"href":"https:\/\/lunarship.com\/de\/wp-json\/wp\/v2\/types\/page"}],"author":[{"embeddable":true,"href":"https:\/\/lunarship.com\/de\/wp-json\/wp\/v2\/users\/1"}],"replies":[{"embeddable":true,"href":"https:\/\/lunarship.com\/de\/wp-json\/wp\/v2\/comments?post=859"}],"version-history":[{"count":4,"href":"https:\/\/lunarship.com\/de\/wp-json\/wp\/v2\/pages\/859\/revisions"}],"predecessor-version":[{"id":3210,"href":"https:\/\/lunarship.com\/de\/wp-json\/wp\/v2\/pages\/859\/revisions\/3210"}],"wp:attachment":[{"href":"https:\/\/lunarship.com\/de\/wp-json\/wp\/v2\/media?parent=859"}],"curies":[{"name":"wp","href":"https:\/\/api.w.org\/{rel}","templated":true}]}}