{"id":872,"date":"2020-03-24T18:03:21","date_gmt":"2020-03-24T18:03:21","guid":{"rendered":"https:\/\/lunarship.com\/?page_id=872"},"modified":"2020-03-25T07:13:08","modified_gmt":"2020-03-25T07:13:08","slug":"thank-you","status":"publish","type":"page","link":"https:\/\/lunarship.com\/de\/thank-you\/","title":{"rendered":"Thank you"},"content":{"rendered":"\n<h1 id=\"kt-adv-heading_2513aa-0d\" class=\"kt-adv-heading_2513aa-0d wp-block-kadence-advancedheading\" style=\"text-align:center\">Vielen Dank, dass Sie Phototheca installiert haben<\/h1>\n\n\n\n<section class=\"wp-block-uagb-section uagb-section__wrap uagb-section__background-undefined uagb-block-030cd74e-b567-4018-af3c-07ff8b758246\"><div class=\"uagb-section__overlay\"><\/div><div class=\"uagb-section__inner-wrap\">\n<p class=\"has-text-align-center has-medium-font-size\">Ihre Installation ist abgeschlossen und Phototheca ist bereit, Ihre Fotos und Videos zu organisieren.<\/p>\n\n\n\n<div class=\"wp-block-image\"><figure class=\"aligncenter size-large\"><img width=\"1024\" height=\"1\" src=\"https:\/\/lunarship.com\/wp-content\/uploads\/2020\/02\/divider_line_1divider_line-1024x1.png\" alt=\"\" class=\"wp-image-281\" srcset=\"https:\/\/lunarship.com\/wp-content\/uploads\/2020\/02\/divider_line_1divider_line-1024x1.png 1024w, https:\/\/lunarship.com\/wp-content\/uploads\/2020\/02\/divider_line_1divider_line-300x1.png 300w, https:\/\/lunarship.com\/wp-content\/uploads\/2020\/02\/divider_line_1divider_line-150x1.png 150w, https:\/\/lunarship.com\/wp-content\/uploads\/2020\/02\/divider_line_1divider_line-768x1.png 768w, https:\/\/lunarship.com\/wp-content\/uploads\/2020\/02\/divider_line_1divider_line.png 1120w\" sizes=\"(max-width: 1024px) 100vw, 1024px\" \/><\/figure><\/div>\n\n\n\n<section class=\"wp-block-uagb-columns uagb-columns__wrap uagb-columns__background-undefined uagb-columns__stack-mobile uagb-columns__valign-undefined uagb-columns__gap-10 alignundefined uagb-block-a62b50d8-04b0-48ef-9e57-9b46067eb041\"><div class=\"uagb-columns__overlay\"><\/div><div class=\"uagb-columns__inner-wrap uagb-columns__columns-2\">\n<div class=\"wp-block-uagb-column uagb-column__wrap uagb-column__background-undefined uagb-block-6465174b-c86d-4ac0-9af1-a2533c9788c0\"><div class=\"uagb-column__overlay\"><\/div><div class=\"uagb-column__inner-wrap\">\n<h2 class=\"has-text-align-center\">Schalten Sie die Zusatzfunktionen mit Premium frei<\/h2>\n\n\n\n<p>\u25cf Kommerzielle Nutzung von Phototheca an Ihrem Arbeitsplatz.<\/p>\n\n\n\n<p>\u25cf Unbegrenzte Gr\u00f6\u00dfe der Bibliothek (bis zu 5.000 Bilder in Phototheca Free)<\/p>\n\n\n\n<p>\u25cf Unbegrenzte Anzahl von freigegebenen Web-Alben<\/p>\n\n\n\n<p>\u25cf Unterst\u00fctzung f\u00fcr iPhone und iPad. Fotos direkt von Apple-Ger\u00e4ten importieren<\/p>\n\n\n\n<p>\u25cf Vergessene Passw\u00f6rter von Safeboxen wiederherstellen<\/p>\n\n\n\n<p>\u25cf Werkzeuge zur Fotobearbeitung<\/p>\n\n\n\n<p>\u25cf Vorrangige Unterst\u00fctzung<\/p>\n<\/div><\/div>\n\n\n\n<div class=\"wp-block-uagb-column uagb-column__wrap uagb-column__background-undefined uagb-block-74f24d8a-ba3d-4144-804a-b70411c642b6\"><div class=\"uagb-column__overlay\"><\/div><div class=\"uagb-column__inner-wrap\">\n<h2 class=\"has-text-align-center\">Erfahren Sie, wie man anf\u00e4ngt<\/h2>\n\n\n\n<p>Lesen Sie <a href=\"https:\/\/lunarship.com\/de\/how-to-start-organizing-photos\/\">Wie man mit der Organisation beginnt<\/a> oder sehen Sie sich unser <a href=\"\/manual\/\">Phototheca Benutzerhandbuch<\/a>  an, um zu erfahren, wie Sie die Software verwenden k\u00f6nnen. <\/p>\n<\/div><\/div>\n<\/div><\/section>\n\n\n<style id=\"kt-blocks_a7be93-4d\" type=\"text\/css\">.kt-btns_a7be93-4d .kt-btn-wrap-0 {margin-right:5px;}.kt-btns_a7be93-4d .kt-btn-wrap-0 .kt-button {width:300px;color:#ffffff;font-size:24px;background:linear-gradient(90deg, rgba(14, 214, 78, 1) 0%, rgba(6, 170, 195, 1) 100%);border-color:rgba(85, 85, 85, 1);box-shadow:0px 4px 15px 6px rgba(39, 221, 152, 0.2);}.kt-btns_a7be93-4d .kt-btn-wrap-0 .kt-button:hover, .kt-btns_a7be93-4d .kt-btn-wrap-0 .kt-button:focus {color:#ffffff;border-color:rgba(14, 214, 78, 1);}.kt-btns_a7be93-4d .kt-btn-wrap-0 .kt-button::before {background:rgba(14, 214, 78, 1);}<\/style>\n<div class=\"wp-block-kadence-advancedbtn kt-btn-align-center kt-btn-tablet-align-inherit kt-btn-mobile-align-inherit kt-btns-wrap kt-btns_a7be93-4d\"><div class=\"kt-btn-wrap kt-btn-wrap-0\"><a class=\"kt-button button kt-btn-0-action kt-btn-size-standard kt-btn-style-basic kt-btn-svg-show-always kt-btn-has-text-true kt-btn-has-svg-false\" href=\"https:\/\/lunarship.com\/de\/pricing\/\" style=\"border-radius:6px;border-width:0px\"><span class=\"kt-btn-inner-text\">Kaufen Phototheca Pro<\/span><\/a><\/div><\/div>\n<\/div><\/section>\n\n\n\n<figure class=\"wp-block-image size-large\"><img width=\"1024\" height=\"1\" src=\"https:\/\/lunarship.com\/wp-content\/uploads\/2020\/02\/divider_line_1divider_line-1024x1.png\" alt=\"\" class=\"wp-image-281\" srcset=\"https:\/\/lunarship.com\/wp-content\/uploads\/2020\/02\/divider_line_1divider_line-1024x1.png 1024w, https:\/\/lunarship.com\/wp-content\/uploads\/2020\/02\/divider_line_1divider_line-300x1.png 300w, https:\/\/lunarship.com\/wp-content\/uploads\/2020\/02\/divider_line_1divider_line-150x1.png 150w, https:\/\/lunarship.com\/wp-content\/uploads\/2020\/02\/divider_line_1divider_line-768x1.png 768w, https:\/\/lunarship.com\/wp-content\/uploads\/2020\/02\/divider_line_1divider_line.png 1120w\" sizes=\"(max-width: 1024px) 100vw, 1024px\" \/><\/figure>\n","protected":false},"excerpt":{"rendered":"<p>Vielen Dank, dass Sie Phototheca installiert haben<\/p>\n","protected":false},"author":1,"featured_media":0,"parent":0,"menu_order":0,"comment_status":"closed","ping_status":"closed","template":"","meta":{"ub_ctt_via":"","kt_blocks_editor_width":""},"featured_image_src":null,"uagb_featured_image_src":{"full":false,"thumbnail":false,"medium":false,"medium_large":false,"large":false,"1536x1536":false,"2048x2048":false},"uagb_author_info":{"display_name":"adm1n1sTraToR","author_link":"https:\/\/lunarship.com\/de\/author\/adm1n1strator\/"},"uagb_comment_info":0,"uagb_excerpt":"Vielen Dank, dass Sie Phototheca installiert haben","_links":{"self":[{"href":"https:\/\/lunarship.com\/de\/wp-json\/wp\/v2\/pages\/872"}],"collection":[{"href":"https:\/\/lunarship.com\/de\/wp-json\/wp\/v2\/pages"}],"about":[{"href":"https:\/\/lunarship.com\/de\/wp-json\/wp\/v2\/types\/page"}],"author":[{"embeddable":true,"href":"https:\/\/lunarship.com\/de\/wp-json\/wp\/v2\/users\/1"}],"replies":[{"embeddable":true,"href":"https:\/\/lunarship.com\/de\/wp-json\/wp\/v2\/comments?post=872"}],"version-history":[{"count":0,"href":"https:\/\/lunarship.com\/de\/wp-json\/wp\/v2\/pages\/872\/revisions"}],"wp:attachment":[{"href":"https:\/\/lunarship.com\/de\/wp-json\/wp\/v2\/media?parent=872"}],"curies":[{"name":"wp","href":"https:\/\/api.w.org\/{rel}","templated":true}]}}