{"id":880,"date":"2020-03-24T18:22:23","date_gmt":"2020-03-24T18:22:23","guid":{"rendered":"https:\/\/lunarship.com\/?page_id=880"},"modified":"2020-04-19T09:05:03","modified_gmt":"2020-04-19T09:05:03","slug":"raw","status":"publish","type":"page","link":"https:\/\/lunarship.com\/de\/raw\/","title":{"rendered":"RAW"},"content":{"rendered":"\n<h1 id=\"kt-adv-heading_e23fd9-65\" class=\"kt-adv-heading_e23fd9-65 wp-block-kadence-advancedheading\" style=\"text-align:center\">RAW in Phototheca<\/h1>\n\n\n\n<section class=\"wp-block-uagb-columns uagb-columns__wrap uagb-columns__background-undefined uagb-columns__stack-mobile uagb-columns__valign-undefined uagb-columns__gap-10 alignundefined uagb-block-05e0ed87-b3ef-465b-9853-b7f500af293d\"><div class=\"uagb-columns__overlay\"><\/div><div class=\"uagb-columns__inner-wrap uagb-columns__columns-1\">\n<div class=\"wp-block-uagb-column uagb-column__wrap uagb-column__background-undefined uagb-block-b7c06b99-29d4-480c-ab51-90204e5b56b7\"><div class=\"uagb-column__overlay\"><\/div><div class=\"uagb-column__inner-wrap\">\n<p>Phototheca arbeitet mit RAW-Dateiformaten \u00fcber das <em>Windows Imaging Component<\/em> (WIC)-Framework, das in Windows 7, Windows 8 und sp\u00e4teren Versionen von Windows unterst\u00fctzt wird.<\/p>\n\n\n\n<p>WIC erm\u00f6glicht es Anwendungen wie Phototheca, mit Bildformaten \u00fcber so genannte <em>Codecs <\/em>zu verarbeiten, die von der Kamera und anderen Hardwareanbietern bereitgestellt werden. Ohne die Notwendigkeit, die internen Details eines Dateiformats zu kennen, kann Phototheca die Dateien verarbeiten, solange ein funktionierender Codec installiert ist. <\/p>\n\n\n\n<p>Bitte achten Sie darauf, dass Sie immer den neuesten RAW-Codec (WIC-Codec) von der Website Ihres Kameraherstellers installiert haben. Dadurch wird sichergestellt, dass Phototheca die Bilder in der bestm\u00f6glichen Qualit\u00e4t lesen und reproduzieren kann.<\/p>\n\n\n\n<p>Es sind verschiedene Szenarien m\u00f6glich, wenn es um bestimmte Windows-Versionen und WIC geht.<\/p>\n\n\n\n<h2>Windows 10, Windows 8.1, Windows 8<\/h2>\n\n\n\n<p>Sie haben Gl\u00fcck, denn diese Betriebssysteme verf\u00fcgen \u00fcber integrierte WIC-Codes zur Dekodierung mehrerer RAW-Formate von Microsoft. Diese Codecs sind \u00fcber Windows Update verf\u00fcgbar, also halten Sie Ihr Betriebssystem einfach auf dem neuesten Stand und genie\u00dfen Sie die RAW-Unterst\u00fctzung f\u00fcr eine wachsende Zahl von Kameramodellen. <\/p>\n\n\n\n<p>Phototheca \u00fcberpr\u00fcft dieses Szenario und zeigt Ihnen die Prompt-Meldung: <\/p>\n\n\n\n<figure class=\"wp-block-image size-large\"><img width=\"560\" height=\"334\" src=\"https:\/\/lunarship.com\/wp-content\/uploads\/2020\/02\/RAW_in_Phototheca.png\" alt=\"Einstellungen - RAW\" class=\"wp-image-347\" srcset=\"https:\/\/lunarship.com\/wp-content\/uploads\/2020\/02\/RAW_in_Phototheca.png 560w, https:\/\/lunarship.com\/wp-content\/uploads\/2020\/02\/RAW_in_Phototheca-300x179.png 300w\" sizes=\"(max-width: 560px) 100vw, 560px\" \/><\/figure>\n\n\n\n<h2>Windows 7, Windows Vista SP2<\/h2>\n\n\n\n<p>Diese Betriebssysteme haben keine eingebauten RAW-Codecs. Es gibt ein Codec-Paket von Microsoft (Microsoft Camera Codec Pack), das die RAW-Unterst\u00fctzung in Windows 7 und Vista SP2 \u00fcber WIC erm\u00f6glicht. Laden Sie es einfach \u00fcber den unten stehenden Link herunter und installieren Sie es. Sie erhalten dann Unterst\u00fctzung f\u00fcr mehr als 100 RAW-Formate und Kameramodelle. <\/p>\n\n\n\n<p>Achten Sie auf die <em>Bitsch\u00e4rfe <\/em>Ihres Betriebssystems:<br>Falls Sie Windows 32bit haben, finden Sie hier die ben\u00f6tigte Datei f\u00fcr die Installation &#8220;<strong>MicrosoftCameraCodecPack-x86.msi<\/strong>&#8221; <br>Wenn Sie Windows 64bit haben, verwenden Sie &#8220;<strong>MicrosoftCameraCodecPack-x64.msi<\/strong>&#8220;.<br>Beide Dateien sind \u00fcber den folgenden Link zum Herunterladen verf\u00fcgbar:<br><a href=\"https:\/\/www.microsoft.com\/en-us\/download\/details.aspx?id=26829\">Microsoft Camera-Codec-Pakete herunterladen<\/a><\/p>\n\n\n\n<p>Phototheca pr\u00fcft, ob solche Codecs installiert sind oder nicht, und zeigt Ihnen folgende Meldung<\/p>\n\n\n\n<figure class=\"wp-block-image size-large\"><img width=\"560\" height=\"334\" src=\"https:\/\/lunarship.com\/wp-content\/uploads\/2020\/02\/RAW_in_Phototheca_Windows_7_and_Vista.png\" alt=\"Einstellungen - RAW\" class=\"wp-image-348\" srcset=\"https:\/\/lunarship.com\/wp-content\/uploads\/2020\/02\/RAW_in_Phototheca_Windows_7_and_Vista.png 560w, https:\/\/lunarship.com\/wp-content\/uploads\/2020\/02\/RAW_in_Phototheca_Windows_7_and_Vista-300x179.png 300w\" sizes=\"(max-width: 560px) 100vw, 560px\" \/><\/figure>\n\n\n\n<h2>Unterst\u00fctzung von RAW-Formaten von Hardware-Herstellern<\/h2>\n\n\n\n<p>Die gro\u00dfen Kamerahersteller bringen auch ihre eigenen Implementierungen von WIC-Codecs heraus, um RAW-Unterst\u00fctzung f\u00fcr Endbenutzer bereitzustellen. Es ist sinnvoll, die Einrichtung von Codecs seitens der Hersteller in Betracht zu ziehen, um eine bessere Unterst\u00fctzung f\u00fcr RAW-Formate zu erhalten, als wir sie von der Microsoft-Implementierung bekommen k\u00f6nnen.<\/p>\n\n\n\n<p><strong>32-Bit and 64-Bit<\/strong><br>Die installierten Codecs m\u00fcssen mit der Bitrate des Betriebssystems \u00fcbereinstimmen. Wenn Sie eine 64-Bit-Version von Windows verwenden, sollten Sie die 64-Bit-Variante der RAW-Codecs installieren, die von Ihrem Kamerahersteller zur Verf\u00fcgung gestellt wird. Wenn Ihr Kamerahersteller keine 64-Bit-Codecs anbietet, sollten Sie die Verwendung des Microsoft Codec Packs oder den Kauf des FastPictureViewer Codec Packs in Betracht ziehen, um volle WIC-Unterst\u00fctzung in Windows Explorer, Phototheca und anderen Anwendungen auf 64-Bit-Windows-Versionen zu erhalten.<\/p>\n\n\n\n<p><strong>Websites zum Herunterladen von WIC-Codecs <\/strong><br><a href=\"https:\/\/www.nikonimglib.com\/nefcodec\/index.html.en\">Nikon<\/a><br><a href=\"https:\/\/www.usa.canon.com\/internet\/portal\/us\/home\/support\/details\/cameras\/support-software-applications\/canon-raw-codec-software\">Canon<\/a><br><a href=\"https:\/\/support.d-imaging.sony.co.jp\/www\/download\/vista_raw\/\">Sony<\/a><br><a href=\"https:\/\/www.olympus.co.jp\/en\/support\/imsg\/digicamera\/download\/software\/codec\/index.cfm\">Olympus<\/a><br><a href=\"https:\/\/www.microsoft.com\/download\/en\/details.aspx?id=26829\">Microsoft Free Codec Pack for 32 and 64 Bit<\/a><br><a href=\"https:\/\/www.adobe.com\/support\/downloads\/detail.jsp?ftpID=5495\">Adobe DNG<\/a><br><a href=\"http:\/\/www.fastpictureviewer.com\/codecs\/\">FastPictureViewer Codec Pack<br><\/a>Siehe auch diesen <a href=\"https:\/\/en.wikipedia.org\/wiki\/Windows_Imaging_Component\">Wikipedia Artikel<\/a> f\u00fcr weitere Informationen \u00fcber <a href=\"https:\/\/msdn.microsoft.com\/en-us\/library\/ee719654%28v=VS.85%29.aspx\">Windows WIC und Microsoft Windows Imaging Komponenten\u00fcbersicht. <\/a>       <\/p>\n\n\n\n<h3>Kameramodelle, die von Phototheca \u00fcber das Microsoft Camera Codec Pack unterst\u00fctzt werden<\/h3>\n\n\n\n<p><strong>Canon:<\/strong> Digital Rebel\n XT, Digital Rebel XTi, EOS 1DC, EOS 10D, EOS 20D, EOS 30D, EOS 40D, EOS\n 50D Digital, EOS 60D, EOS 60Da, EOS 70D, EOS 100D, EOS 300D, EOS 350D, \nEOS 400D, EOS 450D, EOS 500D, EOS 550D, EOS 600D, EOS 650D, EOS 700D, \nEOS 1000D, EOS1100D, EOS 5D, EOS 5D Mark II, EOS 5D Mark III, EOS 6D, \nEOS 7D Digital, EOS D30, EOS D60, EOS Digital Rebel, EOS Kiss Digital, \nEOS Kiss Digital N, EOS Kiss Digital X, EOS Kiss F, EOS Kiss X2, EOS \nKiss X3, EOS Kiss X4, EOS Kiss X5, EOS Kiss X6i, EOS Kiss X7, EOS Kiss \nX7i, EOS Kiss X50, EOS M, EOS Rebel SL1, EOS Rebel T1i, EOS Rebel T2i, \nEOS Rebel T3, EOS Rebel T3i, EOS Rebel T4i, EOS Rebel T5i , EOS Rebel \nXS, EOS Rebel XSi, EOS-1D, EOS-1D X, EOS-1D Mark II, EOS-1D Mark II N, \nEOS-1D Mark III, EOS-1D Mark IV, EOS-1Ds, EOS-1Ds Mark II, EOS-1Ds Mark \nIII, PowerShot G1 X, PowerShot G2, PowerShot G3, PowerShot G5, PowerShot\n G6, PowerShot G9, PowerShot G10, PowerShot G11, PowerShot G12, \nPowerShot G15, PowerShot Pro1, PowerShot S90, PowerShot S95, PowerShot \nS100, PowerShot S100V, PowerShot S110, PowerShot SX1 IS, PowerShot SX50 \nHS<br><strong>Casio:<\/strong> EX-FH20<br><strong>Epson:<\/strong> R-D1, R-D1s<br><strong>Fujifilm:<\/strong> X10, XF1<br><strong>Kodak:<\/strong> EasyShare Z981, EasyShare Z1015 IS<br><strong>Konica Minolta:<\/strong> ALPHA SWEET DIGITAL, ALPHA-5 DIGITAL, ALPHA-7 DIGITAL, DiMAGE A1, DiMAGE A2, DYNAX 5D, DYNAX 7D, Maxxum 5D, Maxxum 7D<br><strong>Leica:<\/strong> DIGILUX 3, D-LUX 4, M8, M8.2, M9<br><strong>Nikon: <\/strong>1\n J1, 1 J2, 1 J3, 1 S1, 1 V1, 1 V2, Coolpix 5400, Coolpix P6000, Coolpix \nP7000, Coolpix P7100, Coolpix 8700, D1H, D2H, D2Hs, D2X, D2Xs, D3, D3s, \nD3X, D4, D40, D40x, D50, D60, D70, D70s, D80, D90, D100, D200, D300, \nD300s, D600, D700, D800, D800E, D3000, D3100, D3200, D5000, D5100, \nD5200, D7000, D7100<br><strong>Olympus:<\/strong> C-7070 Wide Zoom, \nC-8080 Wide Zoom, E-1, E-3, E-10, E-20, E-30, E-420, E-450, E-520, \nE-600, E-620, EVOLT E-300, EVOLT E-330, EVOLT E-400, EVOLT E-410, EVOLT \nE-500, EVOLT E-510, OM-D E-M5, PEN E-P1, PEN E-P2, PEN-P3, PEN E-PL1, \nPEN E-PL2, PEN E-PL3, PEN E-PL1s, PEN E-PL5, PEN E-PM1, PEN E-PM2, XZ-1,\n XZ-2, XZ-10<br><strong>Panasonic:<\/strong> Lumix DMX-FZ40, Lumix \nDMC-FZ150, Lumix DMC-FZ200, Lumix DMC-G1, Lumix DMX-G2, Lumix DMC-G3, \nLumix DMX-G5, Lumix DMC-GF1, Lumix DMC-GF2, Lumix DMC-GF3, Lumix \nDMX-GF5, Lumix DMC-GH1, Lumix DMC-GH2, Lumix DMC-GH3, Lumix DMX-GX1, \nLumix DMC-LX3, Lumix DMC-LX5, Lumix DMX-LX7<br><strong>Pentax (PEF formats only):<\/strong> *ist D, *ist DL, *ist DS, K10D, K20D, K100D, K100D Super, K110D, K200D, K-01, K-5, K-7, K-r, K-x<br><strong>Samsung:<\/strong> EX2F, Galaxy NX, NX10, NX11, NX20, NX300, NX1000, NX2000<br><strong>Sony:<\/strong>\n DSLR-A100, DSLR-A200, DSLR-A230, DSLR-A300, DSLR-A330, DSLR-A350, \nDSLR-A380, DSLR-A500, DSLR-A550, DSLR-A560, DSLR-A580, DSLR-A700, \nDSLR-A850, DSLR-A900, Alpha NEX-C3, Alpha NEX-F3, Alpha NEX-3, Alpha \nNEX-3N, Alpha NEX-5, Alpha NEX-5N, Alpha NEX-5R, Alpha NEX-6, Alpha \nNEX-7, Alpha SLT-A33, Alpha SLT-A35, Alpha SLT-A37, Alpha SLT-A55\/A55V, \nAlpha SLT-A57, Alpha SLT-A58, Alpha SLT-A65V, Alpha SLT-77V, Alpha SLT \nA-99, Cyber-shot DSC-R1, Cyber-shot DSC-RX1, Cyber-shot DSC-RX1R, \nCyber-shot DSC-RX100, Cyber-shot DSC-RX100 II\n\n<\/p>\n<\/div><\/div>\n<\/div><\/section>\n\n\n\n<p><\/p>\n","protected":false},"excerpt":{"rendered":"<p>RAW in Phototheca<\/p>\n","protected":false},"author":1,"featured_media":0,"parent":0,"menu_order":0,"comment_status":"closed","ping_status":"closed","template":"","meta":{"ub_ctt_via":"","kt_blocks_editor_width":""},"featured_image_src":null,"uagb_featured_image_src":{"full":false,"thumbnail":false,"medium":false,"medium_large":false,"large":false,"1536x1536":false,"2048x2048":false},"uagb_author_info":{"display_name":"adm1n1sTraToR","author_link":"https:\/\/lunarship.com\/de\/author\/adm1n1strator\/"},"uagb_comment_info":0,"uagb_excerpt":"RAW in Phototheca","_links":{"self":[{"href":"https:\/\/lunarship.com\/de\/wp-json\/wp\/v2\/pages\/880"}],"collection":[{"href":"https:\/\/lunarship.com\/de\/wp-json\/wp\/v2\/pages"}],"about":[{"href":"https:\/\/lunarship.com\/de\/wp-json\/wp\/v2\/types\/page"}],"author":[{"embeddable":true,"href":"https:\/\/lunarship.com\/de\/wp-json\/wp\/v2\/users\/1"}],"replies":[{"embeddable":true,"href":"https:\/\/lunarship.com\/de\/wp-json\/wp\/v2\/comments?post=880"}],"version-history":[{"count":0,"href":"https:\/\/lunarship.com\/de\/wp-json\/wp\/v2\/pages\/880\/revisions"}],"wp:attachment":[{"href":"https:\/\/lunarship.com\/de\/wp-json\/wp\/v2\/media?parent=880"}],"curies":[{"name":"wp","href":"https:\/\/api.w.org\/{rel}","templated":true}]}}