{"id":886,"date":"2020-03-24T18:36:15","date_gmt":"2020-03-24T18:36:15","guid":{"rendered":"https:\/\/lunarship.com\/?page_id=886"},"modified":"2020-05-22T21:04:21","modified_gmt":"2020-05-22T21:04:21","slug":"news","status":"publish","type":"page","link":"https:\/\/lunarship.com\/de\/news\/","title":{"rendered":"News"},"content":{"rendered":"\n<h1 id=\"kt-adv-heading_cffb28-df\" class=\"kt-adv-heading_cffb28-df wp-block-kadence-advancedheading\" style=\"text-align:center\">Phototheca News<\/h1>\n\n\n\n<p class=\"has-text-align-center\">Was passiert in der Welt von Phototheca?<\/p>\n\n\n\n<hr class=\"wp-block-separator has-text-color has-background has-vivid-cyan-blue-background-color has-vivid-cyan-blue-color\"\/>\n\n\n\n<h4>17. Mai 2020<\/h4>\n\n\n\n<p>Wir freuen uns, die neue Hauptversion von Phototheca &#8211; Phototheca 2020 Productivity Pack bekannt zu geben!<\/p>\n\n\n\n<figure class=\"wp-block-image size-large is-resized\"><img src=\"https:\/\/lunarship.com\/wp-content\/uploads\/2020\/05\/Phototheca_2020.gif\" alt=\"\" class=\"wp-image-1216\" width=\"434\" height=\"80\"\/><\/figure>\n\n\n\n<p><\/p>\n\n\n\n<p><\/p>\n\n\n\n<p>Lesen Sie die vollst\u00e4ndige Geschichte und \u00c4nderungsliste im Blog &#8211; <a href=\"https:\/\/lunarship.com\/blog\/phototheca-2020-release\/\">Phototheca 2020 Productivity Pack<\/a><\/p>\n\n\n\n<h4>2. Februar 2020<\/h4>\n\n\n\n<p>Lernen Sie unser <strong>Phototheca 2019.15.1.2726<\/strong> Service-Update kennen<\/p>\n\n\n\n<p>Dieses Update enth\u00e4lt:<br>\u2022 Eine verbesserte Gesichtserkennungs-Funktion<br>\u2022 Korrekturen f\u00fcr hohe DPI-Anzeigen<\/p>\n\n\n\n<h4><strong>30. Dezember 2019<\/strong><\/h4>\n\n\n\n<p><strong>Das Phototheca 2019.12 Winter-Update<\/strong> wurde ver\u00f6ffentlicht<\/p>\n\n\n\n<p>Dieses Update enth\u00e4lt:<br> \u2022 Verbesserungen der Gesichtserkennungsfunktion <br>\u2022 Bessere Unterst\u00fctzung f\u00fcr Displays mit hohem DPI<\/p>\n\n\n\n<h4>18. November 2019<\/h4>\n\n\n\n<p>Lernen Sie unser gro\u00dfes <strong>Phototheca 2019.11<\/strong> Update kennen.<\/p>\n\n\n\n<figure class=\"wp-block-image size-large\"><img width=\"564\" height=\"350\" src=\"https:\/\/lunarship.com\/wp-content\/uploads\/2020\/02\/01_faces_email.jpg\" alt=\"\" class=\"wp-image-888\" srcset=\"https:\/\/lunarship.com\/wp-content\/uploads\/2020\/02\/01_faces_email.jpg 564w, https:\/\/lunarship.com\/wp-content\/uploads\/2020\/02\/01_faces_email-300x186.jpg 300w\" sizes=\"(max-width: 564px) 100vw, 564px\" \/><\/figure>\n\n\n\n<p>Dieses Update anth\u00e4lt:<\/p>\n\n\n\n<ul><li>Gesichtserkennungsfunktion<\/li><li>Unterst\u00fctzung f\u00fcr Metadatenstandards f\u00fcr Gesichter &#8211; XMP MWG und Microsoft Photo<\/li><li>Unterst\u00fctzung f\u00fcr Notes Metadaten<\/li><li>Bessere Erkennung von Linsenmodellen<\/li><li>Unterst\u00fctzung f\u00fcr das Dateiformat Affinity Photo<\/li><li>Unterst\u00fctzung f\u00fcr iPhone-Medientypen: Selfie, Instagram-Post, lang belichtetes Foto und Bildschirmfoto<\/li><li>Optimierte Benutzeroberfl\u00e4che und verbesserte Benutzererfahrung<\/li><li>Dutzende von Korrekturen und Optimierungen <\/li><\/ul>\n\n\n\n<p><\/p>\n\n\n\n<h4>1. August 2019<\/h4>\n\n\n\n<p>Ver\u00f6ffentlichung des neuen Updates <strong>Phototheca 3.2.0.2434<\/strong>. <br>Dieses Update beinhaltet:<br>\u2022 Zus\u00e4tzliches Werkzeug zum Schreiben von Text. F\u00fcgen Sie den Fotos Text hinzu und verleihen Sie Ihren Bildern eine neue Bedeutung. Unser Texteditor ist vollgepackt mit Schriftarten, Stilen und allem, was Sie sonst noch ben\u00f6tigen, um Text zu Fotos hinzuzuf\u00fcgen!<\/p>\n\n\n\n<figure class=\"wp-block-image size-large\"><img width=\"434\" height=\"71\" src=\"https:\/\/lunarship.com\/wp-content\/uploads\/2020\/02\/news_text_tool.png\" alt=\"\" class=\"wp-image-889\" srcset=\"https:\/\/lunarship.com\/wp-content\/uploads\/2020\/02\/news_text_tool.png 434w, https:\/\/lunarship.com\/wp-content\/uploads\/2020\/02\/news_text_tool-300x49.png 300w\" sizes=\"(max-width: 434px) 100vw, 434px\" \/><\/figure>\n\n\n\n<figure class=\"wp-block-image size-large\"><img width=\"144\" height=\"296\" src=\"https:\/\/lunarship.com\/wp-content\/uploads\/2020\/02\/news_text_tool_2.png\" alt=\"\" class=\"wp-image-890\"\/><\/figure>\n\n\n\n<h4>30. Juni 2019<\/h4>\n\n\n\n<p>Wir freuen uns, Ihnen mitteilen zu k\u00f6nnen, dass das Phototheca-Benutzerhandbuch endlich verf\u00fcgbar ist!<\/p>\n\n\n\n<p>Lesen Sie alle Details \u00fcber Phototheca und lernen Sie, wie Sie das Programm verwenden k\u00f6nnen: <a href=\"\/manual\/\">Phototheca Benutzerhandbuch<\/a>!<\/p>\n\n\n\n<h4>2. Mai 2019<\/h4>\n\n\n\n<p>Darauf haben Sie jahrelang gewartet und endlich ist es da!<br>Phototheca hat ein gro\u00dfes Versions-Update erhalten, lernen Sie <strong>Phototheca 3.1 Premium<\/strong> mit Funktionen zur Fotobearbeitung kennen!<\/p>\n\n\n\n<figure class=\"wp-block-image size-large\"><img width=\"201\" height=\"199\" src=\"https:\/\/lunarship.com\/wp-content\/uploads\/2020\/02\/box-premium-edition.png\" alt=\"\" class=\"wp-image-891\" srcset=\"https:\/\/lunarship.com\/wp-content\/uploads\/2020\/02\/box-premium-edition.png 201w, https:\/\/lunarship.com\/wp-content\/uploads\/2020\/02\/box-premium-edition-150x150.png 150w\" sizes=\"(max-width: 201px) 100vw, 201px\" \/><\/figure>\n\n\n\n<p>Phototheca Premium umfasst 18 Schieberegler zur Verbesserung und Korrektur von Fotos, Zuschneidewerkzeuge und 56 effektvolle Fotofilter zur Versch\u00f6nerung Ihres Fotos mit einem einzigen Klick. Alle Bearbeitungen sind nicht destruktiv und beeintr\u00e4chtigen die Originalfotos nicht, diese sind gesch\u00fctzt.<br>Hier herunterladen und ausprobieren \u2013 <a href=\"https:\/\/lunarship.com\/de\/pricing\/\">Phototheca 3.1 Premium<\/a><\/p>\n\n\n\n<h4>8. M\u00e4rz 2019<\/h4>\n\n\n\n<p>Die neue Phototheca 2.9.0.2292 wurde ver\u00f6ffentlicht. Dieses Update enth\u00e4lt:<br>\u2022 Neue Kategorie ORDNER zur Bibliothek hinzugef\u00fcgt. Dieser Abschnitt zeigt einen Baum von Ordnern, in dem alle Bilder einer Bibliothek untergebracht sind. Dieser Abschnitt \u00e4hnelt dem Baum des Windows-Explorers, mit der Ausnahme, dass er nur Ordner mit importierten Bildern zeigt, nicht alle Ordner lokaler Laufwerke, und dass er keine Unordnung erzeugt.<\/p>\n\n\n\n<figure class=\"wp-block-image size-large\"><img width=\"200\" height=\"276\" src=\"https:\/\/lunarship.com\/wp-content\/uploads\/2020\/02\/phototheca_folders.png\" alt=\"\" class=\"wp-image-892\"\/><\/figure>\n\n\n\n<h4>3. Februar 2019<\/h4>\n\n\n\n<p>Das neue Phototheca 2.9.0.2266 wurde ver\u00f6ffentlicht. Dieses Update enth\u00e4lt:<\/p>\n\n\n\n<ul><li>Das allgemeine Erscheinungsbild und die Handhabung von Phototheca wurde verbessert.<\/li><li>Bessere Unterst\u00fctzung f\u00fcr Tablets mit hoher DPI-Anzeige und Oberfl\u00e4chen-Tablets.<\/li><li>Bessere Integration mit Windows 10<\/li><li>Unterst\u00fctztes Teilen von Fotos f\u00fcr jedes Ziel unter Windows 10<\/li><li>Die Funktion zur Freigabe f\u00fcr Facebook ist unter Windows 10 wieder verf\u00fcgbar<\/li><li>Die Funktion zum Hochladen von Bildern in Google Photos ist behoben<\/li><li>Die Funktion &#8220;Per E-Mail senden&#8221; unterst\u00fctzt mehr E-Mail-Programme: Google Mail, Outlook, Win 10 Mail-Anwendung<\/li><li>Es ist m\u00f6glich, die Gr\u00f6\u00dfe von Bildern zu \u00e4ndern, wenn sie per E-Mail gesendet werden.<\/li><li>Es ist m\u00f6glich, die Gr\u00f6\u00dfe der Bilder beim Export zu \u00e4ndern<\/li><li>Die Direktsuche kann eine Suche nach dem Namen eines Wochentages durchf\u00fchren<\/li><li>Der Bibliotheksbaum zeigt jetzt kleine Albumcover anstelle von Symbolen<\/li><li>Es ist m\u00f6glich, jedem Ordner ein Cover-Bild zuzuweisen<\/li><li>Eingebaute intelligente Alben f\u00fcr Medientypen (HDR, Panorama, Portr\u00e4t, Video), die von iOS-Ger\u00e4ten stammen, hinzugef\u00fcgt<\/li><li>Funktion zum Anzeigen von Badges des Medientyps auf HDR und Portrait-Miniaturbildern<\/li><li>Bessere Unterst\u00fctzung f\u00fcr die neuesten RAW-Formate, einschlie\u00dflich des Panasonic RW2-Formats<\/li><li>Unterst\u00fctzung f\u00fcr die Erh\u00f6hung der HEIC\\HEIF-Formate (neue Fotoformate auf Apple-Ger\u00e4ten) unter Windows 10 hinzugef\u00fcgt<\/li><li>Lesen von XMP-Sidecar-Dateien von RAW-Fotos, um Keywords und Beschreibungen in Phototheca zu erhalten<\/li><\/ul>\n","protected":false},"excerpt":{"rendered":"<p>Phototheca News Was passiert in der Welt von Phototheca? 17. Mai 2020 Wir freuen uns, die neue Hauptversion von Phototheca &#8211; Phototheca 2020 Productivity Pack bekannt zu geben! Lesen Sie die vollst\u00e4ndige Geschichte und \u00c4nderungsliste im Blog &#8211; Phototheca 2020 Productivity Pack 2. Februar 2020 Lernen Sie unser Phototheca 2019.15.1.2726 Service-Update kennen Dieses Update enth\u00e4lt:\u2022 &hellip;<\/p>\n<p class=\"read-more\"> <a class=\"\" href=\"https:\/\/lunarship.com\/de\/news\/\"> <span class=\"screen-reader-text\">News<\/span> Read More \u00bb<\/a><\/p>\n","protected":false},"author":1,"featured_media":0,"parent":0,"menu_order":0,"comment_status":"closed","ping_status":"closed","template":"","meta":{"ub_ctt_via":"","kt_blocks_editor_width":""},"featured_image_src":null,"uagb_featured_image_src":{"full":false,"thumbnail":false,"medium":false,"medium_large":false,"large":false,"1536x1536":false,"2048x2048":false},"uagb_author_info":{"display_name":"adm1n1sTraToR","author_link":"https:\/\/lunarship.com\/de\/author\/adm1n1strator\/"},"uagb_comment_info":0,"uagb_excerpt":"Phototheca News Was passiert in der Welt von Phototheca? 17. Mai 2020 Wir freuen uns, die neue Hauptversion von Phototheca &#8211; Phototheca 2020 Productivity Pack bekannt zu geben! Lesen Sie die vollst\u00e4ndige Geschichte und \u00c4nderungsliste im Blog &#8211; Phototheca 2020 Productivity Pack 2. Februar 2020 Lernen Sie unser Phototheca 2019.15.1.2726 Service-Update kennen Dieses Update enth\u00e4lt:\u2022&hellip;","_links":{"self":[{"href":"https:\/\/lunarship.com\/de\/wp-json\/wp\/v2\/pages\/886"}],"collection":[{"href":"https:\/\/lunarship.com\/de\/wp-json\/wp\/v2\/pages"}],"about":[{"href":"https:\/\/lunarship.com\/de\/wp-json\/wp\/v2\/types\/page"}],"author":[{"embeddable":true,"href":"https:\/\/lunarship.com\/de\/wp-json\/wp\/v2\/users\/1"}],"replies":[{"embeddable":true,"href":"https:\/\/lunarship.com\/de\/wp-json\/wp\/v2\/comments?post=886"}],"version-history":[{"count":0,"href":"https:\/\/lunarship.com\/de\/wp-json\/wp\/v2\/pages\/886\/revisions"}],"wp:attachment":[{"href":"https:\/\/lunarship.com\/de\/wp-json\/wp\/v2\/media?parent=886"}],"curies":[{"name":"wp","href":"https:\/\/api.w.org\/{rel}","templated":true}]}}