{"id":905,"date":"2020-03-25T07:10:24","date_gmt":"2020-03-25T07:10:24","guid":{"rendered":"https:\/\/lunarship.com\/?page_id=905"},"modified":"2020-04-19T08:41:49","modified_gmt":"2020-04-19T08:41:49","slug":"how-to-start-organizing-photos","status":"publish","type":"page","link":"https:\/\/lunarship.com\/de\/how-to-start-organizing-photos\/","title":{"rendered":"How to start organizing photos"},"content":{"rendered":"\n<h1 id=\"kt-adv-heading_f50f21-46\" class=\"kt-adv-heading_f50f21-46 wp-block-kadence-advancedheading\" style=\"text-align:center\">Wie man mit der Organisation von Fotos beginnt<\/h1>\n\n\n\n<p class=\"has-text-align-center\">Schritt-f\u00fcr-Schritt-Anleitung, um den Einstieg in Phototheca zu erleichtern<\/p>\n\n\n\n<figure class=\"wp-block-image size-large\"><img width=\"1024\" height=\"1\" src=\"https:\/\/lunarship.com\/wp-content\/uploads\/2020\/02\/divider_line_1divider_line-1024x1.png\" alt=\"\" class=\"wp-image-281\" srcset=\"https:\/\/lunarship.com\/wp-content\/uploads\/2020\/02\/divider_line_1divider_line-1024x1.png 1024w, https:\/\/lunarship.com\/wp-content\/uploads\/2020\/02\/divider_line_1divider_line-300x1.png 300w, https:\/\/lunarship.com\/wp-content\/uploads\/2020\/02\/divider_line_1divider_line-150x1.png 150w, https:\/\/lunarship.com\/wp-content\/uploads\/2020\/02\/divider_line_1divider_line-768x1.png 768w, https:\/\/lunarship.com\/wp-content\/uploads\/2020\/02\/divider_line_1divider_line.png 1120w\" sizes=\"(max-width: 1024px) 100vw, 1024px\" \/><\/figure>\n\n\n\n<section class=\"wp-block-uagb-columns uagb-columns__wrap uagb-columns__background-undefined uagb-columns__stack-mobile uagb-columns__valign-undefined uagb-columns__gap-10 alignundefined uagb-block-3fbb47b1-7608-409b-83dd-bd8dd564d9bf\"><div class=\"uagb-columns__overlay\"><\/div><div class=\"uagb-columns__inner-wrap uagb-columns__columns-1\">\n<div class=\"wp-block-uagb-column uagb-column__wrap uagb-column__background-undefined uagb-block-af81f527-7b10-436d-9e22-8b4a31c3022e\"><div class=\"uagb-column__overlay\"><\/div><div class=\"uagb-column__inner-wrap\">\n<h4>1. Lassen Sie sich von diesem Willkommensbildschirm nicht verunsichern &#8211; in wenigen Augenblicken erhalten Sie hier Ihre Fotos<\/h4>\n\n\n\n<figure class=\"wp-block-image size-large\"><img width=\"800\" height=\"508\" src=\"https:\/\/lunarship.com\/wp-content\/uploads\/2020\/03\/start1.jpg\" alt=\"Willkommensbildschirm und erste Schritte\" class=\"wp-image-404\" srcset=\"https:\/\/lunarship.com\/wp-content\/uploads\/2020\/03\/start1.jpg 800w, https:\/\/lunarship.com\/wp-content\/uploads\/2020\/03\/start1-300x191.jpg 300w, https:\/\/lunarship.com\/wp-content\/uploads\/2020\/03\/start1-768x488.jpg 768w\" sizes=\"(max-width: 800px) 100vw, 800px\" \/><\/figure>\n\n\n\n<p>Wenn Sie Phototheca zum ersten Mal starten oder Ihre Bibliothek leer ist, sehen Sie diesen Willkommensbildschirm mit Hinweisen zum Start. Lassen Sie uns beginnen.  <\/p>\n\n\n\n<div style=\"height:42px\" aria-hidden=\"true\" class=\"wp-block-spacer\"><\/div>\n\n\n\n<h4>2. Importdialog \u00f6ffnen<\/h4>\n\n\n\n<p> Gehen Sie zum Men\u00fc <em>Datei-&gt;In Mediathek impor<\/em>tieren um den Importdialog zu \u00f6ffnen<\/p>\n\n\n\n<figure class=\"wp-block-image size-large\"><img width=\"520\" height=\"503\" src=\"https:\/\/lunarship.com\/wp-content\/uploads\/2020\/03\/start2.jpg\" alt=\"Fotos in die Bibliothek hochladen\" class=\"wp-image-405\" srcset=\"https:\/\/lunarship.com\/wp-content\/uploads\/2020\/03\/start2.jpg 520w, https:\/\/lunarship.com\/wp-content\/uploads\/2020\/03\/start2-300x290.jpg 300w\" sizes=\"(max-width: 520px) 100vw, 520px\" \/><\/figure>\n\n\n\n<div style=\"height:42px\" aria-hidden=\"true\" class=\"wp-block-spacer\"><\/div>\n\n\n\n<h4>3. Bl\u00e4ttern Sie durch Ihren Foto-Ordner<\/h4>\n\n\n\n<figure class=\"wp-block-image size-large\"><img width=\"885\" height=\"597\" src=\"https:\/\/lunarship.com\/wp-content\/uploads\/2020\/03\/start3.jpg\" alt=\"Inhalte eines Foto-Ordners\" class=\"wp-image-406\" srcset=\"https:\/\/lunarship.com\/wp-content\/uploads\/2020\/03\/start3.jpg 885w, https:\/\/lunarship.com\/wp-content\/uploads\/2020\/03\/start3-300x202.jpg 300w, https:\/\/lunarship.com\/wp-content\/uploads\/2020\/03\/start3-768x518.jpg 768w\" sizes=\"(max-width: 885px) 100vw, 885px\" \/><\/figure>\n\n\n\n<p>In diesem Dialogfeld k\u00f6nnen Sie Ihre Datentr\u00e4ger und Ordner durchsuchen, einen Ordner mit einigen bzw. allen Ihren Fotos finden und ausw\u00e4hlen, was Sie importieren m\u00f6chten. Sie k\u00f6nnen sowohl Ordner als auch Bilddateien, ein einzelnes oder mehrere Elemente, ausw\u00e4hlen.<\/p>\n\n\n\n<div style=\"height:42px\" aria-hidden=\"true\" class=\"wp-block-spacer\"><\/div>\n\n\n\n<h4>4. Definieren Sie Ihre Strategie zur Erstellung von Ereignissen<\/h4>\n\n\n\n<figure class=\"wp-block-image size-large\"><img width=\"731\" height=\"158\" src=\"https:\/\/lunarship.com\/wp-content\/uploads\/2020\/03\/start4.jpg\" alt=\"Ereignisse erstellen\" class=\"wp-image-407\" srcset=\"https:\/\/lunarship.com\/wp-content\/uploads\/2020\/03\/start4.jpg 731w, https:\/\/lunarship.com\/wp-content\/uploads\/2020\/03\/start4-300x65.jpg 300w\" sizes=\"(max-width: 731px) 100vw, 731px\" \/><\/figure>\n\n\n\n<p>Jetzt ist es an der Zeit, die Intelligenz von Phototheca zu nutzen, bevor ein Importvorgang gestartet wird. Phototheca kennt sechs M\u00f6glichkeiten, Ihre Fotos zu Ereignissen zusammenzufassen. Sie k\u00f6nnen eine dieser Optionen w\u00e4hlen. Wenn Sie Ihre Ordnerstruktur in Ordnung gebracht haben und m\u00f6chten, dass Phototheca bei einer bestehenden Ordnung bleibt &#8211; behalten Sie die Option &#8220;Ein Ereignis pro Ordner&#8221;, was der Standardeinstellung entspricht. Wenn Sie ein Durcheinander in Dateien und Ordnern haben, die mehrere Ereignisse enthalten &#8211; lassen Sie Phototheca solche Fotos in separate Ereignisse auf der Grundlage der Zeit eines Fotos aufteilen. Wenn Sie die Option &#8220;Ein Ereignis pro Tag&#8221; w\u00e4hlen, bedeutet dies, dass alle Fotos, die w\u00e4hrend eines einzigen Tages aufgenommen werden, in ein Ereignis eingehen. Und so weiter.<\/p>\n\n\n\n<div style=\"height:42px\" aria-hidden=\"true\" class=\"wp-block-spacer\"><\/div>\n\n\n\n<h4> 5. Warten Sie einen Moment, bis der Import beendet ist<\/h4>\n\n\n\n<figure class=\"wp-block-image size-large\"><img width=\"600\" height=\"355\" src=\"https:\/\/lunarship.com\/wp-content\/uploads\/2020\/03\/start5.jpg\" alt=\"Verlauf des Imports\" class=\"wp-image-408\" srcset=\"https:\/\/lunarship.com\/wp-content\/uploads\/2020\/03\/start5.jpg 600w, https:\/\/lunarship.com\/wp-content\/uploads\/2020\/03\/start5-300x178.jpg 300w\" sizes=\"(max-width: 600px) 100vw, 600px\" \/><\/figure>\n\n\n\n<p>Die Importzeit h\u00e4ngt stark von der Leistung Ihres PCs, der Gr\u00f6\u00dfe der Fotos und der Menge ab. Trinken Sie eine Tasse Kaffee oder Tee, w\u00e4hrend Phototheca f\u00fcr Sie arbeitet. Ein weiterer Tipp &#8211; wenn Sie eine riesige Fotosammlung haben und der Import viel Zeit in Anspruch nimmt &#8211; lassen Sie den PC \u00fcber Nacht arbeiten.<\/p>\n\n\n\n<div style=\"height:42px\" aria-hidden=\"true\" class=\"wp-block-spacer\"><\/div>\n\n\n\n<h4>6. Ergebnisse \u00fcberpr\u00fcfen<\/h4>\n\n\n\n<figure class=\"wp-block-image size-large\"><img width=\"800\" height=\"398\" src=\"https:\/\/lunarship.com\/wp-content\/uploads\/2020\/03\/start6.jpg\" alt=\"Import-Ergebnisse \u00fcberpr\u00fcfen\" class=\"wp-image-409\" srcset=\"https:\/\/lunarship.com\/wp-content\/uploads\/2020\/03\/start6.jpg 800w, https:\/\/lunarship.com\/wp-content\/uploads\/2020\/03\/start6-300x149.jpg 300w, https:\/\/lunarship.com\/wp-content\/uploads\/2020\/03\/start6-768x382.jpg 768w\" sizes=\"(max-width: 800px) 100vw, 800px\" \/><\/figure>\n\n\n\n<p>Sobald ein Import beendet ist, \u00f6ffnet Phototheca den Abschnitt &#8220;Letzter Import&#8221; und zeigt das Ergebnis des letzten Imports an. Klicken Sie auf den Abschnitt &#8220;Ereignisse&#8221;, um Ihre gesamten Ereignisse zu sehen.  <\/p>\n\n\n\n<div style=\"height:42px\" aria-hidden=\"true\" class=\"wp-block-spacer\"><\/div>\n\n\n\n<h4> 7. Alben mit ausgew\u00e4hlten Fotos erstellen<\/h4>\n\n\n\n<figure class=\"wp-block-image size-large\"><img width=\"528\" height=\"240\" src=\"https:\/\/lunarship.com\/wp-content\/uploads\/2020\/03\/start7.jpg\" alt=\"Ein neues Album erstellen\" class=\"wp-image-410\" srcset=\"https:\/\/lunarship.com\/wp-content\/uploads\/2020\/03\/start7.jpg 528w, https:\/\/lunarship.com\/wp-content\/uploads\/2020\/03\/start7-300x136.jpg 300w\" sizes=\"(max-width: 528px) 100vw, 528px\" \/><\/figure>\n\n\n\n<p>In einem Album k\u00f6nnen Sie Fotos von verschiedenen Veranstaltungen zusammenstellen, wenn Sie sie an einem einzigen Ort aufbewahren m\u00f6chten. Die Fotos bleiben innerhalb der urspr\u00fcnglichen Ereignisse, wenn Sie ein Foto in ein Album verschieben. So k\u00f6nnen Sie beispielsweise viele Fotos von Ihrem Haustier innerhalb von Veranstaltungen haben und separate Alben nur mit den Fotos eines Haustiers anlegen. Lassen Sie uns das Album mit Fotos vom Mor\u00e4nensee erstellen. Gehen Sie zum Men\u00fc <em>Datei-&gt;Neues Album\u2026<\/em><\/p>\n\n\n\n<p><strong>Geben Sie den Namen des Albums ein<\/strong><\/p>\n\n\n\n<figure class=\"wp-block-image size-large\"><img width=\"805\" height=\"257\" src=\"https:\/\/lunarship.com\/wp-content\/uploads\/2020\/03\/start8.jpg\" alt=\"Das Album benennen\" class=\"wp-image-411\" srcset=\"https:\/\/lunarship.com\/wp-content\/uploads\/2020\/03\/start8.jpg 805w, https:\/\/lunarship.com\/wp-content\/uploads\/2020\/03\/start8-300x96.jpg 300w, https:\/\/lunarship.com\/wp-content\/uploads\/2020\/03\/start8-768x245.jpg 768w\" sizes=\"(max-width: 805px) 100vw, 805px\" \/><\/figure>\n\n\n\n<p>Geben Sie hier einen Namen f\u00fcr Ihr neues Album an. Ein Album mit diesem Namen erscheint unter dem Abschnitt &#8220;Albums&#8221; (Alben) in der Mediathek. <\/p>\n\n\n\n<figure class=\"wp-block-image size-large\"><img width=\"595\" height=\"202\" src=\"https:\/\/lunarship.com\/wp-content\/uploads\/2020\/03\/start9.jpg\" alt=\"Der &quot;Albums&quot; Abschnitt\" class=\"wp-image-412\" srcset=\"https:\/\/lunarship.com\/wp-content\/uploads\/2020\/03\/start9.jpg 595w, https:\/\/lunarship.com\/wp-content\/uploads\/2020\/03\/start9-300x102.jpg 300w\" sizes=\"(max-width: 595px) 100vw, 595px\" \/><\/figure>\n\n\n\n<div style=\"height:42px\" aria-hidden=\"true\" class=\"wp-block-spacer\"><\/div>\n\n\n\n<h4>8. Fotos von einem Ereignis in ein Album verschieben<\/h4>\n\n\n\n<figure class=\"wp-block-image size-large\"><img width=\"664\" height=\"293\" src=\"https:\/\/lunarship.com\/wp-content\/uploads\/2020\/03\/start10.jpg\" alt=\"Fotos verschieben\" class=\"wp-image-413\" srcset=\"https:\/\/lunarship.com\/wp-content\/uploads\/2020\/03\/start10.jpg 664w, https:\/\/lunarship.com\/wp-content\/uploads\/2020\/03\/start10-300x132.jpg 300w\" sizes=\"(max-width: 664px) 100vw, 664px\" \/><\/figure>\n\n\n\n<p>Wenn Sie sich innerhalb eines Ereignisses mit Fotos befinden, k\u00f6nnen Sie einzelne oder mehrere Fotos mit Strg oder Umschalt + Mausklick ausw\u00e4hlen. F\u00fchren Sie dann eine \u201eDrag &amp; Drop\u201c-Bewegung durch, die an einem beliebigen ausgew\u00e4hlten Foto beginnt, und positionieren Sie den Cursor auf ein Album im linken Bereich. Wenn Sie Fotos ablegen, erscheinen sie sofort im Album. Phototheca kopiert zu diesem Zeitpunkt keine Dateien &#8211; Sie erstellen also keine Duplikate auf Ihrer Festplatte, wenn Sie Fotos in ein Album legen.<\/p>\n\n\n\n<div style=\"height:42px\" aria-hidden=\"true\" class=\"wp-block-spacer\"><\/div>\n\n\n\n<h4>9. Alben \u00f6ffnen<\/h4>\n\n\n\n<figure class=\"wp-block-image size-large\"><img width=\"800\" height=\"457\" src=\"https:\/\/lunarship.com\/wp-content\/uploads\/2020\/03\/start11.jpg\" alt=\"Alben \u00f6ffnen\" class=\"wp-image-414\" srcset=\"https:\/\/lunarship.com\/wp-content\/uploads\/2020\/03\/start11.jpg 800w, https:\/\/lunarship.com\/wp-content\/uploads\/2020\/03\/start11-300x171.jpg 300w, https:\/\/lunarship.com\/wp-content\/uploads\/2020\/03\/start11-768x439.jpg 768w\" sizes=\"(max-width: 800px) 100vw, 800px\" \/><\/figure>\n\n\n\n<p>Klicken Sie mit der Maus auf das neu erstellte Album &#8211; der Inhalt des Albums wird sofort angezeigt. <\/p>\n\n\n\n<div style=\"height:42px\" aria-hidden=\"true\" class=\"wp-block-spacer\"><\/div>\n\n\n\n<h4>10. Markieren von Fotos mit Schlagworten<\/h4>\n\n\n\n<figure class=\"wp-block-image size-large\"><img width=\"506\" height=\"371\" src=\"https:\/\/lunarship.com\/wp-content\/uploads\/2020\/03\/start12.jpg\" alt=\"Schlagworte-Tool \u00f6ffnen\" class=\"wp-image-415\" srcset=\"https:\/\/lunarship.com\/wp-content\/uploads\/2020\/03\/start12.jpg 506w, https:\/\/lunarship.com\/wp-content\/uploads\/2020\/03\/start12-300x220.jpg 300w\" sizes=\"(max-width: 506px) 100vw, 506px\" \/><\/figure>\n\n\n\n<p>Schlagworte sind eine n\u00fctzliche M\u00f6glichkeit, Ihre Fotosammlung zu organisieren. Lernen Sie, wie Sie Fotos mit Schlagworten versehen k\u00f6nnen. Zuerst &#8211; \u00f6ffnen Sie das Bedienfeld \u201eKeyword\u201c mit dem Men\u00fcpunkt <em>Ansicht-&gt;Schl\u00fcsselw\u00f6rter-Pane<\/em>l oder klicken Sie auf die Schaltfl\u00e4che mit dem &#8220;Schl\u00fcssel&#8221;-Symbol (linke untere Ecke bei Phototheca). <\/p>\n\n\n\n<p><strong>Schlagworte verwenden<\/strong><\/p>\n\n\n\n<figure class=\"wp-block-image size-large\"><img width=\"746\" height=\"329\" src=\"https:\/\/lunarship.com\/wp-content\/uploads\/2020\/03\/start13.jpg\" alt=\"Schlagworte verwenden\" class=\"wp-image-416\" srcset=\"https:\/\/lunarship.com\/wp-content\/uploads\/2020\/03\/start13.jpg 746w, https:\/\/lunarship.com\/wp-content\/uploads\/2020\/03\/start13-300x132.jpg 300w\" sizes=\"(max-width: 746px) 100vw, 746px\" \/><\/figure>\n\n\n\n<p>Wenn der Bereich f\u00fcr Schlagworte (Keywords) ge\u00f6ffnet ist &#8211; markieren Sie ein oder mehrere Fotos, die Sie mit einem Schlagwort versehen m\u00f6chten. Geben Sie ein Schlagwort in das Textfeld ein, zum Beispiel &#8220;Moraine Lake&#8221;, wie in unserem Anwendungsbeispiel. Klicken Sie auf die Schaltfl\u00e4che &#8220;+&#8221;. Phototheca beginnt, das Schlagwort in die Dateien zu schreiben. Die Schlagworte werden sowohl in IPTC- als auch in XMP-Abschnitte der Metadaten geschrieben. <\/p>\n\n\n\n<p><strong>Fotos nach Schlagworten suchen<\/strong><\/p>\n\n\n\n<figure class=\"wp-block-image size-large\"><img width=\"371\" height=\"74\" src=\"https:\/\/lunarship.com\/wp-content\/uploads\/2020\/03\/start14.jpg\" alt=\"Suchfeld f\u00fcr Schlagworte\" class=\"wp-image-417\" srcset=\"https:\/\/lunarship.com\/wp-content\/uploads\/2020\/03\/start14.jpg 371w, https:\/\/lunarship.com\/wp-content\/uploads\/2020\/03\/start14-300x60.jpg 300w\" sizes=\"(max-width: 371px) 100vw, 371px\" \/><\/figure>\n\n\n\n<p>Wenn Sie Ihre Fotos mit verschiedenen Schlagworten versehen haben, k\u00f6nnen Sie jetzt die Direktsuche f\u00fcr diese Fotos verwenden. Geben Sie ein Schlagwort in das Suchfeld ein und dr\u00fccken Sie die &#8220;Enter&#8221;-Taste, wenn Sie sich in einem beliebigen Teil einer Mediathek befinden. Die Suchergebnisse werden sofort angezeigt.<\/p>\n\n\n\n<figure class=\"wp-block-image size-large\"><img width=\"800\" height=\"514\" src=\"https:\/\/lunarship.com\/wp-content\/uploads\/2020\/03\/start15.jpg\" alt=\"Nach Schlagworten suchen\" class=\"wp-image-418\" srcset=\"https:\/\/lunarship.com\/wp-content\/uploads\/2020\/03\/start15.jpg 800w, https:\/\/lunarship.com\/wp-content\/uploads\/2020\/03\/start15-300x193.jpg 300w, https:\/\/lunarship.com\/wp-content\/uploads\/2020\/03\/start15-768x493.jpg 768w\" sizes=\"(max-width: 800px) 100vw, 800px\" \/><\/figure>\n\n\n\n<p>Zu den Suchergebnissen geh\u00f6ren Ereignisse, die den eingegebenen Suchbegriff im Titel haben, und Fotos, die dieses Schlagwort oder einen Suchbegriff im Titel haben.<\/p>\n\n\n\n<div style=\"height:42px\" aria-hidden=\"true\" class=\"wp-block-spacer\"><\/div>\n\n\n\n<h4>11. Bauen Sie Ihre eigene beeindruckende Mediathek auf<\/h4>\n\n\n\n<figure class=\"wp-block-image size-large is-resized\"><img src=\"https:\/\/lunarship.com\/wp-content\/uploads\/2020\/03\/start16-1024x683.jpg\" alt=\"K\u00fcrzlich hinzugef\u00fcgt\" class=\"wp-image-419\" width=\"1024\" height=\"683\" srcset=\"https:\/\/lunarship.com\/wp-content\/uploads\/2020\/03\/start16-1024x683.jpg 1024w, https:\/\/lunarship.com\/wp-content\/uploads\/2020\/03\/start16-300x200.jpg 300w, https:\/\/lunarship.com\/wp-content\/uploads\/2020\/03\/start16-768x512.jpg 768w, https:\/\/lunarship.com\/wp-content\/uploads\/2020\/03\/start16.jpg 1050w\" sizes=\"(max-width: 1024px) 100vw, 1024px\" \/><\/figure>\n\n\n\n<p>Jetzt sind Sie an der Reihe, Tausende Ihrer Fotos zu organisieren und ein gro\u00dfartiges Zuhause f\u00fcr Ihre Erinnerungen zu bauen!<\/p>\n<\/div><\/div>\n<\/div><\/section>\n\n\n\n<figure class=\"wp-block-image size-large\"><img width=\"1024\" height=\"1\" src=\"https:\/\/lunarship.com\/wp-content\/uploads\/2020\/02\/divider_line_1divider_line-1024x1.png\" alt=\"\" class=\"wp-image-281\" srcset=\"https:\/\/lunarship.com\/wp-content\/uploads\/2020\/02\/divider_line_1divider_line-1024x1.png 1024w, https:\/\/lunarship.com\/wp-content\/uploads\/2020\/02\/divider_line_1divider_line-300x1.png 300w, https:\/\/lunarship.com\/wp-content\/uploads\/2020\/02\/divider_line_1divider_line-150x1.png 150w, https:\/\/lunarship.com\/wp-content\/uploads\/2020\/02\/divider_line_1divider_line-768x1.png 768w, https:\/\/lunarship.com\/wp-content\/uploads\/2020\/02\/divider_line_1divider_line.png 1120w\" sizes=\"(max-width: 1024px) 100vw, 1024px\" \/><\/figure>\n","protected":false},"excerpt":{"rendered":"<p>Wie man mit der Organisation von Fotos beginnt Schritt-f\u00fcr-Schritt-Anleitung, um den Einstieg in Phototheca zu erleichtern<\/p>\n","protected":false},"author":1,"featured_media":0,"parent":0,"menu_order":0,"comment_status":"closed","ping_status":"closed","template":"","meta":{"ub_ctt_via":"","kt_blocks_editor_width":""},"featured_image_src":null,"uagb_featured_image_src":{"full":false,"thumbnail":false,"medium":false,"medium_large":false,"large":false,"1536x1536":false,"2048x2048":false},"uagb_author_info":{"display_name":"adm1n1sTraToR","author_link":"https:\/\/lunarship.com\/de\/author\/adm1n1strator\/"},"uagb_comment_info":0,"uagb_excerpt":"Wie man mit der Organisation von Fotos beginnt Schritt-f\u00fcr-Schritt-Anleitung, um den Einstieg in Phototheca zu erleichtern","_links":{"self":[{"href":"https:\/\/lunarship.com\/de\/wp-json\/wp\/v2\/pages\/905"}],"collection":[{"href":"https:\/\/lunarship.com\/de\/wp-json\/wp\/v2\/pages"}],"about":[{"href":"https:\/\/lunarship.com\/de\/wp-json\/wp\/v2\/types\/page"}],"author":[{"embeddable":true,"href":"https:\/\/lunarship.com\/de\/wp-json\/wp\/v2\/users\/1"}],"replies":[{"embeddable":true,"href":"https:\/\/lunarship.com\/de\/wp-json\/wp\/v2\/comments?post=905"}],"version-history":[{"count":0,"href":"https:\/\/lunarship.com\/de\/wp-json\/wp\/v2\/pages\/905\/revisions"}],"wp:attachment":[{"href":"https:\/\/lunarship.com\/de\/wp-json\/wp\/v2\/media?parent=905"}],"curies":[{"name":"wp","href":"https:\/\/api.w.org\/{rel}","templated":true}]}}