{"id":1189,"date":"2020-05-20T16:21:40","date_gmt":"2020-05-20T16:21:40","guid":{"rendered":"https:\/\/lunarship.com\/?page_id=1189"},"modified":"2020-05-20T16:21:47","modified_gmt":"2020-05-20T16:21:47","slug":"affiliates","status":"publish","type":"page","link":"https:\/\/lunarship.com\/es\/affiliates\/","title":{"rendered":"Affiliates"},"content":{"rendered":"\n<h1 id=\"kt-adv-heading_bb8603-b3\" class=\"kt-adv-heading_bb8603-b3 wp-block-kadence-advancedheading\" style=\"text-align:center\">\u00danase al Programa de Afiliados de Lunarship Software<\/h1>\n\n\n\n<div class=\"wp-block-uagb-icon-list uagb-icon-list__outer-wrap uagb-icon-list__layout-vertical uagb-block-36526a09-1048-44d3-a25c-453fc0c1f857\"><div class=\"uagb-icon-list__wrap\"><div class=\"uagb-icon-list-repeater-0 uagb-icon-list__wrapper\"><div class=\"uagb-icon-list__content-wrap\"><span class=\"uagb-icon-list__source-wrap\"><span class=\"uagb-icon-list__source-icon\"><svg xmlns=\"http:\/\/www.w3.org\/2000\/svg\" viewbox=\"0 0 512 512\"><path d=\"M256 8C119 8 8 119 8 256s111 248 248 248 248-111 248-248S393 8 256 8z\"><\/path><\/svg><\/span><\/span><div class=\"uagb-icon-list__label-wrap\"><span class=\"uagb-icon-list__label\">\u00bfPosee un blog propio, sitio web o comunidad activa de marketing social?<\/span><\/div><\/div><\/div><div class=\"uagb-icon-list-repeater-1 uagb-icon-list__wrapper\"><div class=\"uagb-icon-list__content-wrap\"><span class=\"uagb-icon-list__source-wrap\"><span class=\"uagb-icon-list__source-icon\"><svg xmlns=\"http:\/\/www.w3.org\/2000\/svg\" viewbox=\"0 0 512 512\"><path d=\"M256 8C119 8 8 119 8 256s111 248 248 248 248-111 248-248S393 8 256 8z\"><\/path><\/svg><\/span><\/span><div class=\"uagb-icon-list__label-wrap\"><span class=\"uagb-icon-list__label\">\u00bfLe gusta hacer recomendaciones de productos? <\/span><\/div><\/div><\/div><div class=\"uagb-icon-list-repeater-2 uagb-icon-list__wrapper\"><div class=\"uagb-icon-list__content-wrap\"><span class=\"uagb-icon-list__source-wrap\"><span class=\"uagb-icon-list__source-icon\"><svg xmlns=\"http:\/\/www.w3.org\/2000\/svg\" viewbox=\"0 0 512 512\"><path d=\"M256 8C119 8 8 119 8 256s111 248 248 248 248-111 248-248S393 8 256 8z\"><\/path><\/svg><\/span><\/span><div class=\"uagb-icon-list__label-wrap\"><span class=\"uagb-icon-list__label\">Si ya disfruta de los productos Phototheca, \u00bfpor qu\u00e9 no ganar un dinero extra cont\u00e1ndoselo a los dem\u00e1s?<\/span><\/div><\/div><\/div><\/div><\/div>\n\n\n\n<p>Si su respuesta es s\u00ed a cualquiera de estas preguntas, \u00a1deber\u00eda de unirse al programa de afiliados de Lunarship!<\/p>\n\n\n<style id=\"kt-blocks_942d6a-1a\" type=\"text\/css\">.kt-btns_942d6a-1a .kt-btn-wrap-0 {margin-right:5px;}.kt-btns_942d6a-1a .kt-btn-wrap-0 .kt-button {width:200px;color:#ffffff;font-size:26px;background:rgba(0, 208, 132, 1);border-color:rgba(85, 85, 85, 1);}.kt-btns_942d6a-1a .kt-btn-wrap-0 .kt-button:hover, .kt-btns_942d6a-1a .kt-btn-wrap-0 .kt-button:focus {color:#ffffff;border-color:rgba(68, 68, 68, 1);}.kt-btns_942d6a-1a .kt-btn-wrap-0 .kt-button::before {display:none;}.kt-btns_942d6a-1a .kt-btn-wrap-0 .kt-button:hover, .kt-btns_942d6a-1a .kt-btn-wrap-0 .kt-button:focus {background:rgba(4, 136, 88, 1);}<\/style>\n<div class=\"wp-block-kadence-advancedbtn kt-btn-align-center kt-btn-tablet-align-inherit kt-btn-mobile-align-inherit kt-btns-wrap kt-btns_942d6a-1a\"><div class=\"kt-btn-wrap kt-btn-wrap-0\"><a class=\"kt-button button kt-btn-0-action kt-btn-size-standard kt-btn-style-basic kt-btn-svg-show-always kt-btn-has-text-true kt-btn-has-svg-false\" href=\"#\" style=\"border-width:0px\"><span class=\"kt-btn-inner-text\">\u00a1\u00danase Ahora!<\/span><\/a><\/div><\/div>\n\n\n\n<p>Porqu\u00e9 deber\u00eda de unirse al programa de afiliados de Lunarship Software.<br><\/p>\n\n\n\n<p>Convertirse en afiliado es un modo sencillo de asociarse con Lunarship Software \u00a1y ganar una comisi\u00f3n por cada persona que usted recomiende y que se convierta en cliente de Lunarship Software! Y como socio afiliado, le proporcionaremos banners y logotipos que pueda usar para anunciar productos de Lunarship Software en su sitio web, blog o en su comunidad de redes sociales.<\/p>\n\n\n\n<h4>Destacados del Programa de Afiliados de Lunarship Software:<\/h4>\n\n\n\n<ul><li>Periodo de Referencia: Duraci\u00f3n de Cookie de 90 d\u00edas          <\/li><li>35% de comisi\u00f3n desde el inicio <\/li><li>Gesti\u00f3n de Afiliados Dedicada <\/li><li>Optimizaci\u00f3n Creativa<\/li><\/ul>\n\n\n\n<h2>\u00bfC\u00f3mo comenzar?<\/h2>\n\n\n\n<p>Es sencillo: \u00a1\u00danase a nuestro programa de afiliados, a\u00f1ada nuestros banners y enlaces de afiliados a su sitio web o blog y comience a ganar una comisi\u00f3n del 35% sobre las ventas que recomiende! Nuestros socios afiliados de m\u00e1s \u00e9xito escriben rese\u00f1as de productos y otro tipo de contenido \u00fanico para ayudar a divulgar y publicitar Phototheca a trav\u00e9s de la red.<\/p>\n\n\n\n<h2>\u00bfC\u00f3mo sabemos qu\u00e9 ventas son de afiliados?<\/h2>\n\n\n\n<p> Lunarship Software se ha asociado a&nbsp;<a href=\"http:\/\/www.impactradius.com\/\">Impact Radius<\/a>&nbsp;para gestionar el seguimiento y los datos de los pagos de afiliados. Puede iniciar sesi\u00f3n en su&nbsp;<a href=\"http:\/\/member.impactradius.com\/campaign-campaign-info\/Phototheca-photo-organizing-software-for-PC.brand\">cuenta de afiliado de Lunarship Software<\/a>&nbsp;en cualquier momento para comprobar sus estad\u00edsticas, obtener enlaces para afiliados, banners y otros recursos que le ayudar\u00e1n a comenzar.<br> \u00bfTodav\u00eda no encuentra lo que necesita? Contacte con nuestro&nbsp;<a href=\"mailto:anv@lunarship.com?subject=Affiliate%20Program\">equipo de gesti\u00f3n de afiliados<\/a>&nbsp;y ellos le ayudar\u00e1n con sus dudas.  <\/p>\n\n\n\n<h2>Preguntas Frecuentes (FAQ) del Programa de Afiliados:<\/h2>\n\n\n\n<h2>\u00bfQu\u00e9 es el Programa de Afiliados de Lunarship Software?<\/h2>\n\n\n\n<p>El Programa de Afiliados de Lunarship Software es un modo de ganar dinero mediante la incursi\u00f3n de publicidad de productos de Lunarship Software en su sitio web, blog, newsletter o en su comunidad de redes sociales. Por cada persona que usted recomiende y que complete una compra, usted gana una comisi\u00f3n por dicha transacci\u00f3n.<\/p>\n\n\n\n<h2>\u00bfD\u00f3nde me uno al Programa de Afiliados de Lunarship Software?<\/h2>\n\n\n\n<p>Puede unirse <a href=\"http:\/\/member.impactradius.com\/campaign-campaign-info\/Phototheca-photo-organizing-software-for-PC.brand\">aqu\u00ed<\/a> al programa de afiliados de Lunarship Software. Revisamos personalmente todas las solicitudes y una vez que su solicitud es aprobada, le enviaremos un correo electr\u00f3nico que incluye banners y sus enlaces de afiliado, para que pueda agregarlos f\u00e1cilmente a su sitio web. Los afiliados aprobados pueden tambi\u00e9n <a href=\"https:\/\/member.impactradius.com\/ir\/login.user\">inicar sesi\u00f3n<\/a> en su cuenta de afiliado en Impact Radius pudiendo acceder a&nbsp; informes de accesos, banners y enlaces de texto.<\/p>\n\n\n\n<h2>\u00bfQu\u00e9 precio tiene y qu\u00e9 necesito?<\/h2>\n\n\n\n<p>No cuesta absolutamente nada convertirse en socio afiliado y puede finalizar su relaci\u00f3n de afiliado en cualquier momento.<\/p>\n\n\n\n<h2>\u00bfQu\u00e9 necesito para conseguir mi aprobaci\u00f3n?<\/h2>\n\n\n\n<p>Revisamos cuidadosamente todas las solicitudes de solicitud de afiliaci\u00f3n para asegurarnos de que cumple con los t\u00e9rminos y condiciones de nuestro programa. Dado que no podemos aprobar a todos los afiliados para el programa, buscamos tener socios afiliados que posean un sitio web o blog que sea de importancia para los productos de Lunarship Software y otro software de Windows. Nos reservamos el derecho de rechazar cualquier web que contenga material no deseable, incluido lenguaje o contenido expl\u00edcito, o apoyo a grupos violentos o discriminatorios. Eliminaremos cualquier afiliado aprobado que consideremos que viola nuestros t\u00e9rminos y condiciones o que participa en actividades que puedan afectar negativamente al Software Lunarship o las marcas de productos.<\/p>\n\n\n\n<h2>\u00bfPuedo utilizar el nombre y logotipo de Lunarship Software en mi web?<\/h2>\n\n\n\n<p>Solo se puede utilizar el material aprobado disponible a trav\u00e9s del programa de afiliados. No est\u00e1 permitido, en ning\u00fan modo, modificar nuestros logotipos o material creativo aprobado. Encontrar\u00e1 los banners y material creativo aprobado en la interfaz de Impact Radius. Este material se actualizar\u00e1 peri\u00f3dicamente e incluir\u00e1 nuevas promociones y otras novedades.<\/p>\n\n\n\n<h2>\u00bfCu\u00e1nto puedo crear?<\/h2>\n\n\n\n<p>El cielo no tiene l\u00edmite. Los afiliados se llevan una comisi\u00f3n del 35% en cada venta realizada que haya sido dirigida desde un clic de su sitio web, blog, newsletter o comunidad de redes sociales. La cantidad que usted ganar\u00e1 depender\u00e1 de la cantidad de visitantes suyos que nos redirija a nuestra web para para completar una compra.<\/p>\n\n\n\n<h2>\u00bfC\u00f3mo s\u00e9 cu\u00e1nto llevo ganado?<\/h2>\n\n\n\n<p>Con el fin de que los afiliados lo tengan m\u00e1s sencillo, Lunarship Software opera el programa de afiliados a trav\u00e9s de Impact Radius. Usted puede&nbsp;<a href=\"https:\/\/member.impactradius.com\/ir\/login.user\">iniciar sesi\u00f3n<\/a>&nbsp;y comprobar en cualquier momento el nivel de ventas y comisiones obtenidas.<\/p>\n\n\n\n<h2>\u00bfCu\u00e1ndo y c\u00f3mo recibo el dinero?<\/h2>\n\n\n\n<p>Las comisiones obtenidas por los afiliados se pagan a trav\u00e9s de Impact Radius. Dispone de opciones de pago que incluye: ACH, cheque y transferencia electr\u00f3nica internacional. Las comisiones se pagan mensualmente y si no alcanza el l\u00edmite de pago, su comisi\u00f3n obtenida se transferir\u00e1 a los meses siguientes hasta que se alcance el nivel m\u00ednimo de pago.<\/p>\n\n\n\n<h2>\u00bfCu\u00e1l es mi responsabilidad como socio afiliado y como miembro del programa de afiliados?<\/h2>\n\n\n\n<p>Como socio y miembro del Programa de Afiliados de Lunarship Software, usted representa una extensi\u00f3n de la marca Lunarship Software . Como tal, sus responsabilidades son:<\/p>\n\n\n\n<ul><li>Agregar los enlaces de afiliado de Lunarship Software a sus sitio web o blog en los 7 d\u00edas posteriores tras ser admitida su participaci\u00f3n en el programa            <\/li><li>Proporcionar visibilidad a los banners de Lunarship Software en su sitio web, blog, newsletter, o comentarios en su comunidad de redes sociales             <\/li><li>Asegurarse que el contenido de su web es apropiado, actualizado y de importancia destacada para estar asociado a Lunarship Software <\/li><li>Utilizar los banners y enlaces aprobados proporcionados para asegurar un rastreo fiable de modo que podamos asignarle a usted sus ventas y el pago de comisiones por usted obtenidas.            <\/li><\/ul>\n\n\n\n<h2>\u00bfD\u00f3nde puedo encontrar informaci\u00f3n adicional sobre Lunarship Software?<\/h2>\n\n\n\n<p>Puede encontrar m\u00e1s informaci\u00f3n sobre Lunarship Software en&nbsp;<a href=\"https:\/\/lunarship.com\/\">www.Lunarship.com<\/a><\/p>\n\n\n\n<h2>\u00bfC\u00f3mo puedo resolver futuras dudas?<\/h2>\n\n\n\n<p>Si se le plantea alguna duda, no dude en contactar con nuestro equipo de gesti\u00f3n de afiliados a trav\u00e9s de la interfaz de Impact Radius. Estaremos encantados de resolver sus dudas y ayudarle a convertirse en un socio afiliado de \u00e9xito de Lunarship Software.<\/p>\n\n\n<style id=\"kt-blocks_3b6f0e-fe\" type=\"text\/css\">.kt-btns_3b6f0e-fe .kt-btn-wrap-0 {margin-right:5px;}.kt-btns_3b6f0e-fe .kt-btn-wrap-0 .kt-button {width:200px;color:#ffffff;font-size:26px;background:rgba(0, 208, 132, 1);border-color:rgba(85, 85, 85, 1);}.kt-btns_3b6f0e-fe .kt-btn-wrap-0 .kt-button:hover, .kt-btns_3b6f0e-fe .kt-btn-wrap-0 .kt-button:focus {color:#ffffff;border-color:rgba(68, 68, 68, 1);}.kt-btns_3b6f0e-fe .kt-btn-wrap-0 .kt-button::before {display:none;}.kt-btns_3b6f0e-fe .kt-btn-wrap-0 .kt-button:hover, .kt-btns_3b6f0e-fe .kt-btn-wrap-0 .kt-button:focus {background:rgba(4, 136, 88, 1);}<\/style>\n<div class=\"wp-block-kadence-advancedbtn kt-btn-align-center kt-btn-tablet-align-inherit kt-btn-mobile-align-inherit kt-btns-wrap kt-btns_3b6f0e-fe\"><div class=\"kt-btn-wrap kt-btn-wrap-0\"><a class=\"kt-button button kt-btn-0-action kt-btn-size-standard kt-btn-style-basic kt-btn-svg-show-always kt-btn-has-text-true kt-btn-has-svg-false\" href=\"#\" style=\"border-width:0px\"><span class=\"kt-btn-inner-text\">\u00a1\u00danase Ahora!<\/span><\/a><\/div><\/div>\n","protected":false},"excerpt":{"rendered":"<p>\u00danase al Programa de Afiliados de Lunarship Software Si su respuesta es s\u00ed a cualquiera de estas preguntas, \u00a1deber\u00eda de unirse al programa de afiliados de Lunarship! Porqu\u00e9 deber\u00eda de unirse al programa de afiliados de Lunarship Software. Convertirse en afiliado es un modo sencillo de asociarse con Lunarship Software \u00a1y ganar una comisi\u00f3n por &hellip;<\/p>\n<p class=\"read-more\"> <a class=\"\" href=\"https:\/\/lunarship.com\/es\/affiliates\/\"> <span class=\"screen-reader-text\">Affiliates<\/span> Leer m\u00e1s \u00bb<\/a><\/p>\n","protected":false},"author":1,"featured_media":0,"parent":0,"menu_order":0,"comment_status":"closed","ping_status":"closed","template":"","meta":{"ub_ctt_via":"","kt_blocks_editor_width":""},"featured_image_src":null,"uagb_featured_image_src":{"full":false,"thumbnail":false,"medium":false,"medium_large":false,"large":false,"1536x1536":false,"2048x2048":false},"uagb_author_info":{"display_name":"adm1n1sTraToR","author_link":"https:\/\/lunarship.com\/es\/author\/adm1n1strator\/"},"uagb_comment_info":0,"uagb_excerpt":"\u00danase al Programa de Afiliados de Lunarship Software Si su respuesta es s\u00ed a cualquiera de estas preguntas, \u00a1deber\u00eda de unirse al programa de afiliados de Lunarship! Porqu\u00e9 deber\u00eda de unirse al programa de afiliados de Lunarship Software. Convertirse en afiliado es un modo sencillo de asociarse con Lunarship Software \u00a1y ganar una comisi\u00f3n por&hellip;","_links":{"self":[{"href":"https:\/\/lunarship.com\/es\/wp-json\/wp\/v2\/pages\/1189"}],"collection":[{"href":"https:\/\/lunarship.com\/es\/wp-json\/wp\/v2\/pages"}],"about":[{"href":"https:\/\/lunarship.com\/es\/wp-json\/wp\/v2\/types\/page"}],"author":[{"embeddable":true,"href":"https:\/\/lunarship.com\/es\/wp-json\/wp\/v2\/users\/1"}],"replies":[{"embeddable":true,"href":"https:\/\/lunarship.com\/es\/wp-json\/wp\/v2\/comments?post=1189"}],"version-history":[{"count":0,"href":"https:\/\/lunarship.com\/es\/wp-json\/wp\/v2\/pages\/1189\/revisions"}],"wp:attachment":[{"href":"https:\/\/lunarship.com\/es\/wp-json\/wp\/v2\/media?parent=1189"}],"curies":[{"name":"wp","href":"https:\/\/api.w.org\/{rel}","templated":true}]}}