{"id":1191,"date":"2020-05-20T16:35:57","date_gmt":"2020-05-20T16:35:57","guid":{"rendered":"https:\/\/lunarship.com\/?page_id=1191"},"modified":"2020-05-20T16:55:27","modified_gmt":"2020-05-20T16:55:27","slug":"download","status":"publish","type":"page","link":"https:\/\/lunarship.com\/es\/download\/","title":{"rendered":"Download"},"content":{"rendered":"\n<h1 id=\"kt-adv-heading_87247a-9e\" class=\"kt-adv-heading_87247a-9e wp-block-kadence-advancedheading\" style=\"text-align:center\">Descargar Phototheca<\/h1>\n\n\n\n<p class=\"has-text-align-center\">Organice, cree y comparta fotograf\u00edas y v\u00eddeos digitales<\/p>\n\n\n\n<section class=\"wp-block-uagb-columns uagb-columns__wrap uagb-columns__background-undefined uagb-columns__stack-mobile uagb-columns__valign-undefined uagb-columns__gap-10 alignundefined uagb-block-b1298a0b-67cd-49cd-b245-e332154d5f0e\"><div class=\"uagb-columns__overlay\"><\/div><div class=\"uagb-columns__inner-wrap uagb-columns__columns-3\">\n<div class=\"wp-block-uagb-column uagb-column__wrap uagb-column__background-undefined uagb-block-68643a4b-0961-4a33-90e3-a2b339d47d2e\"><div class=\"uagb-column__overlay\"><\/div><div class=\"uagb-column__inner-wrap\">\n<figure class=\"wp-block-image size-large is-resized\"><img src=\"https:\/\/lunarship.com\/wp-content\/uploads\/2020\/03\/box-free-edition.png\" alt=\"\" class=\"wp-image-1928\" width=\"146\" height=\"149\"\/><\/figure>\n<\/div><\/div>\n\n\n\n<div class=\"wp-block-uagb-column uagb-column__wrap uagb-column__background-undefined uagb-block-cc3005bd-3d48-49e4-90b1-2787f2312aa5\"><div class=\"uagb-column__overlay\"><\/div><div class=\"uagb-column__inner-wrap\">\n<h2 id=\"kt-adv-heading_654dce-82\" class=\"kt-adv-heading_654dce-82 wp-block-kadence-advancedheading\">Phototheca Free<\/h2>\n\n\n\n<p>Una versi\u00f3n sencilla con unas pocas limitaciones para probar antes de comprar.<\/p>\n<\/div><\/div>\n\n\n\n<div class=\"wp-block-uagb-column uagb-column__wrap uagb-column__background-undefined uagb-block-3ee51708-f096-4893-a45a-26a3ea62f705\"><div class=\"uagb-column__overlay\"><\/div><div class=\"uagb-column__inner-wrap\"><style id=\"kt-blocks_07c641-4f\" type=\"text\/css\">.kt-btns_07c641-4f .kt-btn-wrap-0 {margin-right:5px;}.kt-btns_07c641-4f .kt-btn-wrap-0 .kt-button {width:180px;color:#ffffff;font-size:24px;background:linear-gradient(90deg, rgba(58, 88, 212, 1) 0%, rgba(173, 119, 240, 1) 100%);border-color:rgba(85, 85, 85, 1);box-shadow:0px 4px 15px 2px rgba(40, 43, 221, 0.2);}.kt-btns_07c641-4f .kt-btn-wrap-0 .kt-button:hover, .kt-btns_07c641-4f .kt-btn-wrap-0 .kt-button:focus {color:#ffffff;border-color:rgba(47, 106, 207, 1);}.kt-btns_07c641-4f .kt-btn-wrap-0 .kt-button::before {background:rgba(47, 106, 207, 1);}<\/style>\n<div class=\"wp-block-kadence-advancedbtn kt-btn-align-center kt-btn-tablet-align-inherit kt-btn-mobile-align-inherit kt-btns-wrap kt-btns_07c641-4f margintop60\"><div class=\"kt-btn-wrap kt-btn-wrap-0\"><a class=\"kt-button button kt-btn-0-action kt-btn-size-small kt-btn-style-basic kt-btn-svg-show-always kt-btn-has-text-true kt-btn-has-svg-false\" href=\"https:\/\/lunarship.s3.us-east-1.amazonaws.com\/builds\/Phototheca-2025.10.18.4365.exe\" style=\"border-radius:6px;border-width:0px\"><span class=\"kt-btn-inner-text\">Descargar<\/span><\/a><\/div><\/div>\n<\/div><\/div>\n<\/div><\/section>\n\n\n\n<section class=\"wp-block-uagb-columns uagb-columns__wrap uagb-columns__background-undefined uagb-columns__stack-mobile uagb-columns__valign-undefined uagb-columns__gap-10 alignundefined uagb-block-978a1b9e-732e-4a60-8bef-26a8b45f2f8b\"><div class=\"uagb-columns__overlay\"><\/div><div class=\"uagb-columns__inner-wrap uagb-columns__columns-3\">\n<div class=\"wp-block-uagb-column uagb-column__wrap uagb-column__background-undefined uagb-block-9b530280-11a2-46ed-839f-966424e218aa\"><div class=\"uagb-column__overlay\"><\/div><div class=\"uagb-column__inner-wrap\">\n<figure class=\"wp-block-image size-large is-resized\"><img src=\"https:\/\/lunarship.com\/wp-content\/uploads\/2020\/03\/box-pro-edition-150x150.png\" alt=\"\" class=\"wp-image-378\" width=\"150\" height=\"150\" srcset=\"https:\/\/lunarship.com\/wp-content\/uploads\/2020\/03\/box-pro-edition-150x150.png 150w, https:\/\/lunarship.com\/wp-content\/uploads\/2020\/03\/box-pro-edition.png 200w\" sizes=\"(max-width: 150px) 100vw, 150px\" \/><\/figure>\n<\/div><\/div>\n\n\n\n<div class=\"wp-block-uagb-column uagb-column__wrap uagb-column__background-undefined uagb-block-6adba525-ddee-4fce-a19e-f9d1f7226a0b\"><div class=\"uagb-column__overlay\"><\/div><div class=\"uagb-column__inner-wrap\">\n<h2 id=\"kt-adv-heading_b3c17d-8a\" class=\"kt-adv-heading_b3c17d-8a wp-block-kadence-advancedheading\">Phototheca Pro<\/h2>\n\n\n\n<p>Edici\u00f3n avanzada con m\u00e1s funciones y capacidad.<br>Requiere compra y activaci\u00f3n.<\/p>\n\n\n\n<p><\/p>\n<\/div><\/div>\n\n\n\n<div class=\"wp-block-uagb-column uagb-column__wrap uagb-column__background-undefined uagb-block-a444b6fc-c56e-4ffd-bbb5-afa494a4c9f1\"><div class=\"uagb-column__overlay\"><\/div><div class=\"uagb-column__inner-wrap\"><style id=\"kt-blocks_07c641-4f\" type=\"text\/css\">.kt-btns_07c641-4f .kt-btn-wrap-0 {margin-right:5px;}.kt-btns_07c641-4f .kt-btn-wrap-0 .kt-button {width:180px;color:#ffffff;font-size:24px;background:linear-gradient(90deg, rgba(58, 88, 212, 1) 0%, rgba(173, 119, 240, 1) 100%);border-color:rgba(85, 85, 85, 1);box-shadow:0px 4px 15px 2px rgba(40, 43, 221, 0.2);}.kt-btns_07c641-4f .kt-btn-wrap-0 .kt-button:hover, .kt-btns_07c641-4f .kt-btn-wrap-0 .kt-button:focus {color:#ffffff;border-color:rgba(47, 106, 207, 1);}.kt-btns_07c641-4f .kt-btn-wrap-0 .kt-button::before {background:rgba(47, 106, 207, 1);}<\/style>\n<div class=\"wp-block-kadence-advancedbtn kt-btn-align-center kt-btn-tablet-align-inherit kt-btn-mobile-align-inherit kt-btns-wrap kt-btns_07c641-4f margintop60\"><div class=\"kt-btn-wrap kt-btn-wrap-0\"><a class=\"kt-button button kt-btn-0-action kt-btn-size-small kt-btn-style-basic kt-btn-svg-show-always kt-btn-has-text-true kt-btn-has-svg-false\" href=\"https:\/\/lunarship.s3.us-east-1.amazonaws.com\/builds\/Phototheca-2025.10.18.4365.exe\" style=\"border-radius:6px;border-width:0px\"><span class=\"kt-btn-inner-text\">Descargar<\/span><\/a><\/div><\/div>\n<\/div><\/div>\n<\/div><\/section>\n\n\n\n<section class=\"wp-block-uagb-columns uagb-columns__wrap uagb-columns__background-undefined uagb-columns__stack-mobile uagb-columns__valign-undefined uagb-columns__gap-10 alignundefined uagb-block-8d679e32-34bb-495f-8585-5c87eeee96bd\"><div class=\"uagb-columns__overlay\"><\/div><div class=\"uagb-columns__inner-wrap uagb-columns__columns-3\">\n<div class=\"wp-block-uagb-column uagb-column__wrap uagb-column__background-undefined uagb-block-9e247064-42de-4c41-9afd-c0d7cac661b6\"><div class=\"uagb-column__overlay\"><\/div><div class=\"uagb-column__inner-wrap\">\n<figure class=\"wp-block-image size-large is-resized\"><img src=\"https:\/\/lunarship.com\/wp-content\/uploads\/2020\/03\/box-premium-edition-150x150.png\" alt=\"\" class=\"wp-image-381\" width=\"150\" height=\"150\" srcset=\"https:\/\/lunarship.com\/wp-content\/uploads\/2020\/03\/box-premium-edition-150x150.png 150w, https:\/\/lunarship.com\/wp-content\/uploads\/2020\/03\/box-premium-edition.png 200w\" sizes=\"(max-width: 150px) 100vw, 150px\" \/><\/figure>\n<\/div><\/div>\n\n\n\n<div class=\"wp-block-uagb-column uagb-column__wrap uagb-column__background-undefined uagb-block-c8485e77-d5ec-4c4c-bd92-65b0b4e5bfde\"><div class=\"uagb-column__overlay\"><\/div><div class=\"uagb-column__inner-wrap\">\n<h2 id=\"kt-adv-heading_b91f7b-4c\" class=\"kt-adv-heading_b91f7b-4c wp-block-kadence-advancedheading\">Phototheca Premium<\/h2>\n\n\n\n<p>La edici\u00f3n m\u00e1s avanzada de Phototheca. Se incluye todo lo ya incluido en la versi\u00f3n Pro, m\u00e1s caracter\u00edsticas de edici\u00f3n y tama\u00f1o ilimitado de mediateca. Requiere compra y activaci\u00f3n.<\/p>\n<\/div><\/div>\n\n\n\n<div class=\"wp-block-uagb-column uagb-column__wrap uagb-column__background-undefined uagb-block-42312fb9-6080-4190-92a7-1eb1a74bbbb4\"><div class=\"uagb-column__overlay\"><\/div><div class=\"uagb-column__inner-wrap\"><style id=\"kt-blocks_07c641-4f\" type=\"text\/css\">.kt-btns_07c641-4f .kt-btn-wrap-0 {margin-right:5px;}.kt-btns_07c641-4f .kt-btn-wrap-0 .kt-button {width:180px;color:#ffffff;font-size:24px;background:linear-gradient(90deg, rgba(58, 88, 212, 1) 0%, rgba(173, 119, 240, 1) 100%);border-color:rgba(85, 85, 85, 1);box-shadow:0px 4px 15px 2px rgba(40, 43, 221, 0.2);}.kt-btns_07c641-4f .kt-btn-wrap-0 .kt-button:hover, .kt-btns_07c641-4f .kt-btn-wrap-0 .kt-button:focus {color:#ffffff;border-color:rgba(47, 106, 207, 1);}.kt-btns_07c641-4f .kt-btn-wrap-0 .kt-button::before {background:rgba(47, 106, 207, 1);}<\/style>\n<div class=\"wp-block-kadence-advancedbtn kt-btn-align-center kt-btn-tablet-align-inherit kt-btn-mobile-align-inherit kt-btns-wrap kt-btns_07c641-4f margintop60\"><div class=\"kt-btn-wrap kt-btn-wrap-0\"><a class=\"kt-button button kt-btn-0-action kt-btn-size-small kt-btn-style-basic kt-btn-svg-show-always kt-btn-has-text-true kt-btn-has-svg-false\" href=\"https:\/\/lunarship.s3.us-east-1.amazonaws.com\/builds\/Phototheca-2025.10.18.4365.exe\" style=\"border-radius:6px;border-width:0px\"><span class=\"kt-btn-inner-text\">Descargar<\/span><\/a><\/div><\/div>\n<\/div><\/div>\n<\/div><\/section>\n\n\n\n<div style=\"height:100px\" aria-hidden=\"true\" class=\"wp-block-spacer\"><\/div>\n\n\n\n<section class=\"wp-block-uagb-section uagb-section__wrap uagb-section__background-undefined uagb-block-0ca07b48-057f-43cf-adf0-831445a06e12\"><div class=\"uagb-section__overlay\"><\/div><div class=\"uagb-section__inner-wrap\">\n<h2 class=\"has-text-align-center\">Especificaciones t\u00e9cnicas<\/h2>\n\n\n\n<h3 id=\"kt-adv-heading_e2e219-9a\" class=\"kt-adv-heading_e2e219-9a wp-block-kadence-advancedheading\">Sobre<\/h3>\n\n\n\n<hr class=\"wp-block-separator has-text-color has-background has-vivid-cyan-blue-background-color has-vivid-cyan-blue-color is-style-wide\"\/>\n\n\n\n<section class=\"wp-block-uagb-columns uagb-columns__wrap uagb-columns__background-undefined uagb-columns__stack-mobile uagb-columns__valign-undefined uagb-columns__gap-10 alignundefined uagb-block-c7b470ea-f0cd-44ff-8d17-ce8ae2df9a40\"><div class=\"uagb-columns__overlay\"><\/div><div class=\"uagb-columns__inner-wrap uagb-columns__columns-2\">\n<div class=\"wp-block-uagb-column uagb-column__wrap uagb-column__background-undefined uagb-block-ba432c53-2d21-4e32-ada0-35e8af078a89\"><div class=\"uagb-column__overlay\"><\/div><div class=\"uagb-column__inner-wrap\">\n<section class=\"wp-block-uagb-columns uagb-columns__wrap uagb-columns__background-undefined uagb-columns__stack-mobile uagb-columns__valign-undefined uagb-columns__gap-10 alignundefined uagb-block-a7a78504-816c-48b5-9f3b-356f1f83fcf1\"><div class=\"uagb-columns__overlay\"><\/div><div class=\"uagb-columns__inner-wrap uagb-columns__columns-2\">\n<div class=\"wp-block-uagb-column uagb-column__wrap uagb-column__background-undefined uagb-block-387b525c-1b25-476a-a239-012753a47ea0\"><div class=\"uagb-column__overlay\"><\/div><div class=\"uagb-column__inner-wrap\">\n<figure class=\"wp-block-image size-large\"><img width=\"200\" height=\"200\" src=\"https:\/\/lunarship.com\/wp-content\/uploads\/2020\/03\/box-premium-edition.png\" alt=\"\" class=\"wp-image-645\" srcset=\"https:\/\/lunarship.com\/wp-content\/uploads\/2020\/03\/box-premium-edition.png 200w, https:\/\/lunarship.com\/wp-content\/uploads\/2020\/03\/box-premium-edition-150x150.png 150w\" sizes=\"(max-width: 200px) 100vw, 200px\" \/><\/figure>\n<\/div><\/div>\n\n\n\n<div class=\"wp-block-uagb-column uagb-column__wrap uagb-column__background-undefined uagb-block-6fd4ac49-0b44-4f4c-8579-44180a201022\"><div class=\"uagb-column__overlay\"><\/div><div class=\"uagb-column__inner-wrap\">\n<figure class=\"wp-block-table is-style-regular table_no_borders\"><table class=\"\"><tbody><tr><td class=\"has-text-align-right\" data-align=\"right\"><strong>Versi\u00f3n<\/strong><\/td><td>2020.1.1.2900<\/td><\/tr><tr><td class=\"has-text-align-right\" data-align=\"right\"><strong>Talla<\/strong><\/td><td>128MB<\/td><\/tr><tr><td class=\"has-text-align-right\" data-align=\"right\"><strong>Precio<\/strong><\/td><td>$54.95<\/td><\/tr><\/tbody><\/table><\/figure>\n\n\n<style id=\"kt-blocks_766ed6-94\" type=\"text\/css\">.kt-btns_766ed6-94 .kt-btn-wrap-0 {margin-right:5px;}.kt-btns_766ed6-94 .kt-btn-wrap-0 .kt-button {width:230px;color:#ffffff;font-size:20px;background:linear-gradient(90deg, rgba(14, 214, 78, 1) 0%, rgba(6, 170, 195, 1) 100%);border-color:rgba(85, 85, 85, 1);box-shadow:0px 4px 15px 6px rgba(39, 221, 152, 0.2);}.kt-btns_766ed6-94 .kt-btn-wrap-0 .kt-button:hover, .kt-btns_766ed6-94 .kt-btn-wrap-0 .kt-button:focus {color:#ffffff;border-color:rgba(14, 214, 78, 1);}.kt-btns_766ed6-94 .kt-btn-wrap-0 .kt-button::before {background:rgba(14, 214, 78, 1);}<\/style>\n<div class=\"wp-block-kadence-advancedbtn kt-btn-align-center kt-btn-tablet-align-inherit kt-btn-mobile-align-inherit kt-btns-wrap kt-btns_766ed6-94\"><div class=\"kt-btn-wrap kt-btn-wrap-0\"><a class=\"kt-button button kt-btn-0-action kt-btn-size-small kt-btn-style-basic kt-btn-svg-show-always kt-btn-has-text-true kt-btn-has-svg-false\" href=\"https:\/\/lunarship.com\/pricing\/\" style=\"border-radius:6px;border-width:0px\"><span class=\"kt-btn-inner-text\">Comprar Phototheca<\/span><\/a><\/div><\/div>\n<\/div><\/div>\n<\/div><\/section>\n<\/div><\/div>\n\n\n\n<div class=\"wp-block-uagb-column uagb-column__wrap uagb-column__background-undefined uagb-block-55f4de09-6fcc-4ad1-9c36-aeecd11e3b7c\"><div class=\"uagb-column__overlay\"><\/div><div class=\"uagb-column__inner-wrap\">\n<h4 id=\"kt-adv-heading_fe1b48-77\" class=\"kt-adv-heading_fe1b48-77 wp-block-kadence-advancedheading\" style=\"text-align:left\">Lenguajes de interfaz<\/h4>\n\n\n\n<section class=\"wp-block-uagb-columns uagb-columns__wrap uagb-columns__background-undefined uagb-columns__stack-mobile uagb-columns__valign-undefined uagb-columns__gap-10 alignundefined uagb-block-6e64650a-a26c-4e11-9d37-e10692081f3c\"><div class=\"uagb-columns__overlay\"><\/div><div class=\"uagb-columns__inner-wrap uagb-columns__columns-4\">\n<div class=\"wp-block-uagb-column uagb-column__wrap uagb-column__background-undefined uagb-block-0bfe4696-42ae-4260-a59c-46cd5436a8b1\"><div class=\"uagb-column__overlay\"><\/div><div class=\"uagb-column__inner-wrap\">\n<figure class=\"wp-block-image size-large image_flag\"><img width=\"102\" height=\"60\" src=\"https:\/\/lunarship.com\/wp-content\/uploads\/2020\/05\/English_language.gif\" alt=\"\" class=\"wp-image-1299\"\/><\/figure>\n<\/div><\/div>\n\n\n\n<div class=\"wp-block-uagb-column uagb-column__wrap uagb-column__background-undefined uagb-block-fcba010c-c301-4950-9b9b-2deea9c071ac\"><div class=\"uagb-column__overlay\"><\/div><div class=\"uagb-column__inner-wrap\">\n<figure class=\"wp-block-image size-large image_flag\"><img width=\"102\" height=\"60\" src=\"https:\/\/lunarship.com\/wp-content\/uploads\/2020\/05\/Germany_language.gif\" alt=\"\" class=\"wp-image-1302\"\/><\/figure>\n<\/div><\/div>\n\n\n\n<div class=\"wp-block-uagb-column uagb-column__wrap uagb-column__background-undefined uagb-block-9aad2059-f575-44ef-b8ec-d1d367e6b5a6\"><div class=\"uagb-column__overlay\"><\/div><div class=\"uagb-column__inner-wrap\">\n<figure class=\"wp-block-image size-large image_flag\"><img width=\"102\" height=\"60\" src=\"https:\/\/lunarship.com\/wp-content\/uploads\/2020\/05\/Italian_language.gif\" alt=\"\" class=\"wp-image-1305\"\/><\/figure>\n<\/div><\/div>\n\n\n\n<div class=\"wp-block-uagb-column uagb-column__wrap uagb-column__background-undefined uagb-block-835f8698-d82b-48ce-86f3-83ac3294cb9b\"><div class=\"uagb-column__overlay\"><\/div><div class=\"uagb-column__inner-wrap\">\n<figure class=\"wp-block-image size-large image_flag\"><img width=\"102\" height=\"60\" src=\"https:\/\/lunarship.com\/wp-content\/uploads\/2020\/05\/Spanish_language.gif\" alt=\"\" class=\"wp-image-1308\"\/><\/figure>\n<\/div><\/div>\n<\/div><\/section>\n<\/div><\/div>\n<\/div><\/section>\n\n\n\n<h3 id=\"kt-adv-heading_ee0413-2e\" class=\"kt-adv-heading_ee0413-2e wp-block-kadence-advancedheading\">Requisitos del sistema<\/h3>\n\n\n\n<hr class=\"wp-block-separator has-text-color has-background has-vivid-cyan-blue-background-color has-vivid-cyan-blue-color is-style-wide\"\/>\n\n\n\n<figure class=\"wp-block-table\">\n<table class=\"table_no_borders\">\n  <colgroup>\n    <col style=\"width:20%\">\n    <col style=\"width:50%\">\n  <\/colgroup>\n<tbody><tr><td class=\"has-text-align-right bold\" data-align=\"right\">Sistema operativo<\/td><td>Microsoft\u00ae Windows\u00ae 7\/8\/10 32\/64-bit con parches y service packs actualizados instalados<\/td><\/tr><tr><td class=\"has-text-align-right bold\" data-align=\"right\">Procesador<\/td><td>Intel\u00ae, AMD\u00ae, o procesador compatible de doble n\u00facleo, 1.5 GHz<\/td><\/tr><tr><td class=\"has-text-align-right  bold\" data-align=\"right\">Tarjeta grafica<\/td><td>Tarjeta gr\u00e1fica con OpenGL 1.4 o superior<\/td><\/tr><tr><td class=\"has-text-align-right  bold\" data-align=\"right\">Display<\/td><td>1280 \u00d7 768 resoluci\u00f3n de pantalla, color de 32 bits. Una o dos pantallas<\/td><\/tr><tr><td class=\"has-text-align-right bold\" data-align=\"right\">RAM<\/td><td>4 GB para Windows 7, Windows 8 y Windows 10<\/td><\/tr><tr><td class=\"has-text-align-right bold\" data-align=\"right\">Espacio en el disco duro<\/td><td>585 MB de espacio disponible en el disco duro para la instalaci\u00f3n, 1-5 GB para operaciones continuas<\/td><\/tr><tr><td class=\"has-text-align-right\" data-align=\"right\"><\/td><td>Desafortunadamente, no se puede garantizar el procesamiento correcto de archivos de im\u00e1genes grandes con dimensiones superiores a 6000 \u00d7 8000 p\u00edxeles.<\/td><\/tr><\/tbody><\/table><\/figure>\n<\/div><\/section>\n","protected":false},"excerpt":{"rendered":"<p>Descargar Phototheca Organice, cree y comparta fotograf\u00edas y v\u00eddeos digitales<\/p>\n","protected":false},"author":1,"featured_media":0,"parent":0,"menu_order":0,"comment_status":"closed","ping_status":"closed","template":"","meta":{"ub_ctt_via":"","kt_blocks_editor_width":""},"featured_image_src":null,"uagb_featured_image_src":{"full":false,"thumbnail":false,"medium":false,"medium_large":false,"large":false,"1536x1536":false,"2048x2048":false},"uagb_author_info":{"display_name":"adm1n1sTraToR","author_link":"https:\/\/lunarship.com\/es\/author\/adm1n1strator\/"},"uagb_comment_info":0,"uagb_excerpt":"Descargar Phototheca Organice, cree y comparta fotograf\u00edas y v\u00eddeos digitales","_links":{"self":[{"href":"https:\/\/lunarship.com\/es\/wp-json\/wp\/v2\/pages\/1191"}],"collection":[{"href":"https:\/\/lunarship.com\/es\/wp-json\/wp\/v2\/pages"}],"about":[{"href":"https:\/\/lunarship.com\/es\/wp-json\/wp\/v2\/types\/page"}],"author":[{"embeddable":true,"href":"https:\/\/lunarship.com\/es\/wp-json\/wp\/v2\/users\/1"}],"replies":[{"embeddable":true,"href":"https:\/\/lunarship.com\/es\/wp-json\/wp\/v2\/comments?post=1191"}],"version-history":[{"count":0,"href":"https:\/\/lunarship.com\/es\/wp-json\/wp\/v2\/pages\/1191\/revisions"}],"wp:attachment":[{"href":"https:\/\/lunarship.com\/es\/wp-json\/wp\/v2\/media?parent=1191"}],"curies":[{"name":"wp","href":"https:\/\/api.w.org\/{rel}","templated":true}]}}