{"id":1351,"date":"2020-05-20T17:20:40","date_gmt":"2020-05-20T17:20:40","guid":{"rendered":"https:\/\/lunarship.com\/?page_id=1351"},"modified":"2020-05-20T17:20:43","modified_gmt":"2020-05-20T17:20:43","slug":"thank-you","status":"publish","type":"page","link":"https:\/\/lunarship.com\/es\/thank-you\/","title":{"rendered":"Thank you"},"content":{"rendered":"\n<h1 id=\"kt-adv-heading_2513aa-0d\" class=\"kt-adv-heading_2513aa-0d wp-block-kadence-advancedheading\" style=\"text-align:center\">Gracias por instalar Phototheca<\/h1>\n\n\n\n<section class=\"wp-block-uagb-section uagb-section__wrap uagb-section__background-undefined uagb-block-0567e4ff-adc8-425e-8ae6-c2786086dffc\"><div class=\"uagb-section__overlay\"><\/div><div class=\"uagb-section__inner-wrap\">\n<p class=\"has-text-align-center has-medium-font-size\">Se ha completado la instalaci\u00f3n y Phototheca est\u00e1 listo para organizar sus fotograf\u00edas y v\u00eddeos.<\/p>\n\n\n\n<div class=\"wp-block-image\"><figure class=\"aligncenter size-large\"><img width=\"1024\" height=\"1\" src=\"https:\/\/lunarship.com\/wp-content\/uploads\/2020\/02\/divider_line_1divider_line-1024x1.png\" alt=\"\" class=\"wp-image-281\" srcset=\"https:\/\/lunarship.com\/wp-content\/uploads\/2020\/02\/divider_line_1divider_line-1024x1.png 1024w, https:\/\/lunarship.com\/wp-content\/uploads\/2020\/02\/divider_line_1divider_line-300x1.png 300w, https:\/\/lunarship.com\/wp-content\/uploads\/2020\/02\/divider_line_1divider_line-150x1.png 150w, https:\/\/lunarship.com\/wp-content\/uploads\/2020\/02\/divider_line_1divider_line-768x1.png 768w, https:\/\/lunarship.com\/wp-content\/uploads\/2020\/02\/divider_line_1divider_line.png 1120w\" sizes=\"(max-width: 1024px) 100vw, 1024px\" \/><\/figure><\/div>\n\n\n\n<section class=\"wp-block-uagb-columns uagb-columns__wrap uagb-columns__background-undefined uagb-columns__stack-mobile uagb-columns__valign-undefined uagb-columns__gap-10 alignundefined uagb-block-bff69584-ac8d-4851-88f3-d24705198c8f\"><div class=\"uagb-columns__overlay\"><\/div><div class=\"uagb-columns__inner-wrap uagb-columns__columns-2\">\n<div class=\"wp-block-uagb-column uagb-column__wrap uagb-column__background-undefined uagb-block-e1cf79f7-5509-4766-8c25-b800203f3cc9\"><div class=\"uagb-column__overlay\"><\/div><div class=\"uagb-column__inner-wrap\">\n<h2 class=\"has-text-align-center\">Libere caracter\u00edsticas extras con Pro\/Premium<\/h2>\n\n\n\n<p>\u25cf Uso comercial de Phototheca en su espacio de trabajo<\/p>\n\n\n\n<p>\u25cf Uso ilimitado de la mediateca (hasta 5.000 im\u00e1genes Gratis en Phototheca)<\/p>\n\n\n\n<p>\u25cf Soporte para iPhone e iPad. Importe fotograf\u00edas directamente desde dispositivos Apple<\/p>\n\n\n\n<p>\u25cf Restaure contrase\u00f1as olvidadas o cajas fuerte<\/p>\n\n\n\n<p>\u25cf Herramientas de edici\u00f3n de fotograf\u00edas<\/p>\n\n\n\n<p>\u25cf Soporte de ayuda Prioritario<\/p>\n<\/div><\/div>\n\n\n\n<div class=\"wp-block-uagb-column uagb-column__wrap uagb-column__background-undefined uagb-block-338585ca-f504-4cd7-b33d-a5e767e395e4\"><div class=\"uagb-column__overlay\"><\/div><div class=\"uagb-column__inner-wrap\">\n<h2 class=\"has-text-align-center\">Aprenda c\u00f3mo empezar<\/h2>\n\n\n\n<p> Lea nuestro manual <a href=\"https:\/\/lunarship.com\/how-to-start-organizing-photos\/\">C\u00f3mo empezar a organizar<\/a><\/p>\n\n\n\n<p>Conozca la <a href=\"https:\/\/lunarship.com\/manual\/\">Gu\u00eda de Usuario de Phototheca<\/a> para aprender a manejar el software<\/p>\n\n\n\n<p>Conozca casos t\u00edpicos en la secci\u00f3n <a href=\"https:\/\/lunarship.com\/wiki\/category\/howto\/\">C\u00f3mo hacerlo<\/a><\/p>\n<\/div><\/div>\n<\/div><\/section>\n\n\n<style id=\"kt-blocks_a7be93-4d\" type=\"text\/css\">.kt-btns_a7be93-4d .kt-btn-wrap-0 {margin-right:5px;}.kt-btns_a7be93-4d .kt-btn-wrap-0 .kt-button {width:300px;color:#ffffff;font-size:22px;background:linear-gradient(90deg, rgba(14, 214, 78, 1) 0%, rgba(6, 170, 195, 1) 100%);border-color:rgba(85, 85, 85, 1);box-shadow:0px 4px 15px 6px rgba(39, 221, 152, 0.2);}.kt-btns_a7be93-4d .kt-btn-wrap-0 .kt-button:hover, .kt-btns_a7be93-4d .kt-btn-wrap-0 .kt-button:focus {color:#ffffff;border-color:rgba(14, 214, 78, 1);}.kt-btns_a7be93-4d .kt-btn-wrap-0 .kt-button::before {background:rgba(14, 214, 78, 1);}<\/style>\n<div class=\"wp-block-kadence-advancedbtn kt-btn-align-center kt-btn-tablet-align-inherit kt-btn-mobile-align-inherit kt-btns-wrap kt-btns_a7be93-4d\"><div class=\"kt-btn-wrap kt-btn-wrap-0\"><a class=\"kt-button button kt-btn-0-action kt-btn-size-standard kt-btn-style-basic kt-btn-svg-show-always kt-btn-has-text-true kt-btn-has-svg-false\" href=\"https:\/\/lunarship.com\/pricing\/\" style=\"border-radius:6px;border-width:0px\"><span class=\"kt-btn-inner-text\">Compre Phototheca Pro<\/span><\/a><\/div><\/div>\n<\/div><\/section>\n\n\n\n<figure class=\"wp-block-image size-large\"><img width=\"1024\" height=\"1\" src=\"https:\/\/lunarship.com\/wp-content\/uploads\/2020\/02\/divider_line_1divider_line-1024x1.png\" alt=\"\" class=\"wp-image-281\" srcset=\"https:\/\/lunarship.com\/wp-content\/uploads\/2020\/02\/divider_line_1divider_line-1024x1.png 1024w, https:\/\/lunarship.com\/wp-content\/uploads\/2020\/02\/divider_line_1divider_line-300x1.png 300w, https:\/\/lunarship.com\/wp-content\/uploads\/2020\/02\/divider_line_1divider_line-150x1.png 150w, https:\/\/lunarship.com\/wp-content\/uploads\/2020\/02\/divider_line_1divider_line-768x1.png 768w, https:\/\/lunarship.com\/wp-content\/uploads\/2020\/02\/divider_line_1divider_line.png 1120w\" sizes=\"(max-width: 1024px) 100vw, 1024px\" \/><\/figure>\n","protected":false},"excerpt":{"rendered":"<p>Gracias por instalar Phototheca<\/p>\n","protected":false},"author":1,"featured_media":0,"parent":0,"menu_order":0,"comment_status":"closed","ping_status":"closed","template":"","meta":{"ub_ctt_via":"","kt_blocks_editor_width":""},"featured_image_src":null,"uagb_featured_image_src":{"full":false,"thumbnail":false,"medium":false,"medium_large":false,"large":false,"1536x1536":false,"2048x2048":false},"uagb_author_info":{"display_name":"adm1n1sTraToR","author_link":"https:\/\/lunarship.com\/es\/author\/adm1n1strator\/"},"uagb_comment_info":0,"uagb_excerpt":"Gracias por instalar Phototheca","_links":{"self":[{"href":"https:\/\/lunarship.com\/es\/wp-json\/wp\/v2\/pages\/1351"}],"collection":[{"href":"https:\/\/lunarship.com\/es\/wp-json\/wp\/v2\/pages"}],"about":[{"href":"https:\/\/lunarship.com\/es\/wp-json\/wp\/v2\/types\/page"}],"author":[{"embeddable":true,"href":"https:\/\/lunarship.com\/es\/wp-json\/wp\/v2\/users\/1"}],"replies":[{"embeddable":true,"href":"https:\/\/lunarship.com\/es\/wp-json\/wp\/v2\/comments?post=1351"}],"version-history":[{"count":0,"href":"https:\/\/lunarship.com\/es\/wp-json\/wp\/v2\/pages\/1351\/revisions"}],"wp:attachment":[{"href":"https:\/\/lunarship.com\/es\/wp-json\/wp\/v2\/media?parent=1351"}],"curies":[{"name":"wp","href":"https:\/\/api.w.org\/{rel}","templated":true}]}}