{"id":1355,"date":"2020-05-20T17:30:51","date_gmt":"2020-05-20T17:30:51","guid":{"rendered":"https:\/\/lunarship.com\/?page_id=1355"},"modified":"2020-05-27T20:02:46","modified_gmt":"2020-05-27T20:02:46","slug":"raw","status":"publish","type":"page","link":"https:\/\/lunarship.com\/es\/raw\/","title":{"rendered":"RAW"},"content":{"rendered":"\n<h1 id=\"kt-adv-heading_e23fd9-65\" class=\"kt-adv-heading_e23fd9-65 wp-block-kadence-advancedheading\" style=\"text-align:center\">RAW en Phototheca<\/h1>\n\n\n\n<section class=\"wp-block-uagb-columns uagb-columns__wrap uagb-columns__background-undefined uagb-columns__stack-mobile uagb-columns__valign-undefined uagb-columns__gap-10 alignundefined uagb-block-3ae9b0fc-9605-43f0-b0f9-f5ead7037a92\"><div class=\"uagb-columns__overlay\"><\/div><div class=\"uagb-columns__inner-wrap uagb-columns__columns-1\">\n<div class=\"wp-block-uagb-column uagb-column__wrap uagb-column__background-undefined uagb-block-52545784-8a41-4b53-8163-c37ed10ac199\"><div class=\"uagb-column__overlay\"><\/div><div class=\"uagb-column__inner-wrap\">\n<p>Phototheca trabaja con formatos de archivo RAW a trav\u00e9s del marco <em>Windows Imaging Component<\/em> (WIC) con soporte en Windows 7, Windows 8 y versiones posteriores de Windows.<\/p>\n\n\n\n<p>WIC permite a aplicaciones como Phototheca trabajar con formatos de imagen a trav\u00e9s de los llamados <em>codecs<\/em> proporcionados por la c\u00e1mara y otros proveedores de hardware. Sin la necesidad de conocer los detalles internos de un formato de archivo, Phototheca puede manejar los archivos siempre que se encuentre instalado un c\u00f3dec de trabajo.<\/p>\n\n\n\n<p>Le rogamos que est\u00e9 seguro de haber instalado en todo momento el \u00faltimo codec RAW (codec WIC) del sitio web del proveedor de su c\u00e1mara. Esto garantiza que Phototheca pueda leer y reproducir las im\u00e1genes con la mejor calidad posible.<\/p>\n\n\n\n<p>Existen diferentes situaciones posibles cuando se trata de versiones espec\u00edficas de Windows y WIC.<\/p>\n\n\n\n<h2>Windows 10, Windows 8.1, Windows 8<\/h2>\n\n\n\n<p>Tiene suerte ya que estos sistemas operativos tienen codecs WIC integrados para decodificar m\u00faltiples formatos RAW de Microsoft. Esos codecs est\u00e1n disponibles a trav\u00e9s de Windows Update, por lo que solo debe mantener actualizado su sistema operativo para poder disfrutar de la compatibilidad RAW para el creciente n\u00famero de modelos de c\u00e1maras. <\/p>\n\n\n\n<p>Phototheca comprueba esta situaci\u00f3n y muestra este mensaje:<\/p>\n\n\n\n<figure class=\"wp-block-image size-large\"><img width=\"560\" height=\"334\" src=\"https:\/\/lunarship.com\/wp-content\/uploads\/2020\/02\/RAW_in_Phototheca.png\" alt=\"\" class=\"wp-image-347\" srcset=\"https:\/\/lunarship.com\/wp-content\/uploads\/2020\/02\/RAW_in_Phototheca.png 560w, https:\/\/lunarship.com\/wp-content\/uploads\/2020\/02\/RAW_in_Phototheca-300x179.png 300w\" sizes=\"(max-width: 560px) 100vw, 560px\" \/><\/figure>\n\n\n\n<h2>Windows 7, Windows Vista SP2<\/h2>\n\n\n\n<p>Estos sistemas operativos no tienen codecs RAW incorporados. Existe un paquete de codecs de Microsoft (Microsoft Camera Codec Pack) que soporta la compatibilidad RAW en Windows 7 y Vista SP2 a trav\u00e9s de WIC. Desc\u00e1rguelo e inst\u00e1lelo en el siguiente enlace y obtenga soporte para m\u00e1s de 100 formatos RAW y modelos de c\u00e1mara.<\/p>\n\n\n\n<p>Preste atenci\u00f3n a la <em>versi\u00f3n<\/em> de su sistema operativo: <br> Si posee Windows 32-bit: el archivo necesario para la instalaci\u00f3n es \u201c<strong>MicrosoftCameraCodecPack-x86.msi<\/strong>\u201d <br> Si posee Windows 64-bit: utilice el instalador \u201c<strong>MicrosoftCameraCodecPack-x64.msi<\/strong>\u201d.<br> Ambos archivos est\u00e1n disponibles en el enlace:<a href=\"https:\/\/www.microsoft.com\/en-us\/download\/details.aspx?id=26829\"><br> Descargar Microsoft Camera Codec Pack<\/a><\/p>\n\n\n\n<p> Phototheca comprueba si estos codecs est\u00e1n o no instalados y le muestra el siguiente mensaje:<\/p>\n\n\n\n<figure class=\"wp-block-image size-large\"><img width=\"560\" height=\"334\" src=\"https:\/\/lunarship.com\/wp-content\/uploads\/2020\/02\/RAW_in_Phototheca_Windows_7_and_Vista.png\" alt=\"\" class=\"wp-image-348\" srcset=\"https:\/\/lunarship.com\/wp-content\/uploads\/2020\/02\/RAW_in_Phototheca_Windows_7_and_Vista.png 560w, https:\/\/lunarship.com\/wp-content\/uploads\/2020\/02\/RAW_in_Phototheca_Windows_7_and_Vista-300x179.png 300w\" sizes=\"(max-width: 560px) 100vw, 560px\" \/><\/figure>\n\n\n\n<h2>Formatos RAW soportados por proveedores de hardware<\/h2>\n\n\n\n<p>Los principales proveedores de c\u00e1maras lanzan tambi\u00e9n implementaciones de codecs WIC propias, para dar soporte RAW a los usuarios finales. Es l\u00f3gico considerar que los codecs de configuraci\u00f3n de un proveedor ofrezcan mejor soporte para formatos RAW que el que podemos obtener de la implementaci\u00f3n de Microsoft.<\/p>\n\n\n\n<p><strong>32-Bit and 64-Bit<\/strong><br>Los codecs instalados deben ser coincidentes con la versi\u00f3n del sistema operativo. Si ejecuta una versi\u00f3n de Windows de 64 bits, debe instalar la variante de 64 bits de los codecs RAW proporcionados por el proveedor de su c\u00e1mara. Si su proveedor de su c\u00e1mara no ofrece codecs de 64 bits, considere usar el paquete de codecs de Microsoft o comprar el paquete de codecs FastPictureViewer para obtener soporte completo de WIC en Windows Explorer, Phototheca y otras aplicaciones en versiones de Windows de 64 bits.<\/p>\n\n\n\n<p><strong>Webs de Descarga de Codec WIC<\/strong><br><a href=\"https:\/\/www.nikonimglib.com\/nefcodec\/index.html.en\">Nikon<\/a><br><a href=\"https:\/\/www.usa.canon.com\/internet\/portal\/us\/home\/support\/details\/cameras\/support-software-applications\/canon-raw-codec-software\">Canon<\/a><br><a href=\"https:\/\/support.d-imaging.sony.co.jp\/www\/download\/vista_raw\/\">Sony<\/a><br><a href=\"https:\/\/www.olympus.co.jp\/en\/support\/imsg\/digicamera\/download\/software\/codec\/index.cfm\">Olympus<\/a><br><a href=\"https:\/\/www.microsoft.com\/download\/en\/details.aspx?id=26829\">Microsoft Free Codec Pack for 32 and 64 Bit<\/a><br><a href=\"https:\/\/www.adobe.com\/support\/downloads\/detail.jsp?ftpID=5495\">Adobe DNG<\/a><br><a href=\"http:\/\/www.fastpictureviewer.com\/codecs\/\">FastPictureViewer Codec Pack<br><\/a>Vea tambi\u00e9n este <a href=\"https:\/\/en.wikipedia.org\/wiki\/Windows_Imaging_Component\">art\u00edculo de Wikipedia<\/a> para m\u00e1s informaci\u00f3n sobre WIC y sobre Microsoft &nbsp;<a href=\"https:\/\/msdn.microsoft.com\/en-us\/library\/ee719654%28v=VS.85%29.aspx\">Windows Imaging Component Overview<\/a>.    <\/p>\n\n\n\n<h3>Modelos de c\u00e1mara soportados por Phototheca a trav\u00e9s de Microsoft Camera Codec Pack<\/h3>\n\n\n\n<p><strong>Canon:<\/strong> Digital Rebel\n XT, Digital Rebel XTi, EOS 1DC, EOS 10D, EOS 20D, EOS 30D, EOS 40D, EOS\n 50D Digital, EOS 60D, EOS 60Da, EOS 70D, EOS 100D, EOS 300D, EOS 350D, \nEOS 400D, EOS 450D, EOS 500D, EOS 550D, EOS 600D, EOS 650D, EOS 700D, \nEOS 1000D, EOS1100D, EOS 5D, EOS 5D Mark II, EOS 5D Mark III, EOS 6D, \nEOS 7D Digital, EOS D30, EOS D60, EOS Digital Rebel, EOS Kiss Digital, \nEOS Kiss Digital N, EOS Kiss Digital X, EOS Kiss F, EOS Kiss X2, EOS \nKiss X3, EOS Kiss X4, EOS Kiss X5, EOS Kiss X6i, EOS Kiss X7, EOS Kiss \nX7i, EOS Kiss X50, EOS M, EOS Rebel SL1, EOS Rebel T1i, EOS Rebel T2i, \nEOS Rebel T3, EOS Rebel T3i, EOS Rebel T4i, EOS Rebel T5i , EOS Rebel \nXS, EOS Rebel XSi, EOS-1D, EOS-1D X, EOS-1D Mark II, EOS-1D Mark II N, \nEOS-1D Mark III, EOS-1D Mark IV, EOS-1Ds, EOS-1Ds Mark II, EOS-1Ds Mark \nIII, PowerShot G1 X, PowerShot G2, PowerShot G3, PowerShot G5, PowerShot\n G6, PowerShot G9, PowerShot G10, PowerShot G11, PowerShot G12, \nPowerShot G15, PowerShot Pro1, PowerShot S90, PowerShot S95, PowerShot \nS100, PowerShot S100V, PowerShot S110, PowerShot SX1 IS, PowerShot SX50 \nHS<br><strong>Casio:<\/strong> EX-FH20<br><strong>Epson:<\/strong> R-D1, R-D1s<br><strong>Fujifilm:<\/strong> X10, XF1<br><strong>Kodak:<\/strong> EasyShare Z981, EasyShare Z1015 IS<br><strong>Konica Minolta:<\/strong> ALPHA SWEET DIGITAL, ALPHA-5 DIGITAL, ALPHA-7 DIGITAL, DiMAGE A1, DiMAGE A2, DYNAX 5D, DYNAX 7D, Maxxum 5D, Maxxum 7D<br><strong>Leica:<\/strong> DIGILUX 3, D-LUX 4, M8, M8.2, M9<br><strong>Nikon: <\/strong>1\n J1, 1 J2, 1 J3, 1 S1, 1 V1, 1 V2, Coolpix 5400, Coolpix P6000, Coolpix \nP7000, Coolpix P7100, Coolpix 8700, D1H, D2H, D2Hs, D2X, D2Xs, D3, D3s, \nD3X, D4, D40, D40x, D50, D60, D70, D70s, D80, D90, D100, D200, D300, \nD300s, D600, D700, D800, D800E, D3000, D3100, D3200, D5000, D5100, \nD5200, D7000, D7100<br><strong>Olympus:<\/strong> C-7070 Wide Zoom, \nC-8080 Wide Zoom, E-1, E-3, E-10, E-20, E-30, E-420, E-450, E-520, \nE-600, E-620, EVOLT E-300, EVOLT E-330, EVOLT E-400, EVOLT E-410, EVOLT \nE-500, EVOLT E-510, OM-D E-M5, PEN E-P1, PEN E-P2, PEN-P3, PEN E-PL1, \nPEN E-PL2, PEN E-PL3, PEN E-PL1s, PEN E-PL5, PEN E-PM1, PEN E-PM2, XZ-1,\n XZ-2, XZ-10<br><strong>Panasonic:<\/strong> Lumix DMX-FZ40, Lumix \nDMC-FZ150, Lumix DMC-FZ200, Lumix DMC-G1, Lumix DMX-G2, Lumix DMC-G3, \nLumix DMX-G5, Lumix DMC-GF1, Lumix DMC-GF2, Lumix DMC-GF3, Lumix \nDMX-GF5, Lumix DMC-GH1, Lumix DMC-GH2, Lumix DMC-GH3, Lumix DMX-GX1, \nLumix DMC-LX3, Lumix DMC-LX5, Lumix DMX-LX7<br><strong>Pentax (PEF formats only):<\/strong> *ist D, *ist DL, *ist DS, K10D, K20D, K100D, K100D Super, K110D, K200D, K-01, K-5, K-7, K-r, K-x<br><strong>Samsung:<\/strong> EX2F, Galaxy NX, NX10, NX11, NX20, NX300, NX1000, NX2000<br><strong>Sony:<\/strong>\n DSLR-A100, DSLR-A200, DSLR-A230, DSLR-A300, DSLR-A330, DSLR-A350, \nDSLR-A380, DSLR-A500, DSLR-A550, DSLR-A560, DSLR-A580, DSLR-A700, \nDSLR-A850, DSLR-A900, Alpha NEX-C3, Alpha NEX-F3, Alpha NEX-3, Alpha \nNEX-3N, Alpha NEX-5, Alpha NEX-5N, Alpha NEX-5R, Alpha NEX-6, Alpha \nNEX-7, Alpha SLT-A33, Alpha SLT-A35, Alpha SLT-A37, Alpha SLT-A55\/A55V, \nAlpha SLT-A57, Alpha SLT-A58, Alpha SLT-A65V, Alpha SLT-77V, Alpha SLT \nA-99, Cyber-shot DSC-R1, Cyber-shot DSC-RX1, Cyber-shot DSC-RX1R, \nCyber-shot DSC-RX100, Cyber-shot DSC-RX100 II\n\n<\/p>\n<\/div><\/div>\n<\/div><\/section>\n\n\n\n<p><\/p>\n","protected":false},"excerpt":{"rendered":"<p>RAW en Phototheca<\/p>\n","protected":false},"author":1,"featured_media":0,"parent":0,"menu_order":0,"comment_status":"closed","ping_status":"closed","template":"","meta":{"ub_ctt_via":"","kt_blocks_editor_width":""},"featured_image_src":null,"uagb_featured_image_src":{"full":false,"thumbnail":false,"medium":false,"medium_large":false,"large":false,"1536x1536":false,"2048x2048":false},"uagb_author_info":{"display_name":"adm1n1sTraToR","author_link":"https:\/\/lunarship.com\/es\/author\/adm1n1strator\/"},"uagb_comment_info":0,"uagb_excerpt":"RAW en Phototheca","_links":{"self":[{"href":"https:\/\/lunarship.com\/es\/wp-json\/wp\/v2\/pages\/1355"}],"collection":[{"href":"https:\/\/lunarship.com\/es\/wp-json\/wp\/v2\/pages"}],"about":[{"href":"https:\/\/lunarship.com\/es\/wp-json\/wp\/v2\/types\/page"}],"author":[{"embeddable":true,"href":"https:\/\/lunarship.com\/es\/wp-json\/wp\/v2\/users\/1"}],"replies":[{"embeddable":true,"href":"https:\/\/lunarship.com\/es\/wp-json\/wp\/v2\/comments?post=1355"}],"version-history":[{"count":0,"href":"https:\/\/lunarship.com\/es\/wp-json\/wp\/v2\/pages\/1355\/revisions"}],"wp:attachment":[{"href":"https:\/\/lunarship.com\/es\/wp-json\/wp\/v2\/media?parent=1355"}],"curies":[{"name":"wp","href":"https:\/\/api.w.org\/{rel}","templated":true}]}}