{"id":1359,"date":"2020-03-03T20:47:40","date_gmt":"2020-03-03T20:47:40","guid":{"rendered":"https:\/\/lunarship.com\/?page_id=1359"},"modified":"2021-11-12T21:25:26","modified_gmt":"2021-11-12T21:25:26","slug":"pricing","status":"publish","type":"page","link":"https:\/\/lunarship.com\/es\/pricing\/","title":{"rendered":"Pricing"},"content":{"rendered":"\n<h1 id=\"kt-adv-heading_5b790f-e8\" class=\"kt-adv-heading_5b790f-e8 wp-block-kadence-advancedheading\" style=\"text-align:center\">Tarifas Phototheca<\/h1>\n\n\n\n<section class=\"wp-block-uagb-section uagb-section__wrap uagb-section__background-undefined uagb-block-402e35d3-25d2-44d8-a138-e13699cf5a0d\"><div class=\"uagb-section__overlay\"><\/div><div class=\"uagb-section__inner-wrap\">\n<section class=\"wp-block-uagb-columns uagb-columns__wrap uagb-columns__background-undefined uagb-columns__stack-mobile uagb-columns__valign-undefined uagb-columns__gap-10 alignundefined uagb-block-713b9e38-be9e-4155-97e4-53913086e06e\"><div class=\"uagb-columns__overlay\"><\/div><div class=\"uagb-columns__inner-wrap uagb-columns__columns-1\">\n<div class=\"wp-block-uagb-column uagb-column__wrap uagb-column__background-undefined uagb-block-1480ffc3-a12a-45f0-a273-34ff92b0f66d\"><div class=\"uagb-column__overlay\"><\/div><div class=\"uagb-column__inner-wrap\">\n<h2 id=\"kt-adv-heading_63efb0-6e\" class=\"kt-adv-heading_63efb0-6e wp-block-kadence-advancedheading has-black-color\" style=\"text-align:left\">Tu plan incluye<\/h2>\n\n\n\n<section class=\"wp-block-uagb-columns uagb-columns__wrap uagb-columns__background-undefined uagb-columns__stack-mobile uagb-columns__valign-undefined uagb-columns__gap-10 alignundefined uagb-block-237da754-b0c7-4597-83c8-c39903f93cb2\"><div class=\"uagb-columns__overlay\"><\/div><div class=\"uagb-columns__inner-wrap uagb-columns__columns-2\">\n<div class=\"wp-block-uagb-column uagb-column__wrap uagb-column__background-undefined uagb-block-05a4bdbb-95de-4ff7-b52e-35f19209f438\"><div class=\"uagb-column__overlay\"><\/div><div class=\"uagb-column__inner-wrap\">\n<div class=\"wp-block-image store-box-image-2\"><figure class=\"aligncenter size-large\"><img width=\"200\" height=\"200\" src=\"https:\/\/lunarship.com\/wp-content\/uploads\/2020\/03\/box-premium-edition.png\" alt=\"Phototheca Premium Box\" class=\"wp-image-1937\" srcset=\"https:\/\/lunarship.com\/wp-content\/uploads\/2020\/03\/box-premium-edition.png 200w, https:\/\/lunarship.com\/wp-content\/uploads\/2020\/03\/box-premium-edition-150x150.png 150w\" sizes=\"(max-width: 200px) 100vw, 200px\" \/><\/figure><\/div>\n<\/div><\/div>\n\n\n\n<div class=\"wp-block-uagb-column uagb-column__wrap uagb-column__background-undefined uagb-block-9eb24d8a-0d46-405b-87b3-7fb4561e73d1\"><div class=\"uagb-column__overlay\"><\/div><div class=\"uagb-column__inner-wrap\">\n<div style=\"height:14px\" aria-hidden=\"true\" class=\"wp-block-spacer\"><\/div>\n\n\n\n<ul class=\"has-medium-font-size\"><li>Actualizaciones gratuitas<\/li><li>Fotos ilimitadas<\/li><li>Trabaja en 5 dispositivos<\/li><li>Todas las funciones de edici\u00f3n<\/li><li>Importar desde dispositivos iOS<\/li><\/ul>\n<\/div><\/div>\n<\/div><\/section>\n\n\n\n<section class=\"wp-block-uagb-columns uagb-columns__wrap uagb-columns__background-undefined uagb-columns__stack-mobile uagb-columns__valign-undefined uagb-columns__gap-10 alignundefined uagb-block-35df0d03-42a1-44b2-b18f-3a8b1a5a2f34\"><div class=\"uagb-columns__overlay\"><\/div><div class=\"uagb-columns__inner-wrap uagb-columns__columns-2\">\n<div class=\"wp-block-uagb-column uagb-column__wrap uagb-column__background-undefined uagb-block-2d1459b7-19bb-4117-a7ad-65957984bfe1\"><div class=\"uagb-column__overlay\"><\/div><div class=\"uagb-column__inner-wrap\"><style id=\"kt-blocks_e7781b-6e\" type=\"text\/css\">#kt-adv-heading_e7781b-6e, #kt-adv-heading_e7781b-6e .wp-block-kadence-advancedheading {font-size:32px;}<\/style>\n<h4 id=\"kt-adv-heading_e7781b-6e\" class=\"kt-adv-heading_e7781b-6e wp-block-kadence-advancedheading has-vivid-green-cyan-color\" style=\"text-align:center\">$ 64.95 \/ a\u00f1o<\/h4>\n\n\n\n<p><\/p>\n<\/div><\/div>\n\n\n\n<div class=\"wp-block-uagb-column uagb-column__wrap uagb-column__background-undefined uagb-block-7d55e031-96d4-4a26-b6a2-536bc398e5de\"><div class=\"uagb-column__overlay\"><\/div><div class=\"uagb-column__inner-wrap\"><style id=\"kt-blocks_da00d2-f5\" type=\"text\/css\">.kt-btns_da00d2-f5 .kt-btn-wrap-0 {margin-right:5px;}.kt-btns_da00d2-f5 .kt-btn-wrap-0 .kt-button {width:230px;color:#ffffff;font-size:24px;background:linear-gradient(90deg, rgba(14, 214, 78, 1) 0%, rgba(6, 170, 195, 1) 100%);border-color:rgba(85, 85, 85, 1);box-shadow:0px 4px 15px 6px rgba(39, 221, 152, 0.2);}.kt-btns_da00d2-f5 .kt-btn-wrap-0 .kt-button:hover, .kt-btns_da00d2-f5 .kt-btn-wrap-0 .kt-button:focus {color:#ffffff;border-color:rgba(14, 214, 78, 1);}.kt-btns_da00d2-f5 .kt-btn-wrap-0 .kt-button::before {background:rgba(14, 214, 78, 1);}<\/style>\n<div class=\"wp-block-kadence-advancedbtn kt-btn-align-left kt-btn-tablet-align-inherit kt-btn-mobile-align-inherit kt-btns-wrap kt-btns_da00d2-f5\"><div class=\"kt-btn-wrap kt-btn-wrap-0\"><a class=\"kt-button button kt-btn-0-action kt-btn-size-standard kt-btn-style-basic kt-btn-svg-show-always kt-btn-has-text-true kt-btn-has-svg-false\" href=\"http:\/\/sites.fastspring.com\/lunarship\/product\/photothecax\" style=\"border-radius:6px;border-width:0px\"><span class=\"kt-btn-inner-text\">P\u00eddalo ahora<\/span><\/a><\/div><\/div>\n<\/div><\/div>\n<\/div><\/section>\n\n\n\n<hr class=\"wp-block-separator has-text-color has-background has-vivid-green-cyan-background-color has-vivid-green-cyan-color is-style-wide\"\/>\n\n\n\n<p><\/p>\n<\/div><\/div>\n<\/div><\/section>\n\n\n\n<div style=\"height:44px\" aria-hidden=\"true\" class=\"wp-block-spacer\"><\/div>\n\n\n\n<section class=\"wp-block-uagb-columns uagb-columns__wrap uagb-columns__background-undefined uagb-columns__stack-mobile uagb-columns__valign-undefined uagb-columns__gap-10 alignundefined uagb-block-b6b037bd-dc63-4756-88c7-507b34103b96\"><div class=\"uagb-columns__overlay\"><\/div><div class=\"uagb-columns__inner-wrap uagb-columns__columns-2\">\n<div class=\"wp-block-uagb-column uagb-column__wrap uagb-column__background-undefined uagb-block-b71b982d-e2b3-4fa3-b4d5-0e8f5c7ecb4a\"><div class=\"uagb-column__overlay\"><\/div><div class=\"uagb-column__inner-wrap\">\n<h2>Su pedido incluye<\/h2>\n\n\n\n<ul><li>Su clave de licencia al instante tras de la compra<\/li><li>E-mail adicional con su clave de licencia y factura<\/li><li>Soporte de ayuda B\u00e1sico o Premium<\/li><\/ul>\n\n\n\n<p><\/p>\n<\/div><\/div>\n\n\n\n<div class=\"wp-block-uagb-column uagb-column__wrap uagb-column__background-undefined uagb-block-858c020b-4180-496a-9175-ab5a2a18fa07\"><div class=\"uagb-column__overlay\"><\/div><div class=\"uagb-column__inner-wrap\">\n<div style=\"height:80px\" aria-hidden=\"true\" class=\"wp-block-spacer\"><\/div>\n\n\n\n<figure class=\"wp-block-image size-large is-resized\"><img src=\"https:\/\/lunarship.com\/wp-content\/uploads\/2021\/07\/payments-3.png\" alt=\"\" class=\"wp-image-3177\" width=\"172\" height=\"71\"\/><\/figure>\n\n\n\n<p><\/p>\n<\/div><\/div>\n<\/div><\/section>\n\n\n\n<section class=\"wp-block-uagb-columns uagb-columns__wrap uagb-columns__background-undefined uagb-columns__stack-mobile uagb-columns__valign-undefined uagb-columns__gap-10 alignundefined uagb-block-8a95c8d4-7890-4594-8186-b0f28e678881\"><div class=\"uagb-columns__overlay\"><\/div><div class=\"uagb-columns__inner-wrap uagb-columns__columns-1\">\n<div class=\"wp-block-uagb-column uagb-column__wrap uagb-column__background-undefined uagb-block-e5d34271-5301-4348-b3e8-8777e10f290f\"><div class=\"uagb-column__overlay\"><\/div><div class=\"uagb-column__inner-wrap\">\n<h2>Empresa, Corporaci\u00f3n y Negocios<\/h2>\n\n\n\n<p>\u00bfPertenece al mundo de los negocios? Tenemos una licencia especial de Phototheca Business par usted. Adem\u00e1s de todas las funciones disponibles en la versi\u00f3n Premium, le dar\u00e1 la posibilidad de ejecutar Phototheca en Windows Server y en ordenadores que formen parte de la red de Active Directory. La licencia de Phototheca Business es v\u00e1lida para ser utilizada en hasta 20 PCs. Haga el pedido de su licencia Phototheca Business aqu\u00ed.<br>Adem\u00e1s de la Business License, ofrecemos personalizaci\u00f3n del software Phototheca para incorporarlo a sus flujos de trabajo, integrarlo con sistemas de im\u00e1genes industriales, como DICOM\/HL7, visi\u00f3n artificial, im\u00e1genes geoespaciales, aeroespacial y m\u00e1s. Contacte con nosotros en support@lunarship.com para m\u00e1s detalles.<\/p>\n<\/div><\/div>\n<\/div><\/section>\n<\/div><\/section>\n\n\n\n<p><\/p>\n","protected":false},"excerpt":{"rendered":"<p>Tarifas Phototheca<\/p>\n","protected":false},"author":1,"featured_media":0,"parent":0,"menu_order":0,"comment_status":"closed","ping_status":"closed","template":"","meta":{"ub_ctt_via":"","kt_blocks_editor_width":""},"featured_image_src":null,"uagb_featured_image_src":{"full":false,"thumbnail":false,"medium":false,"medium_large":false,"large":false,"1536x1536":false,"2048x2048":false},"uagb_author_info":{"display_name":"adm1n1sTraToR","author_link":"https:\/\/lunarship.com\/es\/author\/adm1n1strator\/"},"uagb_comment_info":0,"uagb_excerpt":"Tarifas Phototheca","_links":{"self":[{"href":"https:\/\/lunarship.com\/es\/wp-json\/wp\/v2\/pages\/1359"}],"collection":[{"href":"https:\/\/lunarship.com\/es\/wp-json\/wp\/v2\/pages"}],"about":[{"href":"https:\/\/lunarship.com\/es\/wp-json\/wp\/v2\/types\/page"}],"author":[{"embeddable":true,"href":"https:\/\/lunarship.com\/es\/wp-json\/wp\/v2\/users\/1"}],"replies":[{"embeddable":true,"href":"https:\/\/lunarship.com\/es\/wp-json\/wp\/v2\/comments?post=1359"}],"version-history":[{"count":2,"href":"https:\/\/lunarship.com\/es\/wp-json\/wp\/v2\/pages\/1359\/revisions"}],"predecessor-version":[{"id":3379,"href":"https:\/\/lunarship.com\/es\/wp-json\/wp\/v2\/pages\/1359\/revisions\/3379"}],"wp:attachment":[{"href":"https:\/\/lunarship.com\/es\/wp-json\/wp\/v2\/media?parent=1359"}],"curies":[{"name":"wp","href":"https:\/\/api.w.org\/{rel}","templated":true}]}}