{"id":1368,"date":"2020-05-20T17:52:26","date_gmt":"2020-05-20T17:52:26","guid":{"rendered":"https:\/\/lunarship.com\/?page_id=1368"},"modified":"2020-05-22T20:48:27","modified_gmt":"2020-05-22T20:48:27","slug":"news","status":"publish","type":"page","link":"https:\/\/lunarship.com\/es\/news\/","title":{"rendered":"News"},"content":{"rendered":"\n<h1 id=\"kt-adv-heading_cffb28-df\" class=\"kt-adv-heading_cffb28-df wp-block-kadence-advancedheading\" style=\"text-align:center\">Novedades Phototheca<\/h1>\n\n\n\n<p class=\"has-text-align-center\">Qu\u00e9 sucede en el universo de Phototheca<\/p>\n\n\n\n<hr class=\"wp-block-separator has-text-color has-background has-vivid-cyan-blue-background-color has-vivid-cyan-blue-color\"\/>\n\n\n\n<h4>17 de mayo de 2020<\/h4>\n\n\n\n<p>\u00a1Estamos encantados de anunciar el nuevo lanzamiento importante de Phototheca &#8211; Phototheca 2020 Productivity Pack!<\/p>\n\n\n\n<figure class=\"wp-block-image size-large is-resized\"><img src=\"https:\/\/lunarship.com\/wp-content\/uploads\/2020\/05\/Phototheca_2020.gif\" alt=\"\" class=\"wp-image-1217\" width=\"494\" height=\"92\"\/><\/figure>\n\n\n\n<p>Lea la historia completa y la lista de cambios en el blog &#8211; <a href=\"https:\/\/lunarship.com\/blog\/phototheca-2020-release\/\">Phototheca 2020 Productivity Pack<\/a><\/p>\n\n\n\n<hr class=\"wp-block-separator has-text-color has-background has-vivid-green-cyan-background-color has-vivid-green-cyan-color is-style-wide\"\/>\n\n\n\n<h4>2 de febrero de 2020<\/h4>\n\n\n\n<p> Conozca la nueva actualizaci\u00f3n de <strong>Phototheca 2019.15.1.2726<\/strong><\/p>\n\n\n\n<p>En esta actualizaci\u00f3n:<br> \u2022 Funci\u00f3n de Reconocimiento Facial mejorada<br> \u2022 Mejoras para pantallas de alta resoluci\u00f3n<\/p>\n\n\n\n<hr class=\"wp-block-separator has-text-color has-background has-vivid-green-cyan-background-color has-vivid-green-cyan-color is-style-wide\"\/>\n\n\n\n<h4>30 de diciembre de 2019<\/h4>\n\n\n\n<p>Lanzamiento de<strong> Phototheca 2019.12 Winter Update<\/strong><\/p>\n\n\n\n<p>En esta actualizaci\u00f3n:<br> \u2022 Mejoras en la funci\u00f3n de reconocimiento facial <br> \u2022 Mejoras para pantallas de alta resoluci\u00f3n<\/p>\n\n\n\n<hr class=\"wp-block-separator has-text-color has-background has-vivid-green-cyan-background-color has-vivid-green-cyan-color is-style-wide\"\/>\n\n\n\n<h4>18 de noviembre de 2019<\/h4>\n\n\n\n<p>Conozca la \u00faltima actualizaci\u00f3n de <strong>Phototheca 2019.11<\/strong>.<\/p>\n\n\n\n<figure class=\"wp-block-image size-large\"><img width=\"564\" height=\"350\" src=\"https:\/\/lunarship.com\/wp-content\/uploads\/2020\/02\/01_faces_email.jpg\" alt=\"\" class=\"wp-image-1370\" srcset=\"https:\/\/lunarship.com\/wp-content\/uploads\/2020\/02\/01_faces_email.jpg 564w, https:\/\/lunarship.com\/wp-content\/uploads\/2020\/02\/01_faces_email-300x186.jpg 300w\" sizes=\"(max-width: 564px) 100vw, 564px\" \/><\/figure>\n\n\n\n<p>Agregado a esta actualizaci\u00f3n:<br> \u2022 Funci\u00f3n de Reconocimiento Facial.<br> \u2022 Soporte para est\u00e1ndares de metadatos faciales: XMP MWG y Microsoft Photo.<br> \u2022 Soporte para metadatos de anotaciones de f\u00e1brica.<br> \u2022 Mejora en la detecci\u00f3n de modelos de lentes.<br> \u2022 Soporte para formato de archivo Affinity Photo.<br> \u2022 Soporte para medios de iPhone: selfie, publicaci\u00f3n en Instagram, fotograf\u00eda de larga exposici\u00f3n y captura de pantalla.<br> \u2022 Interfaz de usuario mejorada y aspecto optimizado.<br> \u2022 Docenas de correcciones y optimizaciones.<\/p>\n\n\n\n<hr class=\"wp-block-separator has-text-color has-background has-vivid-green-cyan-background-color has-vivid-green-cyan-color is-style-wide\"\/>\n\n\n\n<h4>1 de agosto de 2019<\/h4>\n\n\n\n<p>Lanzamiento de la Nueva <strong>Phototheca 3.2.0.2434<\/strong>. En esta actualizaci\u00f3n:<br> \u2022 Herramienta de escritura de texto a\u00f1adida. Agregue texto a las fotograf\u00edas y dele un nuevo significado a sus im\u00e1genes. \u00a1Nuestro editor de texto est\u00e1 repleto de fuentes, estilos y todo lo que necesita para insertar texto a las im\u00e1genes!<\/p>\n\n\n\n<figure class=\"wp-block-image size-large\"><img width=\"434\" height=\"71\" src=\"https:\/\/lunarship.com\/wp-content\/uploads\/2020\/02\/news_text_tool.png\" alt=\"\" class=\"wp-image-1371\" srcset=\"https:\/\/lunarship.com\/wp-content\/uploads\/2020\/02\/news_text_tool.png 434w, https:\/\/lunarship.com\/wp-content\/uploads\/2020\/02\/news_text_tool-300x49.png 300w\" sizes=\"(max-width: 434px) 100vw, 434px\" \/><\/figure>\n\n\n\n<figure class=\"wp-block-image size-large\"><img width=\"144\" height=\"296\" src=\"https:\/\/lunarship.com\/wp-content\/uploads\/2020\/02\/news_text_tool_2.png\" alt=\"\" class=\"wp-image-1372\"\/><\/figure>\n\n\n\n<hr class=\"wp-block-separator has-text-color has-background has-vivid-green-cyan-background-color has-vivid-green-cyan-color is-style-wide\"\/>\n\n\n\n<h4>30 de junio de 2019<\/h4>\n\n\n\n<p>\u00a1Estamos orgullosos de anunciar que ya est\u00e1\naqu\u00ed la Gu\u00eda de Usuario de Phototheca!<\/p>\n\n\n\n<p>Lea todos los detalles acerca de Phototheca y aprenda c\u00f3mo utilizar el programa con la <a href=\"https:\/\/lunarship.com\/manual\">\u00a1Gu\u00eda de Usuario de Phototheca<\/a>!<\/p>\n\n\n\n<hr class=\"wp-block-separator has-text-color has-background has-vivid-green-cyan-background-color has-vivid-green-cyan-color is-style-wide\"\/>\n\n\n\n<h4>2 de mayo de 2019<\/h4>\n\n\n\n<p>\u00a1Llevas esper\u00e1ndolo a\u00f1os y finalmente est\u00e1 aqu\u00ed! <br> \u00a1Phototheca lanza su actualizaci\u00f3n m\u00e1s importante, conozca <strong>Phototheca 3.1 Premium<\/strong> con funciones de edici\u00f3n fotogr\u00e1fica!<\/p>\n\n\n\n<figure class=\"wp-block-image size-large\"><img width=\"201\" height=\"199\" src=\"https:\/\/lunarship.com\/wp-content\/uploads\/2020\/02\/box-premium-edition.png\" alt=\"\" class=\"wp-image-1373\" srcset=\"https:\/\/lunarship.com\/wp-content\/uploads\/2020\/02\/box-premium-edition.png 201w, https:\/\/lunarship.com\/wp-content\/uploads\/2020\/02\/box-premium-edition-150x150.png 150w\" sizes=\"(max-width: 201px) 100vw, 201px\" \/><\/figure>\n\n\n\n<p>Phototheca Premium incluye 18 controles deslizantes para mejorar y corregir fotograf\u00edas, herramientas de recorte y 56 sorprendentes filtros de imagen para que con un solo clic su fotograf\u00eda gane en belleza. La edici\u00f3n no es destructiva, lo que significa que no se modifica nada de las fotograf\u00edas originales.<br> Desc\u00e1rguela y \u00e9chele un vistazo aqu\u00ed: <a href=\"https:\/\/lunarship.com\/download.html\">Phototheca 3.1 Premium<\/a><\/p>\n\n\n\n<h4>8 de marzo de 2019<\/h4>\n\n\n\n<p>Nuevo lanzamiento de Phototheca 2.9.0.2292. En esta actualizaci\u00f3n:<br> \u2022 Nueva secci\u00f3n FOLDERS (CARPETAS) a\u00f1adida a la mediateca. Esta secci\u00f3n muestra un \u00e1rbol de carpetas, donde se encuentran todas las im\u00e1genes de la mediateca. Esta secci\u00f3n es similar al esquema en \u00e1rbol del Explorador de Windows con la excepci\u00f3n de que solamente muestra carpetas con im\u00e1genes importadas, no todas las carpetas de unidades locales, por lo que no crea desorden.<\/p>\n\n\n\n<figure class=\"wp-block-image size-large\"><img width=\"200\" height=\"276\" src=\"https:\/\/lunarship.com\/wp-content\/uploads\/2020\/02\/phototheca_folders.png\" alt=\"\" class=\"wp-image-1374\"\/><\/figure>\n\n\n\n<h4>3 de febrero de 2019<\/h4>\n\n\n\n<p> Nuevo lanzamiento de <strong>Phototheca 2.9.0.2266<\/strong>. En esta actualizaci\u00f3n:<br> \u2022 Mejora de la apariencia general y dise\u00f1o de Phototheca<br> \u2022 Mejoras para pantallas de alta resoluci\u00f3n y tabletas<br> \u2022 Mejor integraci\u00f3n con Windows 10<br> \u2022 Comparta fotograf\u00edas en Windows 10 con cualquier destino<br> \u2022 La funci\u00f3n de compartir en Facebook vuelve a Windows 10<br> \u2022 Solucionado problema al importar im\u00e1genes a Google Photos <br> \u2022 Funci\u00f3n de clientes de correo electr\u00f3nico ampliada: Gmail, Outlook, aplicaci\u00f3n Win 10 Mail<br> \u2022 Posibilidad de cambiar el tama\u00f1o de im\u00e1genes al enviarlas por correo electr\u00f3nico<br> \u2022 Posibilidad de cambiar el tama\u00f1o de im\u00e1genes al exportarlas<br> \u2022 La b\u00fasqueda instant\u00e1nea puede realizar la b\u00fasqueda por el nombre de un d\u00eda de la semana<br> \u2022 El \u00e1rbol de la mediteca ahora muestra la portada de peque\u00f1os \u00e1lbumes en lugar de iconos<br> \u2022 Posibilidad de asignar una imagen de portada a cualquier carpeta<br> \u2022 Agregados \u00e1lbumes inteligentes incorporados para tipos de medios (HDR, panorama, retrato, v\u00eddeo) provenientes de dispositivos iOS<br> \u2022 Funci\u00f3n para mostrar s\u00edmbolos de tipos de medios para HDR y miniaturas de retratos<br> \u2022 Mejor soporte para formatos RAW de gran tama\u00f1o, incluido formato Panasonic RW2<br> \u2022 Agregado soporte para mejora de los formatos HEIC \\ HEIF (nuevos formatos fotogr\u00e1ficos en dispositivos Apple) en Windows 10<br> \u2022 Lectura de archivos XMP sidecar de fotograf\u00edas RAW para obtener palabras clave y descripciones en Phototheca <\/p>\n","protected":false},"excerpt":{"rendered":"<p>Novedades Phototheca Qu\u00e9 sucede en el universo de Phototheca 17 de mayo de 2020 \u00a1Estamos encantados de anunciar el nuevo lanzamiento importante de Phototheca &#8211; Phototheca 2020 Productivity Pack! Lea la historia completa y la lista de cambios en el blog &#8211; Phototheca 2020 Productivity Pack 2 de febrero de 2020 Conozca la nueva actualizaci\u00f3n &hellip;<\/p>\n<p class=\"read-more\"> <a class=\"\" href=\"https:\/\/lunarship.com\/es\/news\/\"> <span class=\"screen-reader-text\">News<\/span> Leer m\u00e1s \u00bb<\/a><\/p>\n","protected":false},"author":1,"featured_media":0,"parent":0,"menu_order":0,"comment_status":"closed","ping_status":"closed","template":"","meta":{"ub_ctt_via":"","kt_blocks_editor_width":""},"featured_image_src":null,"uagb_featured_image_src":{"full":false,"thumbnail":false,"medium":false,"medium_large":false,"large":false,"1536x1536":false,"2048x2048":false},"uagb_author_info":{"display_name":"adm1n1sTraToR","author_link":"https:\/\/lunarship.com\/es\/author\/adm1n1strator\/"},"uagb_comment_info":0,"uagb_excerpt":"Novedades Phototheca Qu\u00e9 sucede en el universo de Phototheca 17 de mayo de 2020 \u00a1Estamos encantados de anunciar el nuevo lanzamiento importante de Phototheca &#8211; Phototheca 2020 Productivity Pack! Lea la historia completa y la lista de cambios en el blog &#8211; Phototheca 2020 Productivity Pack 2 de febrero de 2020 Conozca la nueva actualizaci\u00f3n&hellip;","_links":{"self":[{"href":"https:\/\/lunarship.com\/es\/wp-json\/wp\/v2\/pages\/1368"}],"collection":[{"href":"https:\/\/lunarship.com\/es\/wp-json\/wp\/v2\/pages"}],"about":[{"href":"https:\/\/lunarship.com\/es\/wp-json\/wp\/v2\/types\/page"}],"author":[{"embeddable":true,"href":"https:\/\/lunarship.com\/es\/wp-json\/wp\/v2\/users\/1"}],"replies":[{"embeddable":true,"href":"https:\/\/lunarship.com\/es\/wp-json\/wp\/v2\/comments?post=1368"}],"version-history":[{"count":0,"href":"https:\/\/lunarship.com\/es\/wp-json\/wp\/v2\/pages\/1368\/revisions"}],"wp:attachment":[{"href":"https:\/\/lunarship.com\/es\/wp-json\/wp\/v2\/media?parent=1368"}],"curies":[{"name":"wp","href":"https:\/\/api.w.org\/{rel}","templated":true}]}}