{"id":1383,"date":"2020-05-20T18:48:27","date_gmt":"2020-05-20T18:48:27","guid":{"rendered":"https:\/\/lunarship.com\/?page_id=1383"},"modified":"2020-05-27T19:59:25","modified_gmt":"2020-05-27T19:59:25","slug":"how-to-start-organizing-photos","status":"publish","type":"page","link":"https:\/\/lunarship.com\/es\/how-to-start-organizing-photos\/","title":{"rendered":"How to start organizing photos"},"content":{"rendered":"\n<h1 id=\"kt-adv-heading_f50f21-46\" class=\"kt-adv-heading_f50f21-46 wp-block-kadence-advancedheading\" style=\"text-align:center\">C\u00f3mo empezar a organizar fotograf\u00edas<\/h1>\n\n\n\n<p class=\"has-text-align-center\">Gu\u00eda paso a paso para ayudarle a empezar a utilizar Phototheca<\/p>\n\n\n\n<figure class=\"wp-block-image size-large\"><img width=\"1024\" height=\"1\" src=\"https:\/\/lunarship.com\/wp-content\/uploads\/2020\/02\/divider_line_1divider_line-1024x1.png\" alt=\"\" class=\"wp-image-281\" srcset=\"https:\/\/lunarship.com\/wp-content\/uploads\/2020\/02\/divider_line_1divider_line-1024x1.png 1024w, https:\/\/lunarship.com\/wp-content\/uploads\/2020\/02\/divider_line_1divider_line-300x1.png 300w, https:\/\/lunarship.com\/wp-content\/uploads\/2020\/02\/divider_line_1divider_line-150x1.png 150w, https:\/\/lunarship.com\/wp-content\/uploads\/2020\/02\/divider_line_1divider_line-768x1.png 768w, https:\/\/lunarship.com\/wp-content\/uploads\/2020\/02\/divider_line_1divider_line.png 1120w\" sizes=\"(max-width: 1024px) 100vw, 1024px\" \/><\/figure>\n\n\n\n<section class=\"wp-block-uagb-columns uagb-columns__wrap uagb-columns__background-undefined uagb-columns__stack-mobile uagb-columns__valign-undefined uagb-columns__gap-10 alignundefined uagb-block-c5d11b65-660f-4974-8a22-fb3de80a5c68\"><div class=\"uagb-columns__overlay\"><\/div><div class=\"uagb-columns__inner-wrap uagb-columns__columns-1\">\n<div class=\"wp-block-uagb-column uagb-column__wrap uagb-column__background-undefined uagb-block-962190e6-c3e2-4a1c-921d-26157431b659\"><div class=\"uagb-column__overlay\"><\/div><div class=\"uagb-column__inner-wrap\">\n<h4>1. No se confunda con esta pantalla de bienvenida.  Tendr\u00e1 sus fotograf\u00edas aqu\u00ed en un momento<\/h4>\n\n\n\n<figure class=\"wp-block-image size-large\"><img width=\"800\" height=\"508\" src=\"https:\/\/lunarship.com\/wp-content\/uploads\/2020\/03\/start1.jpg\" alt=\"\" class=\"wp-image-404\" srcset=\"https:\/\/lunarship.com\/wp-content\/uploads\/2020\/03\/start1.jpg 800w, https:\/\/lunarship.com\/wp-content\/uploads\/2020\/03\/start1-300x191.jpg 300w, https:\/\/lunarship.com\/wp-content\/uploads\/2020\/03\/start1-768x488.jpg 768w\" sizes=\"(max-width: 800px) 100vw, 800px\" \/><\/figure>\n\n\n\n<p>La primera vez que ejecuta Photothec o si su mediateca se encuentra vac\u00eda, siempre ver\u00e1 esta pantalla de bienvenida con sugerencias sobre c\u00f3mo empezar. Comencemos.<\/p>\n\n\n\n<div style=\"height:42px\" aria-hidden=\"true\" class=\"wp-block-spacer\"><\/div>\n\n\n\n<h4>2. Abra el cuadro de di\u00e1logo para importar<\/h4>\n\n\n\n<p>Dir\u00edjase a Men\u00fa&nbsp;<em>File-&gt;Import To Library<\/em>&nbsp;para abrir el cuadro de di\u00e1logo para importar.<\/p>\n\n\n\n<figure class=\"wp-block-image size-large\"><img width=\"520\" height=\"503\" src=\"https:\/\/lunarship.com\/wp-content\/uploads\/2020\/03\/start2.jpg\" alt=\"\" class=\"wp-image-405\" srcset=\"https:\/\/lunarship.com\/wp-content\/uploads\/2020\/03\/start2.jpg 520w, https:\/\/lunarship.com\/wp-content\/uploads\/2020\/03\/start2-300x290.jpg 300w\" sizes=\"(max-width: 520px) 100vw, 520px\" \/><\/figure>\n\n\n\n<div style=\"height:42px\" aria-hidden=\"true\" class=\"wp-block-spacer\"><\/div>\n\n\n\n<h4>3. Navegue hasta su carpeta de fotograf\u00edas<\/h4>\n\n\n\n<figure class=\"wp-block-image size-large\"><img width=\"885\" height=\"597\" src=\"https:\/\/lunarship.com\/wp-content\/uploads\/2020\/03\/start3.jpg\" alt=\"\" class=\"wp-image-406\" srcset=\"https:\/\/lunarship.com\/wp-content\/uploads\/2020\/03\/start3.jpg 885w, https:\/\/lunarship.com\/wp-content\/uploads\/2020\/03\/start3-300x202.jpg 300w, https:\/\/lunarship.com\/wp-content\/uploads\/2020\/03\/start3-768x518.jpg 768w\" sizes=\"(max-width: 885px) 100vw, 885px\" \/><\/figure>\n\n\n\n<p>En este cuadro de di\u00e1logo, puede explorar sus discos y carpetas, encontrar una carpeta con algunas o todas sus fotograf\u00edas y seleccionar aquello que desea importar. Puede seleccionar a la vez carpetas y archivos de imagen, as\u00ed como uno o varios elementos.<\/p>\n\n\n\n<div style=\"height:42px\" aria-hidden=\"true\" class=\"wp-block-spacer\"><\/div>\n\n\n\n<h4>4. Defina sus eventos creando una planificaci\u00f3n<\/h4>\n\n\n\n<figure class=\"wp-block-image size-large\"><img width=\"731\" height=\"158\" src=\"https:\/\/lunarship.com\/wp-content\/uploads\/2020\/03\/start4.jpg\" alt=\"\" class=\"wp-image-407\" srcset=\"https:\/\/lunarship.com\/wp-content\/uploads\/2020\/03\/start4.jpg 731w, https:\/\/lunarship.com\/wp-content\/uploads\/2020\/03\/start4-300x65.jpg 300w\" sizes=\"(max-width: 731px) 100vw, 731px\" \/><\/figure>\n\n\n\n<p>Este es el momento de hacer uso de la inteligencia de Phototheca antes de comenzar un proceso de importaci\u00f3n. Phototheca es capaz de utilizar seis modos para combinar sus fotos en eventos. Puede seleccionar uno de los modos que prefiera. Si tiene la estructura de sus carpetas en orden y desea que Phototheca mantenga la misma organizaci\u00f3n que usted ya tiene, mantenga la opci\u00f3n \u201cOne event per folder\u201d (predeterminado). Si por el contrario los archivos y carpetas est\u00e1n un poco desorganizados y contienen m\u00faltiples eventos en su interior, deje que Phototheca divida esas fotos en eventos separados seg\u00fan la fecha de las fotograf\u00edas. Si selecciona &#8220;One event per day&#8221;, significa que todas las fotograf\u00edas tomadas en una misma fecha ir\u00e1n a un mismo evento. Y el resto del mismo modo.<\/p>\n\n\n\n<div style=\"height:42px\" aria-hidden=\"true\" class=\"wp-block-spacer\"><\/div>\n\n\n\n<h4>5. Espere un momento hasta que finalice el proceso de importado de im\u00e1genes<\/h4>\n\n\n\n<figure class=\"wp-block-image size-large\"><img width=\"600\" height=\"355\" src=\"https:\/\/lunarship.com\/wp-content\/uploads\/2020\/03\/start5.jpg\" alt=\"\" class=\"wp-image-408\" srcset=\"https:\/\/lunarship.com\/wp-content\/uploads\/2020\/03\/start5.jpg 600w, https:\/\/lunarship.com\/wp-content\/uploads\/2020\/03\/start5-300x178.jpg 300w\" sizes=\"(max-width: 600px) 100vw, 600px\" \/><\/figure>\n\n\n\n<p>El tiempo de importado de im\u00e1genes depende en gran medida de la capacidad de la velocidad de procesado de su ordenador, del tama\u00f1o de las fotograf\u00edas y de la cantidad de las mismas. T\u00f3mese una taza de caf\u00e9 o t\u00e9 mientras Phototheca hace el trabajo. Otro consejo: si posee una amplia colecci\u00f3n de fotograf\u00edas que requiere un largo per\u00edodo de importaci\u00f3n, deje su ordenador realizando el trabajo durante la noche.<\/p>\n\n\n\n<div style=\"height:42px\" aria-hidden=\"true\" class=\"wp-block-spacer\"><\/div>\n\n\n\n<h4>6. Revise los resultados<\/h4>\n\n\n\n<figure class=\"wp-block-image size-large\"><img width=\"800\" height=\"398\" src=\"https:\/\/lunarship.com\/wp-content\/uploads\/2020\/03\/start6.jpg\" alt=\"\" class=\"wp-image-409\" srcset=\"https:\/\/lunarship.com\/wp-content\/uploads\/2020\/03\/start6.jpg 800w, https:\/\/lunarship.com\/wp-content\/uploads\/2020\/03\/start6-300x149.jpg 300w, https:\/\/lunarship.com\/wp-content\/uploads\/2020\/03\/start6-768x382.jpg 768w\" sizes=\"(max-width: 800px) 100vw, 800px\" \/><\/figure>\n\n\n\n<p>Cuando finaliza la importaci\u00f3n, Phototheca abre la secci\u00f3n \u201cLast Import\u201d y muestra los resultados del \u00faltimo proceso de importado. Haga clic en la secci\u00f3n \u201cEvents\u201d para revisar todos los eventos disponibles<\/p>\n\n\n\n<div style=\"height:42px\" aria-hidden=\"true\" class=\"wp-block-spacer\"><\/div>\n\n\n\n<h4>7. Cree \u00c1lbumes con fotograf\u00edas seleccionadas<\/h4>\n\n\n\n<figure class=\"wp-block-image size-large\"><img width=\"528\" height=\"240\" src=\"https:\/\/lunarship.com\/wp-content\/uploads\/2020\/03\/start7.jpg\" alt=\"\" class=\"wp-image-410\" srcset=\"https:\/\/lunarship.com\/wp-content\/uploads\/2020\/03\/start7.jpg 528w, https:\/\/lunarship.com\/wp-content\/uploads\/2020\/03\/start7-300x136.jpg 300w\" sizes=\"(max-width: 528px) 100vw, 528px\" \/><\/figure>\n\n\n\n<p>Un \u00c1lbum le permite reunir fotograf\u00edas de diferentes eventos si las desea tener en un solo lugar. Las fotograf\u00edas permanecen dentro de los eventos originales cuando se mueve una fotograf\u00eda dentro de un \u00e1lbum. Por ejemplo, puede tener muchas fotograf\u00edas dentro de eventos con su mascota y tener \u00e1lbumes separados solo con las fotograf\u00edas de una mascota. Vamos a crear un \u00e1lbum con fotograf\u00edas de Moraine Lake. Dir\u00edjase al men\u00fa <em>File-&gt;New Album\u2026<\/em> <\/p>\n\n\n\n<p><strong>Introduzca un nombre para el \u00e1lbum<\/strong><\/p>\n\n\n\n<figure class=\"wp-block-image size-large\"><img width=\"805\" height=\"257\" src=\"https:\/\/lunarship.com\/wp-content\/uploads\/2020\/03\/start8.jpg\" alt=\"\" class=\"wp-image-411\" srcset=\"https:\/\/lunarship.com\/wp-content\/uploads\/2020\/03\/start8.jpg 805w, https:\/\/lunarship.com\/wp-content\/uploads\/2020\/03\/start8-300x96.jpg 300w, https:\/\/lunarship.com\/wp-content\/uploads\/2020\/03\/start8-768x245.jpg 768w\" sizes=\"(max-width: 805px) 100vw, 805px\" \/><\/figure>\n\n\n\n<p>Especifique aqu\u00ed el nombre para el nuevo \u00e1lbum. Un \u00e1lbum con el nombre aparece debajo de la secci\u00f3n \u00c1lbumes de la Mediateca. <\/p>\n\n\n\n<figure class=\"wp-block-image size-large\"><img width=\"595\" height=\"202\" src=\"https:\/\/lunarship.com\/wp-content\/uploads\/2020\/03\/start9.jpg\" alt=\"\" class=\"wp-image-412\" srcset=\"https:\/\/lunarship.com\/wp-content\/uploads\/2020\/03\/start9.jpg 595w, https:\/\/lunarship.com\/wp-content\/uploads\/2020\/03\/start9-300x102.jpg 300w\" sizes=\"(max-width: 595px) 100vw, 595px\" \/><\/figure>\n\n\n\n<div style=\"height:42px\" aria-hidden=\"true\" class=\"wp-block-spacer\"><\/div>\n\n\n\n<h4>8. Mueva fotograf\u00edas de un evento a un \u00e1lbum<\/h4>\n\n\n\n<figure class=\"wp-block-image size-large\"><img width=\"664\" height=\"293\" src=\"https:\/\/lunarship.com\/wp-content\/uploads\/2020\/03\/start10.jpg\" alt=\"\" class=\"wp-image-413\" srcset=\"https:\/\/lunarship.com\/wp-content\/uploads\/2020\/03\/start10.jpg 664w, https:\/\/lunarship.com\/wp-content\/uploads\/2020\/03\/start10-300x132.jpg 300w\" sizes=\"(max-width: 664px) 100vw, 664px\" \/><\/figure>\n\n\n\n<p>Mientras est\u00e1 dentro de un evento con im\u00e1genes, puede seleccionar fotograf\u00edas individuales o m\u00faltiples con Ctrl o Shift + clic del mouse. Luego, haga un movimiento habitual de arrastrar y soltar comenzando en cualquier foto seleccionada y apunte el cursor sobre el \u00e1lbum del panel izquierdo. Suelte las fotograf\u00edas e inmediatamente aparecer\u00e1n dentro del \u00e1lbum. Phototheca no copia archivos en este proceso, por lo que no crea duplicados en su disco cuando coloca fotos en un \u00e1lbum.<\/p>\n\n\n\n<div style=\"height:42px\" aria-hidden=\"true\" class=\"wp-block-spacer\"><\/div>\n\n\n\n<h4>9. Abra el \u00e1lbum<\/h4>\n\n\n\n<figure class=\"wp-block-image size-large\"><img width=\"800\" height=\"457\" src=\"https:\/\/lunarship.com\/wp-content\/uploads\/2020\/03\/start11.jpg\" alt=\"\" class=\"wp-image-414\" srcset=\"https:\/\/lunarship.com\/wp-content\/uploads\/2020\/03\/start11.jpg 800w, https:\/\/lunarship.com\/wp-content\/uploads\/2020\/03\/start11-300x171.jpg 300w, https:\/\/lunarship.com\/wp-content\/uploads\/2020\/03\/start11-768x439.jpg 768w\" sizes=\"(max-width: 800px) 100vw, 800px\" \/><\/figure>\n\n\n\n<p>Haga clic con el rat\u00f3n en el \u00e1lbum reci\u00e9n creado: su contenido se muestra inmediatamente. <\/p>\n\n\n\n<div style=\"height:42px\" aria-hidden=\"true\" class=\"wp-block-spacer\"><\/div>\n\n\n\n<h4>10. Etiquetando fotograf\u00edas con palabras clave<\/h4>\n\n\n\n<figure class=\"wp-block-image size-large\"><img width=\"506\" height=\"371\" src=\"https:\/\/lunarship.com\/wp-content\/uploads\/2020\/03\/start12.jpg\" alt=\"\" class=\"wp-image-415\" srcset=\"https:\/\/lunarship.com\/wp-content\/uploads\/2020\/03\/start12.jpg 506w, https:\/\/lunarship.com\/wp-content\/uploads\/2020\/03\/start12-300x220.jpg 300w\" sizes=\"(max-width: 506px) 100vw, 506px\" \/><\/figure>\n\n\n\n<p>Las palabras clave son un modo \u00fatil de organizar su colecci\u00f3n de fotograf\u00edas. Aprendamos c\u00f3mo etiquetar fotograf\u00edas mediante palabras clave. Primero, abra el panel de palabras clave mediante el men\u00fa <em>View-&gt;Keywords Panel<\/em>&nbsp; o haga clic en el bot\u00f3n con el icono de una&nbsp; &#8220;llave&#8221; (esquina inferior izquierda de Phototheca).<\/p>\n\n\n\n<p><strong>Introduzca la palabra clave<\/strong><\/p>\n\n\n\n<figure class=\"wp-block-image size-large\"><img width=\"746\" height=\"329\" src=\"https:\/\/lunarship.com\/wp-content\/uploads\/2020\/03\/start13.jpg\" alt=\"\" class=\"wp-image-416\" srcset=\"https:\/\/lunarship.com\/wp-content\/uploads\/2020\/03\/start13.jpg 746w, https:\/\/lunarship.com\/wp-content\/uploads\/2020\/03\/start13-300x132.jpg 300w\" sizes=\"(max-width: 746px) 100vw, 746px\" \/><\/figure>\n\n\n\n<p>Cuando se abre el panel de palabras clave: marque una o varias fotograf\u00edas que desee etiquetar con una palabra clave. Escriba una palabra clave en el cuadro de texto, por ejemplo, &#8221; Moraine Lake &#8220;, como en nuestro ejemplo. Haga clic en el bot\u00f3n &#8220;+&#8221;. Phototheca comienza a escribir palabras clave en los archivos. Las palabras clave se escriben en las secciones de metadatos IPTC y XMP. <\/p>\n\n\n\n<p><strong>Busque fotograf\u00edas a trav\u00e9s de las palabras clave<\/strong><\/p>\n\n\n\n<figure class=\"wp-block-image size-large\"><img width=\"371\" height=\"74\" src=\"https:\/\/lunarship.com\/wp-content\/uploads\/2020\/03\/start14.jpg\" alt=\"\" class=\"wp-image-417\" srcset=\"https:\/\/lunarship.com\/wp-content\/uploads\/2020\/03\/start14.jpg 371w, https:\/\/lunarship.com\/wp-content\/uploads\/2020\/03\/start14-300x60.jpg 300w\" sizes=\"(max-width: 371px) 100vw, 371px\" \/><\/figure>\n\n\n\n<p>Cuando ya tenga sus fotograf\u00edas etiquetadas con diferentes palabras clave, puede usar la b\u00fasqueda instant\u00e1nea para esas fotograf\u00edas. Escriba una palabra clave en el cuadro de b\u00fasqueda, col\u00f3quese en cualquier parte de la Mediateca, pulse la tecla &#8220;Intro&#8221; y los resultados de la b\u00fasqueda aparecer\u00e1n de inmediato.<\/p>\n\n\n\n<figure class=\"wp-block-image size-large\"><img width=\"800\" height=\"514\" src=\"https:\/\/lunarship.com\/wp-content\/uploads\/2020\/03\/start15.jpg\" alt=\"\" class=\"wp-image-418\" srcset=\"https:\/\/lunarship.com\/wp-content\/uploads\/2020\/03\/start15.jpg 800w, https:\/\/lunarship.com\/wp-content\/uploads\/2020\/03\/start15-300x193.jpg 300w, https:\/\/lunarship.com\/wp-content\/uploads\/2020\/03\/start15-768x493.jpg 768w\" sizes=\"(max-width: 800px) 100vw, 800px\" \/><\/figure>\n\n\n\n<p> Los resultados de b\u00fasqueda incluyen eventos que poseen la definici\u00f3n introducida en la b\u00fasqueda y fotograf\u00edas que poseen esta palabra clave o como b\u00fasqueda realizada en el t\u00edtulo del archivo. <\/p>\n\n\n\n<div style=\"height:42px\" aria-hidden=\"true\" class=\"wp-block-spacer\"><\/div>\n\n\n\n<h4>11. Haga crecer su sorprendente mediateca de fotograf\u00edas.<\/h4>\n\n\n\n<figure class=\"wp-block-image size-large is-resized\"><img src=\"https:\/\/lunarship.com\/wp-content\/uploads\/2020\/03\/start16-1024x683.jpg\" alt=\"\" class=\"wp-image-419\" width=\"1024\" height=\"683\" srcset=\"https:\/\/lunarship.com\/wp-content\/uploads\/2020\/03\/start16-1024x683.jpg 1024w, https:\/\/lunarship.com\/wp-content\/uploads\/2020\/03\/start16-300x200.jpg 300w, https:\/\/lunarship.com\/wp-content\/uploads\/2020\/03\/start16-768x512.jpg 768w, https:\/\/lunarship.com\/wp-content\/uploads\/2020\/03\/start16.jpg 1050w\" sizes=\"(max-width: 1024px) 100vw, 1024px\" \/><\/figure>\n\n\n\n<p>\u00a1Es el momento de organizar sus miles de fotograf\u00edas y crear un espacio perfecto para sus recuerdos!<\/p>\n<\/div><\/div>\n<\/div><\/section>\n\n\n\n<figure class=\"wp-block-image size-large\"><img width=\"1024\" height=\"1\" src=\"https:\/\/lunarship.com\/wp-content\/uploads\/2020\/02\/divider_line_1divider_line-1024x1.png\" alt=\"\" class=\"wp-image-281\" srcset=\"https:\/\/lunarship.com\/wp-content\/uploads\/2020\/02\/divider_line_1divider_line-1024x1.png 1024w, https:\/\/lunarship.com\/wp-content\/uploads\/2020\/02\/divider_line_1divider_line-300x1.png 300w, https:\/\/lunarship.com\/wp-content\/uploads\/2020\/02\/divider_line_1divider_line-150x1.png 150w, https:\/\/lunarship.com\/wp-content\/uploads\/2020\/02\/divider_line_1divider_line-768x1.png 768w, https:\/\/lunarship.com\/wp-content\/uploads\/2020\/02\/divider_line_1divider_line.png 1120w\" sizes=\"(max-width: 1024px) 100vw, 1024px\" \/><\/figure>\n","protected":false},"excerpt":{"rendered":"<p>C\u00f3mo empezar a organizar fotograf\u00edas Gu\u00eda paso a paso para ayudarle a empezar a utilizar Phototheca<\/p>\n","protected":false},"author":1,"featured_media":0,"parent":0,"menu_order":0,"comment_status":"closed","ping_status":"closed","template":"","meta":{"ub_ctt_via":"","kt_blocks_editor_width":""},"featured_image_src":null,"uagb_featured_image_src":{"full":false,"thumbnail":false,"medium":false,"medium_large":false,"large":false,"1536x1536":false,"2048x2048":false},"uagb_author_info":{"display_name":"adm1n1sTraToR","author_link":"https:\/\/lunarship.com\/es\/author\/adm1n1strator\/"},"uagb_comment_info":0,"uagb_excerpt":"C\u00f3mo empezar a organizar fotograf\u00edas Gu\u00eda paso a paso para ayudarle a empezar a utilizar Phototheca","_links":{"self":[{"href":"https:\/\/lunarship.com\/es\/wp-json\/wp\/v2\/pages\/1383"}],"collection":[{"href":"https:\/\/lunarship.com\/es\/wp-json\/wp\/v2\/pages"}],"about":[{"href":"https:\/\/lunarship.com\/es\/wp-json\/wp\/v2\/types\/page"}],"author":[{"embeddable":true,"href":"https:\/\/lunarship.com\/es\/wp-json\/wp\/v2\/users\/1"}],"replies":[{"embeddable":true,"href":"https:\/\/lunarship.com\/es\/wp-json\/wp\/v2\/comments?post=1383"}],"version-history":[{"count":0,"href":"https:\/\/lunarship.com\/es\/wp-json\/wp\/v2\/pages\/1383\/revisions"}],"wp:attachment":[{"href":"https:\/\/lunarship.com\/es\/wp-json\/wp\/v2\/media?parent=1383"}],"curies":[{"name":"wp","href":"https:\/\/api.w.org\/{rel}","templated":true}]}}