{"id":1408,"date":"2020-05-20T19:49:42","date_gmt":"2020-05-20T19:49:42","guid":{"rendered":"https:\/\/lunarship.com\/?page_id=1408"},"modified":"2020-05-27T20:24:59","modified_gmt":"2020-05-27T20:24:59","slug":"download","status":"publish","type":"page","link":"https:\/\/lunarship.com\/it\/download\/","title":{"rendered":"Download"},"content":{"rendered":"\n<h1 id=\"kt-adv-heading_87247a-9e\" class=\"kt-adv-heading_87247a-9e wp-block-kadence-advancedheading\" style=\"text-align:center\">Scarica Phototheca<\/h1>\n\n\n\n<p class=\"has-text-align-center\">Organizza, crea e condividi foto e video digitali<\/p>\n\n\n\n<section class=\"wp-block-uagb-columns uagb-columns__wrap uagb-columns__background-undefined uagb-columns__stack-mobile uagb-columns__valign-undefined uagb-columns__gap-10 alignundefined uagb-block-243f81d3-6fde-4dbf-a78a-90acbfc8fc24\"><div class=\"uagb-columns__overlay\"><\/div><div class=\"uagb-columns__inner-wrap uagb-columns__columns-3\">\n<div class=\"wp-block-uagb-column uagb-column__wrap uagb-column__background-undefined uagb-block-cd3998a9-8e7f-4873-b0cb-5d7cb36fc07a\"><div class=\"uagb-column__overlay\"><\/div><div class=\"uagb-column__inner-wrap\">\n<figure class=\"wp-block-image size-large is-resized\"><img src=\"https:\/\/lunarship.com\/wp-content\/uploads\/2020\/03\/box-free-edition.png\" alt=\"\" class=\"wp-image-1927\" width=\"146\" height=\"149\"\/><\/figure>\n<\/div><\/div>\n\n\n\n<div class=\"wp-block-uagb-column uagb-column__wrap uagb-column__background-undefined uagb-block-95889bff-76a8-4c16-86b6-fa23847884c5\"><div class=\"uagb-column__overlay\"><\/div><div class=\"uagb-column__inner-wrap\">\n<h2 id=\"kt-adv-heading_654dce-82\" class=\"kt-adv-heading_654dce-82 wp-block-kadence-advancedheading\">Phototheca Free<\/h2>\n\n\n\n<p>Una versione semplice con alcune limitazioni per provare prima dell\u2019acquisto<\/p>\n<\/div><\/div>\n\n\n\n<div class=\"wp-block-uagb-column uagb-column__wrap uagb-column__background-undefined uagb-block-00acf640-45ee-404e-ac64-6e3d179c77d9\"><div class=\"uagb-column__overlay\"><\/div><div class=\"uagb-column__inner-wrap\"><style id=\"kt-blocks_07c641-4f\" type=\"text\/css\">.kt-btns_07c641-4f .kt-btn-wrap-0 {margin-right:5px;}.kt-btns_07c641-4f .kt-btn-wrap-0 .kt-button {width:180px;color:#ffffff;font-size:24px;background:linear-gradient(90deg, rgba(58, 88, 212, 1) 0%, rgba(173, 119, 240, 1) 100%);border-color:rgba(85, 85, 85, 1);box-shadow:0px 4px 15px 2px rgba(40, 43, 221, 0.2);}.kt-btns_07c641-4f .kt-btn-wrap-0 .kt-button:hover, .kt-btns_07c641-4f .kt-btn-wrap-0 .kt-button:focus {color:#ffffff;border-color:rgba(47, 106, 207, 1);}.kt-btns_07c641-4f .kt-btn-wrap-0 .kt-button::before {background:rgba(47, 106, 207, 1);}<\/style>\n<div class=\"wp-block-kadence-advancedbtn kt-btn-align-center kt-btn-tablet-align-inherit kt-btn-mobile-align-inherit kt-btns-wrap kt-btns_07c641-4f margintop60\"><div class=\"kt-btn-wrap kt-btn-wrap-0\"><a class=\"kt-button button kt-btn-0-action kt-btn-size-small kt-btn-style-basic kt-btn-svg-show-always kt-btn-has-text-true kt-btn-has-svg-false\" href=\"https:\/\/lunarship.s3.us-east-1.amazonaws.com\/builds\/Phototheca-2026.4.1.5300.exe\" style=\"border-radius:6px;border-width:0px\"><span class=\"kt-btn-inner-text\">Scarica<\/span><\/a><\/div><\/div>\n<\/div><\/div>\n<\/div><\/section>\n\n\n\n<section class=\"wp-block-uagb-columns uagb-columns__wrap uagb-columns__background-undefined uagb-columns__stack-mobile uagb-columns__valign-undefined uagb-columns__gap-10 alignundefined uagb-block-bdd960ec-119e-4abd-b668-f1374b5cb670\"><div class=\"uagb-columns__overlay\"><\/div><div class=\"uagb-columns__inner-wrap uagb-columns__columns-3\">\n<div class=\"wp-block-uagb-column uagb-column__wrap uagb-column__background-undefined uagb-block-92049471-c79d-4f20-9f0c-be3a6942a937\"><div class=\"uagb-column__overlay\"><\/div><div class=\"uagb-column__inner-wrap\">\n<figure class=\"wp-block-image size-large is-resized\"><img src=\"https:\/\/lunarship.com\/wp-content\/uploads\/2020\/03\/box-pro-edition-150x150.png\" alt=\"\" class=\"wp-image-378\" width=\"150\" height=\"150\" srcset=\"https:\/\/lunarship.com\/wp-content\/uploads\/2020\/03\/box-pro-edition-150x150.png 150w, https:\/\/lunarship.com\/wp-content\/uploads\/2020\/03\/box-pro-edition.png 200w\" sizes=\"(max-width: 150px) 100vw, 150px\" \/><\/figure>\n<\/div><\/div>\n\n\n\n<div class=\"wp-block-uagb-column uagb-column__wrap uagb-column__background-undefined uagb-block-174a9040-db40-4e34-bd6f-a5b1f03c33a6\"><div class=\"uagb-column__overlay\"><\/div><div class=\"uagb-column__inner-wrap\">\n<h2 id=\"kt-adv-heading_b3c17d-8a\" class=\"kt-adv-heading_b3c17d-8a wp-block-kadence-advancedheading\">Phototheca Pro<\/h2>\n\n\n\n<p>Edizione avanzata con pi\u00f9 caratteristiche e capacit\u00e0.<br> Pu\u00f2 essere utilizzata per scopi commerciali. Richiede l\u2019acquisto e l\u2019attivazione.<\/p>\n<\/div><\/div>\n\n\n\n<div class=\"wp-block-uagb-column uagb-column__wrap uagb-column__background-undefined uagb-block-0a00dd0f-e776-456a-b217-c564e1a7aab0\"><div class=\"uagb-column__overlay\"><\/div><div class=\"uagb-column__inner-wrap\"><style id=\"kt-blocks_07c641-4f\" type=\"text\/css\">.kt-btns_07c641-4f .kt-btn-wrap-0 {margin-right:5px;}.kt-btns_07c641-4f .kt-btn-wrap-0 .kt-button {width:180px;color:#ffffff;font-size:24px;background:linear-gradient(90deg, rgba(58, 88, 212, 1) 0%, rgba(173, 119, 240, 1) 100%);border-color:rgba(85, 85, 85, 1);box-shadow:0px 4px 15px 2px rgba(40, 43, 221, 0.2);}.kt-btns_07c641-4f .kt-btn-wrap-0 .kt-button:hover, .kt-btns_07c641-4f .kt-btn-wrap-0 .kt-button:focus {color:#ffffff;border-color:rgba(47, 106, 207, 1);}.kt-btns_07c641-4f .kt-btn-wrap-0 .kt-button::before {background:rgba(47, 106, 207, 1);}<\/style>\n<div class=\"wp-block-kadence-advancedbtn kt-btn-align-center kt-btn-tablet-align-inherit kt-btn-mobile-align-inherit kt-btns-wrap kt-btns_07c641-4f margintop60\"><div class=\"kt-btn-wrap kt-btn-wrap-0\"><a class=\"kt-button button kt-btn-0-action kt-btn-size-small kt-btn-style-basic kt-btn-svg-show-always kt-btn-has-text-true kt-btn-has-svg-false\" href=\"https:\/\/lunarship.s3.us-east-1.amazonaws.com\/builds\/Phototheca-2026.4.1.5300.exe\" style=\"border-radius:6px;border-width:0px\"><span class=\"kt-btn-inner-text\">Scarica<\/span><\/a><\/div><\/div>\n<\/div><\/div>\n<\/div><\/section>\n\n\n\n<section class=\"wp-block-uagb-columns uagb-columns__wrap uagb-columns__background-undefined uagb-columns__stack-mobile uagb-columns__valign-undefined uagb-columns__gap-10 alignundefined uagb-block-01f6c659-e850-4ff7-b487-7f0d1101d798\"><div class=\"uagb-columns__overlay\"><\/div><div class=\"uagb-columns__inner-wrap uagb-columns__columns-3\">\n<div class=\"wp-block-uagb-column uagb-column__wrap uagb-column__background-undefined uagb-block-da5dc905-85c3-4550-a63f-4d2201f09011\"><div class=\"uagb-column__overlay\"><\/div><div class=\"uagb-column__inner-wrap\">\n<figure class=\"wp-block-image size-large is-resized\"><img src=\"https:\/\/lunarship.com\/wp-content\/uploads\/2020\/03\/box-premium-edition-150x150.png\" alt=\"\" class=\"wp-image-381\" width=\"150\" height=\"150\" srcset=\"https:\/\/lunarship.com\/wp-content\/uploads\/2020\/03\/box-premium-edition-150x150.png 150w, https:\/\/lunarship.com\/wp-content\/uploads\/2020\/03\/box-premium-edition.png 200w\" sizes=\"(max-width: 150px) 100vw, 150px\" \/><\/figure>\n<\/div><\/div>\n\n\n\n<div class=\"wp-block-uagb-column uagb-column__wrap uagb-column__background-undefined uagb-block-cc5769d5-5acb-4204-a884-2f7e6ae3e769\"><div class=\"uagb-column__overlay\"><\/div><div class=\"uagb-column__inner-wrap\">\n<h2 id=\"kt-adv-heading_b91f7b-4c\" class=\"kt-adv-heading_b91f7b-4c wp-block-kadence-advancedheading\">Phototheca Premium<\/h2>\n\n\n\n<p>L\u2019edizione pi\u00f9 avanzata di Phototheca. Include tutte le funzionalit\u00e0 della versione Pro, oltre alle funzioni di editing e a una libreria di dimensioni illimitate. Richiede l\u2019acquisto e l\u2019attivazione.<\/p>\n<\/div><\/div>\n\n\n\n<div class=\"wp-block-uagb-column uagb-column__wrap uagb-column__background-undefined uagb-block-d79a3ff9-ecc6-4f72-9b05-5aa00310c95b\"><div class=\"uagb-column__overlay\"><\/div><div class=\"uagb-column__inner-wrap\"><style id=\"kt-blocks_07c641-4f\" type=\"text\/css\">.kt-btns_07c641-4f .kt-btn-wrap-0 {margin-right:5px;}.kt-btns_07c641-4f .kt-btn-wrap-0 .kt-button {width:180px;color:#ffffff;font-size:24px;background:linear-gradient(90deg, rgba(58, 88, 212, 1) 0%, rgba(173, 119, 240, 1) 100%);border-color:rgba(85, 85, 85, 1);box-shadow:0px 4px 15px 2px rgba(40, 43, 221, 0.2);}.kt-btns_07c641-4f .kt-btn-wrap-0 .kt-button:hover, .kt-btns_07c641-4f .kt-btn-wrap-0 .kt-button:focus {color:#ffffff;border-color:rgba(47, 106, 207, 1);}.kt-btns_07c641-4f .kt-btn-wrap-0 .kt-button::before {background:rgba(47, 106, 207, 1);}<\/style>\n<div class=\"wp-block-kadence-advancedbtn kt-btn-align-center kt-btn-tablet-align-inherit kt-btn-mobile-align-inherit kt-btns-wrap kt-btns_07c641-4f margintop60\"><div class=\"kt-btn-wrap kt-btn-wrap-0\"><a class=\"kt-button button kt-btn-0-action kt-btn-size-small kt-btn-style-basic kt-btn-svg-show-always kt-btn-has-text-true kt-btn-has-svg-false\" href=\"https:\/\/lunarship.s3.us-east-1.amazonaws.com\/builds\/Phototheca-2026.4.1.5300.exe\" style=\"border-radius:6px;border-width:0px\"><span class=\"kt-btn-inner-text\">Scarica<\/span><\/a><\/div><\/div>\n<\/div><\/div>\n<\/div><\/section>\n\n\n\n<div style=\"height:100px\" aria-hidden=\"true\" class=\"wp-block-spacer\"><\/div>\n\n\n\n<section class=\"wp-block-uagb-section uagb-section__wrap uagb-section__background-undefined uagb-block-7b17377f-d4c3-44fd-b919-a697b7935704\"><div class=\"uagb-section__overlay\"><\/div><div class=\"uagb-section__inner-wrap\">\n<h2 class=\"has-text-align-center\">Specifiche tecniche<\/h2>\n\n\n\n<h3 id=\"kt-adv-heading_e2e219-9a\" class=\"kt-adv-heading_e2e219-9a wp-block-kadence-advancedheading\">Informazioni<\/h3>\n\n\n\n<hr class=\"wp-block-separator has-text-color has-background has-vivid-cyan-blue-background-color has-vivid-cyan-blue-color is-style-wide\"\/>\n\n\n\n<section class=\"wp-block-uagb-columns uagb-columns__wrap uagb-columns__background-undefined uagb-columns__stack-mobile uagb-columns__valign-undefined uagb-columns__gap-10 alignundefined uagb-block-d7b4cd94-2885-4d5f-b6bc-1d4f83aed5c9\"><div class=\"uagb-columns__overlay\"><\/div><div class=\"uagb-columns__inner-wrap uagb-columns__columns-2\">\n<div class=\"wp-block-uagb-column uagb-column__wrap uagb-column__background-undefined uagb-block-ba432c53-2d21-4e32-ada0-35e8af078a89\"><div class=\"uagb-column__overlay\"><\/div><div class=\"uagb-column__inner-wrap\">\n<section class=\"wp-block-uagb-columns uagb-columns__wrap uagb-columns__background-undefined uagb-columns__stack-mobile uagb-columns__valign-undefined uagb-columns__gap-10 alignundefined uagb-block-a7a78504-816c-48b5-9f3b-356f1f83fcf1\"><div class=\"uagb-columns__overlay\"><\/div><div class=\"uagb-columns__inner-wrap uagb-columns__columns-2\">\n<div class=\"wp-block-uagb-column uagb-column__wrap uagb-column__background-undefined uagb-block-6a033058-52d1-4f39-90c3-57306c7bef86\"><div class=\"uagb-column__overlay\"><\/div><div class=\"uagb-column__inner-wrap\">\n<figure class=\"wp-block-image size-large\"><img width=\"200\" height=\"200\" src=\"https:\/\/lunarship.com\/wp-content\/uploads\/2020\/03\/box-premium-edition.png\" alt=\"\" class=\"wp-image-645\" srcset=\"https:\/\/lunarship.com\/wp-content\/uploads\/2020\/03\/box-premium-edition.png 200w, https:\/\/lunarship.com\/wp-content\/uploads\/2020\/03\/box-premium-edition-150x150.png 150w\" sizes=\"(max-width: 200px) 100vw, 200px\" \/><\/figure>\n<\/div><\/div>\n\n\n\n<div class=\"wp-block-uagb-column uagb-column__wrap uagb-column__background-undefined uagb-block-3bd03a6b-e976-4622-b8ee-dba9f0f7c508\"><div class=\"uagb-column__overlay\"><\/div><div class=\"uagb-column__inner-wrap\">\n<figure class=\"wp-block-table is-style-regular table_no_borders\"><table class=\"\"><tbody><tr><td class=\"has-text-align-right\" data-align=\"right\"><strong>Versione<\/strong><\/td><td>2020.1.1.2900<\/td><\/tr><tr><td class=\"has-text-align-right\" data-align=\"right\"><\/td><td>128MB<\/td><\/tr><tr><td class=\"has-text-align-right\" data-align=\"right\"><strong>Prezzo<\/strong><\/td><td>$54.95<\/td><\/tr><\/tbody><\/table><\/figure>\n\n\n<style id=\"kt-blocks_766ed6-94\" type=\"text\/css\">.kt-btns_766ed6-94 .kt-btn-wrap-0 {margin-right:5px;}.kt-btns_766ed6-94 .kt-btn-wrap-0 .kt-button {width:230px;color:#ffffff;font-size:20px;background:linear-gradient(90deg, rgba(14, 214, 78, 1) 0%, rgba(6, 170, 195, 1) 100%);border-color:rgba(85, 85, 85, 1);box-shadow:0px 4px 15px 6px rgba(39, 221, 152, 0.2);}.kt-btns_766ed6-94 .kt-btn-wrap-0 .kt-button:hover, .kt-btns_766ed6-94 .kt-btn-wrap-0 .kt-button:focus {color:#ffffff;border-color:rgba(14, 214, 78, 1);}.kt-btns_766ed6-94 .kt-btn-wrap-0 .kt-button::before {background:rgba(14, 214, 78, 1);}<\/style>\n<div class=\"wp-block-kadence-advancedbtn kt-btn-align-center kt-btn-tablet-align-inherit kt-btn-mobile-align-inherit kt-btns-wrap kt-btns_766ed6-94\"><div class=\"kt-btn-wrap kt-btn-wrap-0\"><a class=\"kt-button button kt-btn-0-action kt-btn-size-small kt-btn-style-basic kt-btn-svg-show-always kt-btn-has-text-true kt-btn-has-svg-false\" href=\"https:\/\/lunarship.com\/pricing\/\" style=\"border-radius:6px;border-width:0px\"><span class=\"kt-btn-inner-text\">Acquista Phototheca<\/span><\/a><\/div><\/div>\n<\/div><\/div>\n<\/div><\/section>\n<\/div><\/div>\n\n\n\n<div class=\"wp-block-uagb-column uagb-column__wrap uagb-column__background-undefined uagb-block-55f4de09-6fcc-4ad1-9c36-aeecd11e3b7c\"><div class=\"uagb-column__overlay\"><\/div><div class=\"uagb-column__inner-wrap\">\n<h4 id=\"kt-adv-heading_fe1b48-77\" class=\"kt-adv-heading_fe1b48-77 wp-block-kadence-advancedheading\" style=\"text-align:left\">Lingue di interfaccia<\/h4>\n\n\n\n<section class=\"wp-block-uagb-columns uagb-columns__wrap uagb-columns__background-undefined uagb-columns__stack-mobile uagb-columns__valign-undefined uagb-columns__gap-10 alignundefined uagb-block-6e64650a-a26c-4e11-9d37-e10692081f3c\"><div class=\"uagb-columns__overlay\"><\/div><div class=\"uagb-columns__inner-wrap uagb-columns__columns-4\">\n<div class=\"wp-block-uagb-column uagb-column__wrap uagb-column__background-undefined uagb-block-43ae3f2d-467b-415e-9be2-c740b348d9c1\"><div class=\"uagb-column__overlay\"><\/div><div class=\"uagb-column__inner-wrap\">\n<figure class=\"wp-block-image size-large image_flag\"><img width=\"102\" height=\"60\" src=\"https:\/\/lunarship.com\/wp-content\/uploads\/2020\/05\/English_language.gif\" alt=\"\" class=\"wp-image-2143\"\/><\/figure>\n<\/div><\/div>\n\n\n\n<div class=\"wp-block-uagb-column uagb-column__wrap uagb-column__background-undefined uagb-block-802ac4cf-81bb-4c99-9e6f-687e726cce2d\"><div class=\"uagb-column__overlay\"><\/div><div class=\"uagb-column__inner-wrap\">\n<figure class=\"wp-block-image size-large image_flag\"><img width=\"102\" height=\"60\" src=\"https:\/\/lunarship.com\/wp-content\/uploads\/2020\/05\/Germany_language.gif\" alt=\"\" class=\"wp-image-2144\"\/><\/figure>\n<\/div><\/div>\n\n\n\n<div class=\"wp-block-uagb-column uagb-column__wrap uagb-column__background-undefined uagb-block-92389563-73c3-42ba-87a7-5ef71a54957a\"><div class=\"uagb-column__overlay\"><\/div><div class=\"uagb-column__inner-wrap\">\n<figure class=\"wp-block-image size-large image_flag\"><img width=\"102\" height=\"60\" src=\"https:\/\/lunarship.com\/wp-content\/uploads\/2020\/05\/Italian_language.gif\" alt=\"\" class=\"wp-image-2145\"\/><\/figure>\n<\/div><\/div>\n\n\n\n<div class=\"wp-block-uagb-column uagb-column__wrap uagb-column__background-undefined uagb-block-2ca4bef7-abc9-4841-81fc-b1706e4fa1bf\"><div class=\"uagb-column__overlay\"><\/div><div class=\"uagb-column__inner-wrap\">\n<figure class=\"wp-block-image size-large image_flag\"><img width=\"102\" height=\"60\" src=\"https:\/\/lunarship.com\/wp-content\/uploads\/2020\/05\/Spanish_language.gif\" alt=\"\" class=\"wp-image-2146\"\/><\/figure>\n<\/div><\/div>\n<\/div><\/section>\n<\/div><\/div>\n<\/div><\/section>\n\n\n\n<h3 id=\"kt-adv-heading_ee0413-2e\" class=\"kt-adv-heading_ee0413-2e wp-block-kadence-advancedheading\">Requisiti di sistema<\/h3>\n\n\n\n<hr class=\"wp-block-separator has-text-color has-background has-vivid-cyan-blue-background-color has-vivid-cyan-blue-color is-style-wide\"\/>\n\n\n\n<figure class=\"wp-block-table\">\n<table class=\"table_no_borders\">\n  <colgroup>\n    <col style=\"width:20%\">\n    <col style=\"width:50%\">\n  <\/colgroup>\n<tbody><tr><td class=\"has-text-align-right bold\" data-align=\"right\">Sistema operativo<\/td><td>Microsoft\u00ae Windows\u00ae 7\/8\/10 32\/64-bit con patch aggiornate e service pack installati<\/td><\/tr><tr><td class=\"has-text-align-right bold\" data-align=\"right\">Processore<\/td><td>Intel\u00ae, AMD\u00ae, o processore dual-core compatibile, 1,5 GHz<\/td><\/tr><tr><td class=\"has-text-align-right  bold\" data-align=\"right\">Scheda grafica<\/td><td>Scheda grafica con OpenGL 1.4 o versioni successive<\/td><\/tr><tr><td class=\"has-text-align-right  bold\" data-align=\"right\">Display<\/td><td>Risoluzione dello schermo 1280 \u00d7 768, colore a 32 bit. Uno o due display<\/td><\/tr><tr><td class=\"has-text-align-right bold\" data-align=\"right\">RAM<\/td><td>4 GB per Windows 7, Windows 8 e Windows 10<\/td><\/tr><tr><td class=\"has-text-align-right bold\" data-align=\"right\">Spazio sul disco rigido<\/td><td>585 MB di spazio disponibile su disco rigido per l&#8217;installazione, 1-5 GB per le operazioni in corso<\/td><\/tr><tr><td class=\"has-text-align-right\" data-align=\"right\"><\/td><td>Sfortunatamente, l&#8217;elaborazione corretta di file di immagini di grandi dimensioni con dimensioni superiori a 6000 \u00d7 8000 pixel non pu\u00f2 essere garantita.<\/td><\/tr><\/tbody><\/table><\/figure>\n<\/div><\/section>\n","protected":false},"excerpt":{"rendered":"<p>Scarica Phototheca Organizza, crea e condividi foto e video digitali<\/p>\n","protected":false},"author":1,"featured_media":0,"parent":0,"menu_order":0,"comment_status":"closed","ping_status":"closed","template":"","meta":{"ub_ctt_via":"","kt_blocks_editor_width":""},"featured_image_src":null,"uagb_featured_image_src":{"full":false,"thumbnail":false,"medium":false,"medium_large":false,"large":false,"1536x1536":false,"2048x2048":false},"uagb_author_info":{"display_name":"adm1n1sTraToR","author_link":"https:\/\/lunarship.com\/it\/author\/adm1n1strator\/"},"uagb_comment_info":0,"uagb_excerpt":"Scarica Phototheca Organizza, crea e condividi foto e video digitali","_links":{"self":[{"href":"https:\/\/lunarship.com\/it\/wp-json\/wp\/v2\/pages\/1408"}],"collection":[{"href":"https:\/\/lunarship.com\/it\/wp-json\/wp\/v2\/pages"}],"about":[{"href":"https:\/\/lunarship.com\/it\/wp-json\/wp\/v2\/types\/page"}],"author":[{"embeddable":true,"href":"https:\/\/lunarship.com\/it\/wp-json\/wp\/v2\/users\/1"}],"replies":[{"embeddable":true,"href":"https:\/\/lunarship.com\/it\/wp-json\/wp\/v2\/comments?post=1408"}],"version-history":[{"count":0,"href":"https:\/\/lunarship.com\/it\/wp-json\/wp\/v2\/pages\/1408\/revisions"}],"wp:attachment":[{"href":"https:\/\/lunarship.com\/it\/wp-json\/wp\/v2\/media?parent=1408"}],"curies":[{"name":"wp","href":"https:\/\/api.w.org\/{rel}","templated":true}]}}