{"id":1422,"date":"2020-05-20T20:19:20","date_gmt":"2020-05-20T20:19:20","guid":{"rendered":"https:\/\/lunarship.com\/?page_id=1422"},"modified":"2020-05-27T20:02:08","modified_gmt":"2020-05-27T20:02:08","slug":"raw","status":"publish","type":"page","link":"https:\/\/lunarship.com\/it\/raw\/","title":{"rendered":"RAW"},"content":{"rendered":"\n<h1 id=\"kt-adv-heading_e23fd9-65\" class=\"kt-adv-heading_e23fd9-65 wp-block-kadence-advancedheading\" style=\"text-align:center\">RAW in Phototheca<\/h1>\n\n\n\n<section class=\"wp-block-uagb-columns uagb-columns__wrap uagb-columns__background-undefined uagb-columns__stack-mobile uagb-columns__valign-undefined uagb-columns__gap-10 alignundefined uagb-block-af072602-3963-4f49-9ad3-7522d0c18e76\"><div class=\"uagb-columns__overlay\"><\/div><div class=\"uagb-columns__inner-wrap uagb-columns__columns-1\">\n<div class=\"wp-block-uagb-column uagb-column__wrap uagb-column__background-undefined uagb-block-151fe5af-edfa-4c38-9677-afe08acb300c\"><div class=\"uagb-column__overlay\"><\/div><div class=\"uagb-column__inner-wrap\">\n<p>Phototheca lavora con formati di file RAW tramite il framework <em>Windows Imaging Component<\/em> (WIC) supportato in Windows 7, Windows 8 e versioni successive di Windows.<\/p>\n\n\n\n<p>Il WIC consente ad applicazioni come Phototheca di lavorare con formati di immagine tramite i cosiddetti <em>codec<\/em> forniti dalla telecamera e da altri venditori di hardware. Senza dover conoscere i dettagli interni di un formato di file, Phototheca \u00e8 in grado di gestire i file purch\u00e9 sia installato un codec funzionante. <\/p>\n\n\n\n<p>Assicurati di aver sempre installato l\u2019ultimo codec RAW (codec WIC) dal sito web del venditore della tua telecamera. Questo assicura che Phototheca possa leggere e riprodurre le immagini nella migliore qualit\u00e0 possibile.<\/p>\n\n\n\n<p>Ci sono diversi possibili scenari quando si tratta di versioni specifiche di Windows e WIC.<\/p>\n\n\n\n<h2>Windows 10, Windows 8.1, Windows 8<\/h2>\n\n\n\n<p>Sei fortunato perch\u00e9 questi sistemi operativi sono dotati di codici WIC integrati per la decodifica di pi\u00f9 formati RAW di Microsoft. Questi codec sono disponibili tramite Windows Update, \u00e8 quindi sufficiente tenere aggiornato il sistema operativo e sfruttare il supporto RAW con il crescente numero di modelli di fotocamere. <\/p>\n\n\n\n<p>Phototheca verifica questo scenario e mostra il messaggio di richiesta: <\/p>\n\n\n\n<figure class=\"wp-block-image size-large\"><img width=\"560\" height=\"334\" src=\"https:\/\/lunarship.com\/wp-content\/uploads\/2020\/02\/RAW_in_Phototheca.png\" alt=\"\" class=\"wp-image-347\" srcset=\"https:\/\/lunarship.com\/wp-content\/uploads\/2020\/02\/RAW_in_Phototheca.png 560w, https:\/\/lunarship.com\/wp-content\/uploads\/2020\/02\/RAW_in_Phototheca-300x179.png 300w\" sizes=\"(max-width: 560px) 100vw, 560px\" \/><\/figure>\n\n\n\n<h2>Windows 7, Windows Vista SP2<\/h2>\n\n\n\n<p>Questi sistemi operativi non hanno codec RAW integrati. Esiste un pacchetto di codec di Microsoft (Microsoft Camera Codec Pack) che consente il supporto RAW in Windows 7 e Vista SP2 tramite WIC. Basta scaricarlo e installarlo dal link sottostante per ottenere il supporto per pi\u00f9 di 100 formati RAW e modelli di telecamere. <\/p>\n\n\n\n<p>Fai attenzione al numero di <em>bit<\/em> del tuo sistema operativo: <br> Se hai Windows 32bit \u2014 &nbsp;il file che devi installare \u00e8 \u201c<strong>MicrosoftCameraCodecPack-x86.msi<\/strong>\u201d <br> Se hai Windows 64bit \u2014 usa il programma di installazione \u201c<strong>MicrosoftCameraCodecPack-x64.msi<\/strong>\u201d.<br> Entrambi i file sono disponibili per il download tramite il link:<a href=\"https:\/\/www.microsoft.com\/en-us\/download\/details.aspx?id=26829\"><br> Download Microsoft Camera Codec Pack<\/a><\/p>\n\n\n\n<p>Phototheca verifica se tali codec sono installati o meno e mostra il messaggio di richiesta: <\/p>\n\n\n\n<figure class=\"wp-block-image size-large\"><img width=\"560\" height=\"334\" src=\"https:\/\/lunarship.com\/wp-content\/uploads\/2020\/02\/RAW_in_Phototheca_Windows_7_and_Vista.png\" alt=\"\" class=\"wp-image-348\" srcset=\"https:\/\/lunarship.com\/wp-content\/uploads\/2020\/02\/RAW_in_Phototheca_Windows_7_and_Vista.png 560w, https:\/\/lunarship.com\/wp-content\/uploads\/2020\/02\/RAW_in_Phototheca_Windows_7_and_Vista-300x179.png 300w\" sizes=\"(max-width: 560px) 100vw, 560px\" \/><\/figure>\n\n\n\n<h2>Supporto dei formati RAW dei venditori di hardware<\/h2>\n\n\n\n<p>I principali fornitori di fotocamere rilasciano anche le proprie implementazioni di codec WIC per dare supporto RAW agli utilizzatori finali. \u00c8 sensato prendere in considerazione i codec di configurazione di un fornitore per dare un supporto migliore per i formati RAW rispetto a quello che potremmo ottenere dall\u2019implementazione di Microsoft.<\/p>\n\n\n\n<p><strong>32-Bit e 64-Bit<\/strong><br> I codec installati devono corrispondere al numero di bit del sistema operativo. Se esegui una versione a 64 bit di Windows devi installare la variante a 64 bit dei codec RAW forniti dal venditore della tua fotocamera. Se il venditore della tua fotocamera non offre codec a 64 bit, prendi in considerazione l\u2019utilizzo del Microsoft Codec Pack o l\u2019acquisto del pacchetto di codec FastPictureViewer per il supporto WIC completo in Windows Explorer, Phototheca e altre applicazioni sulle versioni a 64 bit di Windows. <\/p>\n\n\n\n<p> <strong>Siti di Download di Codec WIC<\/strong> <br><a href=\"https:\/\/www.nikonimglib.com\/nefcodec\/index.html.en\">Nikon<\/a><br><a href=\"https:\/\/www.usa.canon.com\/internet\/portal\/us\/home\/support\/details\/cameras\/support-software-applications\/canon-raw-codec-software\">Canon<\/a><br><a href=\"https:\/\/support.d-imaging.sony.co.jp\/www\/download\/vista_raw\/\">Sony<\/a><br><a href=\"https:\/\/www.olympus.co.jp\/en\/support\/imsg\/digicamera\/download\/software\/codec\/index.cfm\">Olympus<\/a><br><a href=\"https:\/\/www.microsoft.com\/download\/en\/details.aspx?id=26829\">Microsoft Free Codec Pack for 32 and 64 Bit<\/a><br><a href=\"https:\/\/www.adobe.com\/support\/downloads\/detail.jsp?ftpID=5495\">Adobe DNG<\/a><br><a href=\"http:\/\/www.fastpictureviewer.com\/codecs\/\">FastPictureViewer Codec Pack<\/a><br>Puoi consultare anche questo articolo di Wikipedia per ulteriori informazioni sul WIC e sul <a href=\"https:\/\/msdn.microsoft.com\/en-us\/library\/ee719654%28v=VS.85%29.aspx\">Windows Imaging Component Overview<\/a> di Microsoft <\/p>\n\n\n\n<h3>Modelli di fotocamera supportati da Phototheca tramite Microsoft Camera Codec Pack<\/h3>\n\n\n\n<p><strong>Canon:<\/strong> Digital Rebel\n XT, Digital Rebel XTi, EOS 1DC, EOS 10D, EOS 20D, EOS 30D, EOS 40D, EOS\n 50D Digital, EOS 60D, EOS 60Da, EOS 70D, EOS 100D, EOS 300D, EOS 350D, \nEOS 400D, EOS 450D, EOS 500D, EOS 550D, EOS 600D, EOS 650D, EOS 700D, \nEOS 1000D, EOS1100D, EOS 5D, EOS 5D Mark II, EOS 5D Mark III, EOS 6D, \nEOS 7D Digital, EOS D30, EOS D60, EOS Digital Rebel, EOS Kiss Digital, \nEOS Kiss Digital N, EOS Kiss Digital X, EOS Kiss F, EOS Kiss X2, EOS \nKiss X3, EOS Kiss X4, EOS Kiss X5, EOS Kiss X6i, EOS Kiss X7, EOS Kiss \nX7i, EOS Kiss X50, EOS M, EOS Rebel SL1, EOS Rebel T1i, EOS Rebel T2i, \nEOS Rebel T3, EOS Rebel T3i, EOS Rebel T4i, EOS Rebel T5i , EOS Rebel \nXS, EOS Rebel XSi, EOS-1D, EOS-1D X, EOS-1D Mark II, EOS-1D Mark II N, \nEOS-1D Mark III, EOS-1D Mark IV, EOS-1Ds, EOS-1Ds Mark II, EOS-1Ds Mark \nIII, PowerShot G1 X, PowerShot G2, PowerShot G3, PowerShot G5, PowerShot\n G6, PowerShot G9, PowerShot G10, PowerShot G11, PowerShot G12, \nPowerShot G15, PowerShot Pro1, PowerShot S90, PowerShot S95, PowerShot \nS100, PowerShot S100V, PowerShot S110, PowerShot SX1 IS, PowerShot SX50 \nHS<br><strong>Casio:<\/strong> EX-FH20<br><strong>Epson:<\/strong> R-D1, R-D1s<br><strong>Fujifilm:<\/strong> X10, XF1<br><strong>Kodak:<\/strong> EasyShare Z981, EasyShare Z1015 IS<br><strong>Konica Minolta:<\/strong> ALPHA SWEET DIGITAL, ALPHA-5 DIGITAL, ALPHA-7 DIGITAL, DiMAGE A1, DiMAGE A2, DYNAX 5D, DYNAX 7D, Maxxum 5D, Maxxum 7D<br><strong>Leica:<\/strong> DIGILUX 3, D-LUX 4, M8, M8.2, M9<br><strong>Nikon: <\/strong>1\n J1, 1 J2, 1 J3, 1 S1, 1 V1, 1 V2, Coolpix 5400, Coolpix P6000, Coolpix \nP7000, Coolpix P7100, Coolpix 8700, D1H, D2H, D2Hs, D2X, D2Xs, D3, D3s, \nD3X, D4, D40, D40x, D50, D60, D70, D70s, D80, D90, D100, D200, D300, \nD300s, D600, D700, D800, D800E, D3000, D3100, D3200, D5000, D5100, \nD5200, D7000, D7100<br><strong>Olympus:<\/strong> C-7070 Wide Zoom, \nC-8080 Wide Zoom, E-1, E-3, E-10, E-20, E-30, E-420, E-450, E-520, \nE-600, E-620, EVOLT E-300, EVOLT E-330, EVOLT E-400, EVOLT E-410, EVOLT \nE-500, EVOLT E-510, OM-D E-M5, PEN E-P1, PEN E-P2, PEN-P3, PEN E-PL1, \nPEN E-PL2, PEN E-PL3, PEN E-PL1s, PEN E-PL5, PEN E-PM1, PEN E-PM2, XZ-1,\n XZ-2, XZ-10<br><strong>Panasonic:<\/strong> Lumix DMX-FZ40, Lumix \nDMC-FZ150, Lumix DMC-FZ200, Lumix DMC-G1, Lumix DMX-G2, Lumix DMC-G3, \nLumix DMX-G5, Lumix DMC-GF1, Lumix DMC-GF2, Lumix DMC-GF3, Lumix \nDMX-GF5, Lumix DMC-GH1, Lumix DMC-GH2, Lumix DMC-GH3, Lumix DMX-GX1, \nLumix DMC-LX3, Lumix DMC-LX5, Lumix DMX-LX7<br><strong>Pentax (PEF formats only):<\/strong> *ist D, *ist DL, *ist DS, K10D, K20D, K100D, K100D Super, K110D, K200D, K-01, K-5, K-7, K-r, K-x<br><strong>Samsung:<\/strong> EX2F, Galaxy NX, NX10, NX11, NX20, NX300, NX1000, NX2000<br><strong>Sony:<\/strong>\n DSLR-A100, DSLR-A200, DSLR-A230, DSLR-A300, DSLR-A330, DSLR-A350, \nDSLR-A380, DSLR-A500, DSLR-A550, DSLR-A560, DSLR-A580, DSLR-A700, \nDSLR-A850, DSLR-A900, Alpha NEX-C3, Alpha NEX-F3, Alpha NEX-3, Alpha \nNEX-3N, Alpha NEX-5, Alpha NEX-5N, Alpha NEX-5R, Alpha NEX-6, Alpha \nNEX-7, Alpha SLT-A33, Alpha SLT-A35, Alpha SLT-A37, Alpha SLT-A55\/A55V, \nAlpha SLT-A57, Alpha SLT-A58, Alpha SLT-A65V, Alpha SLT-77V, Alpha SLT \nA-99, Cyber-shot DSC-R1, Cyber-shot DSC-RX1, Cyber-shot DSC-RX1R, \nCyber-shot DSC-RX100, Cyber-shot DSC-RX100 II\n\n<\/p>\n<\/div><\/div>\n<\/div><\/section>\n\n\n\n<p><\/p>\n","protected":false},"excerpt":{"rendered":"<p>RAW in Phototheca<\/p>\n","protected":false},"author":1,"featured_media":0,"parent":0,"menu_order":0,"comment_status":"closed","ping_status":"closed","template":"","meta":{"ub_ctt_via":"","kt_blocks_editor_width":""},"featured_image_src":null,"uagb_featured_image_src":{"full":false,"thumbnail":false,"medium":false,"medium_large":false,"large":false,"1536x1536":false,"2048x2048":false},"uagb_author_info":{"display_name":"adm1n1sTraToR","author_link":"https:\/\/lunarship.com\/it\/author\/adm1n1strator\/"},"uagb_comment_info":0,"uagb_excerpt":"RAW in Phototheca","_links":{"self":[{"href":"https:\/\/lunarship.com\/it\/wp-json\/wp\/v2\/pages\/1422"}],"collection":[{"href":"https:\/\/lunarship.com\/it\/wp-json\/wp\/v2\/pages"}],"about":[{"href":"https:\/\/lunarship.com\/it\/wp-json\/wp\/v2\/types\/page"}],"author":[{"embeddable":true,"href":"https:\/\/lunarship.com\/it\/wp-json\/wp\/v2\/users\/1"}],"replies":[{"embeddable":true,"href":"https:\/\/lunarship.com\/it\/wp-json\/wp\/v2\/comments?post=1422"}],"version-history":[{"count":0,"href":"https:\/\/lunarship.com\/it\/wp-json\/wp\/v2\/pages\/1422\/revisions"}],"wp:attachment":[{"href":"https:\/\/lunarship.com\/it\/wp-json\/wp\/v2\/media?parent=1422"}],"curies":[{"name":"wp","href":"https:\/\/api.w.org\/{rel}","templated":true}]}}