{"id":1454,"date":"2020-05-21T16:42:31","date_gmt":"2020-05-21T16:42:31","guid":{"rendered":"https:\/\/lunarship.com\/?page_id=1454"},"modified":"2020-05-27T19:59:38","modified_gmt":"2020-05-27T19:59:38","slug":"how-to-start-organizing-photos","status":"publish","type":"page","link":"https:\/\/lunarship.com\/it\/how-to-start-organizing-photos\/","title":{"rendered":"How to start organizing photos"},"content":{"rendered":"\n<h1 id=\"kt-adv-heading_f50f21-46\" class=\"kt-adv-heading_f50f21-46 wp-block-kadence-advancedheading\" style=\"text-align:center\">Come iniziare a organizzare le foto<\/h1>\n\n\n\n<p class=\"has-text-align-center\">Guida passo dopo passo per aiutarti a iniziare con Phototheca<\/p>\n\n\n\n<figure class=\"wp-block-image size-large\"><img width=\"1024\" height=\"1\" src=\"https:\/\/lunarship.com\/wp-content\/uploads\/2020\/02\/divider_line_1divider_line-1024x1.png\" alt=\"\" class=\"wp-image-281\" srcset=\"https:\/\/lunarship.com\/wp-content\/uploads\/2020\/02\/divider_line_1divider_line-1024x1.png 1024w, https:\/\/lunarship.com\/wp-content\/uploads\/2020\/02\/divider_line_1divider_line-300x1.png 300w, https:\/\/lunarship.com\/wp-content\/uploads\/2020\/02\/divider_line_1divider_line-150x1.png 150w, https:\/\/lunarship.com\/wp-content\/uploads\/2020\/02\/divider_line_1divider_line-768x1.png 768w, https:\/\/lunarship.com\/wp-content\/uploads\/2020\/02\/divider_line_1divider_line.png 1120w\" sizes=\"(max-width: 1024px) 100vw, 1024px\" \/><\/figure>\n\n\n\n<section class=\"wp-block-uagb-columns uagb-columns__wrap uagb-columns__background-undefined uagb-columns__stack-mobile uagb-columns__valign-undefined uagb-columns__gap-10 alignundefined uagb-block-532ac4e4-acd9-48cd-bd74-53ee345d83ce\"><div class=\"uagb-columns__overlay\"><\/div><div class=\"uagb-columns__inner-wrap uagb-columns__columns-1\">\n<div class=\"wp-block-uagb-column uagb-column__wrap uagb-column__background-undefined uagb-block-1fccdf8b-681b-413b-a0ef-422ec7cca8d3\"><div class=\"uagb-column__overlay\"><\/div><div class=\"uagb-column__inner-wrap\">\n<h4>1. Non lasciarti confondere da questa schermata di benvenuto \u2014 le tue foto appariranno a breve<\/h4>\n\n\n\n<figure class=\"wp-block-image size-large\"><img width=\"800\" height=\"508\" src=\"https:\/\/lunarship.com\/wp-content\/uploads\/2020\/03\/start1.jpg\" alt=\"\" class=\"wp-image-404\" srcset=\"https:\/\/lunarship.com\/wp-content\/uploads\/2020\/03\/start1.jpg 800w, https:\/\/lunarship.com\/wp-content\/uploads\/2020\/03\/start1-300x191.jpg 300w, https:\/\/lunarship.com\/wp-content\/uploads\/2020\/03\/start1-768x488.jpg 768w\" sizes=\"(max-width: 800px) 100vw, 800px\" \/><\/figure>\n\n\n\n<p>Quando si esegue Phototheca la prima volta o si ha una libreria vuota \u2014 si vede sempre questa schermata di benvenuto con suggerimenti su come iniziare. Cominciamo.<\/p>\n\n\n\n<div style=\"height:42px\" aria-hidden=\"true\" class=\"wp-block-spacer\"><\/div>\n\n\n\n<h4>2. Apri la finestra di importazione<\/h4>\n\n\n\n<p>Vai a Menu&nbsp;<em>File-&gt;Import To Library<\/em>&nbsp;per aprire la finestra di importazione. <\/p>\n\n\n\n<figure class=\"wp-block-image size-large\"><img width=\"520\" height=\"503\" src=\"https:\/\/lunarship.com\/wp-content\/uploads\/2020\/03\/start2.jpg\" alt=\"\" class=\"wp-image-405\" srcset=\"https:\/\/lunarship.com\/wp-content\/uploads\/2020\/03\/start2.jpg 520w, https:\/\/lunarship.com\/wp-content\/uploads\/2020\/03\/start2-300x290.jpg 300w\" sizes=\"(max-width: 520px) 100vw, 520px\" \/><\/figure>\n\n\n\n<div style=\"height:42px\" aria-hidden=\"true\" class=\"wp-block-spacer\"><\/div>\n\n\n\n<h4>3. Sfoglia la cartella delle foto<\/h4>\n\n\n\n<figure class=\"wp-block-image size-large\"><img width=\"885\" height=\"597\" src=\"https:\/\/lunarship.com\/wp-content\/uploads\/2020\/03\/start3.jpg\" alt=\"\" class=\"wp-image-406\" srcset=\"https:\/\/lunarship.com\/wp-content\/uploads\/2020\/03\/start3.jpg 885w, https:\/\/lunarship.com\/wp-content\/uploads\/2020\/03\/start3-300x202.jpg 300w, https:\/\/lunarship.com\/wp-content\/uploads\/2020\/03\/start3-768x518.jpg 768w\" sizes=\"(max-width: 885px) 100vw, 885px\" \/><\/figure>\n\n\n\n<p>In questa finestra puoi sfogliare i tuoi dischi e le tue cartelle, trovare una cartella con alcune o tutte le tue foto e selezionare ci\u00f2 che vuoi importare. \u00c8 possibile selezionare sia le cartelle che i file immagine, uno o pi\u00f9 elementi. <\/p>\n\n\n\n<div style=\"height:42px\" aria-hidden=\"true\" class=\"wp-block-spacer\"><\/div>\n\n\n\n<h4>4. Definisci la strategia di creazione degli eventi<\/h4>\n\n\n\n<figure class=\"wp-block-image size-large\"><img width=\"731\" height=\"158\" src=\"https:\/\/lunarship.com\/wp-content\/uploads\/2020\/03\/start4.jpg\" alt=\"\" class=\"wp-image-407\" srcset=\"https:\/\/lunarship.com\/wp-content\/uploads\/2020\/03\/start4.jpg 731w, https:\/\/lunarship.com\/wp-content\/uploads\/2020\/03\/start4-300x65.jpg 300w\" sizes=\"(max-width: 731px) 100vw, 731px\" \/><\/figure>\n\n\n\n<p>Ora \u00e8 il momento di usare l\u2019intelligenza di Phototheca prima di iniziare un processo di importazione. Phototheca conosce sei modi per combinare le tue foto in eventi. Puoi selezionare il modo che preferisci. Se la struttura delle tue cartelle \u00e8 ordinata e vuoi che Photothecalo mantenga &#8211; lascia l\u2019opzione \u201cOne event per folder\u201d (predefinito). Se i file e le cartelle che contengono eventi multipli al loro interno sono un po\u2019 confusionari \u2014 lascia che Phototheca divida queste foto in eventi separati in base alla data\/ora di una foto. Se si seleziona \u201cOne event per day\u201d \u2014 ci\u00f2 significa che tutte le foto sono state scattate durante un solo giorno e vanno in un unico evento. E cos\u00ec via.<\/p>\n\n\n\n<div style=\"height:42px\" aria-hidden=\"true\" class=\"wp-block-spacer\"><\/div>\n\n\n\n<h4>5. Attendi qualche istante che l\u2019importazione sia terminata<\/h4>\n\n\n\n<figure class=\"wp-block-image size-large\"><img width=\"600\" height=\"355\" src=\"https:\/\/lunarship.com\/wp-content\/uploads\/2020\/03\/start5.jpg\" alt=\"\" class=\"wp-image-408\" srcset=\"https:\/\/lunarship.com\/wp-content\/uploads\/2020\/03\/start5.jpg 600w, https:\/\/lunarship.com\/wp-content\/uploads\/2020\/03\/start5-300x178.jpg 300w\" sizes=\"(max-width: 600px) 100vw, 600px\" \/><\/figure>\n\n\n\n<p>La durata dell\u2019importazione dipende in gran parte dalle prestazioni del PC e dalle dimensioni e quantit\u00e0 delle foto. Beviti un caff\u00e8 o un t\u00e8 mentre Phototheca lavora per te. Un altro suggerimento \u2013 se hai un\u2019enorme collezione di foto e ci vuole molto tempo per importarle \u2013 lascia che il PC lavori durante la notte.<\/p>\n\n\n\n<div style=\"height:42px\" aria-hidden=\"true\" class=\"wp-block-spacer\"><\/div>\n\n\n\n<h4>6. Esamina i risultati<\/h4>\n\n\n\n<figure class=\"wp-block-image size-large\"><img width=\"800\" height=\"398\" src=\"https:\/\/lunarship.com\/wp-content\/uploads\/2020\/03\/start6.jpg\" alt=\"\" class=\"wp-image-409\" srcset=\"https:\/\/lunarship.com\/wp-content\/uploads\/2020\/03\/start6.jpg 800w, https:\/\/lunarship.com\/wp-content\/uploads\/2020\/03\/start6-300x149.jpg 300w, https:\/\/lunarship.com\/wp-content\/uploads\/2020\/03\/start6-768x382.jpg 768w\" sizes=\"(max-width: 800px) 100vw, 800px\" \/><\/figure>\n\n\n\n<p>Al termine di un\u2019importazione \u2013 Phototheca apre la sezione \u201cLast Import\u201d e mostra il risultato dell\u2019ultima importazione. Clicca sulla sezione \u201cEvents\u201d per rivedere tutta la tua serie completa di eventi.<\/p>\n\n\n\n<div style=\"height:42px\" aria-hidden=\"true\" class=\"wp-block-spacer\"><\/div>\n\n\n\n<h4>7. Crea Album con le foto selezionate<\/h4>\n\n\n\n<figure class=\"wp-block-image size-large\"><img width=\"528\" height=\"240\" src=\"https:\/\/lunarship.com\/wp-content\/uploads\/2020\/03\/start7.jpg\" alt=\"\" class=\"wp-image-410\" srcset=\"https:\/\/lunarship.com\/wp-content\/uploads\/2020\/03\/start7.jpg 528w, https:\/\/lunarship.com\/wp-content\/uploads\/2020\/03\/start7-300x136.jpg 300w\" sizes=\"(max-width: 528px) 100vw, 528px\" \/><\/figure>\n\n\n\n<p>Un Album ti permette di raccogliere le foto di diversi eventi se vuoi averle in un unico posto.&nbsp; Quando si sposta una foto in un Album, le foto rimangono all\u2019interno degli eventi originali. Ad esempio, puoi avere molte foto all\u2019interno di eventi con il tuo animale domestico e avere album separati con le foto solo di un animale domestico. Creiamo l\u2019album con le foto del Moraine Lake. Vai al menu <em>File-&gt;New Album\u2026<\/em> <\/p>\n\n\n\n<p><strong>Inserisci il nome dell\u2019album<\/strong><\/p>\n\n\n\n<figure class=\"wp-block-image size-large\"><img width=\"805\" height=\"257\" src=\"https:\/\/lunarship.com\/wp-content\/uploads\/2020\/03\/start8.jpg\" alt=\"\" class=\"wp-image-411\" srcset=\"https:\/\/lunarship.com\/wp-content\/uploads\/2020\/03\/start8.jpg 805w, https:\/\/lunarship.com\/wp-content\/uploads\/2020\/03\/start8-300x96.jpg 300w, https:\/\/lunarship.com\/wp-content\/uploads\/2020\/03\/start8-768x245.jpg 768w\" sizes=\"(max-width: 805px) 100vw, 805px\" \/><\/figure>\n\n\n\n<p>Specifica qui un nome per il tuo nuovo album. Un Album con questo nome apparir\u00e0 nella sezione Album della Libreria. <\/p>\n\n\n\n<figure class=\"wp-block-image size-large\"><img width=\"595\" height=\"202\" src=\"https:\/\/lunarship.com\/wp-content\/uploads\/2020\/03\/start9.jpg\" alt=\"\" class=\"wp-image-412\" srcset=\"https:\/\/lunarship.com\/wp-content\/uploads\/2020\/03\/start9.jpg 595w, https:\/\/lunarship.com\/wp-content\/uploads\/2020\/03\/start9-300x102.jpg 300w\" sizes=\"(max-width: 595px) 100vw, 595px\" \/><\/figure>\n\n\n\n<div style=\"height:42px\" aria-hidden=\"true\" class=\"wp-block-spacer\"><\/div>\n\n\n\n<h4>8. Sposta le foto di un evento in un album<\/h4>\n\n\n\n<figure class=\"wp-block-image size-large\"><img width=\"664\" height=\"293\" src=\"https:\/\/lunarship.com\/wp-content\/uploads\/2020\/03\/start10.jpg\" alt=\"\" class=\"wp-image-413\" srcset=\"https:\/\/lunarship.com\/wp-content\/uploads\/2020\/03\/start10.jpg 664w, https:\/\/lunarship.com\/wp-content\/uploads\/2020\/03\/start10-300x132.jpg 300w\" sizes=\"(max-width: 664px) 100vw, 664px\" \/><\/figure>\n\n\n\n<p>Mentre sei all\u2019interno di un evento con le foto, puoi selezionare una o pi\u00f9 foto con Ctrl o Shift + clic del mouse. Poi fai un normale drag&amp;drop partendo da qualsiasi foto selezionata e punta il cursore sull\u2019album nel riquadro a sinistra. Rilascia le foto e queste appariranno immediatamente all\u2019interno dell\u2019album. Cos\u00ec facendo Phototheca non copia i file \u2013 quindi non si creano duplicati sul disco quando si inseriscono le foto in un album.<\/p>\n\n\n\n<div style=\"height:42px\" aria-hidden=\"true\" class=\"wp-block-spacer\"><\/div>\n\n\n\n<h4>9. Apri l\u2019album<\/h4>\n\n\n\n<figure class=\"wp-block-image size-large\"><img width=\"800\" height=\"457\" src=\"https:\/\/lunarship.com\/wp-content\/uploads\/2020\/03\/start11.jpg\" alt=\"\" class=\"wp-image-414\" srcset=\"https:\/\/lunarship.com\/wp-content\/uploads\/2020\/03\/start11.jpg 800w, https:\/\/lunarship.com\/wp-content\/uploads\/2020\/03\/start11-300x171.jpg 300w, https:\/\/lunarship.com\/wp-content\/uploads\/2020\/03\/start11-768x439.jpg 768w\" sizes=\"(max-width: 800px) 100vw, 800px\" \/><\/figure>\n\n\n\n<p>Clicca con il mouse sull\u2019album appena creato \u2013 il suo contenuto viene visualizzato immediatamente. <\/p>\n\n\n\n<div style=\"height:42px\" aria-hidden=\"true\" class=\"wp-block-spacer\"><\/div>\n\n\n\n<h4>10. Tagga le foto con parole chiave<\/h4>\n\n\n\n<figure class=\"wp-block-image size-large\"><img width=\"506\" height=\"371\" src=\"https:\/\/lunarship.com\/wp-content\/uploads\/2020\/03\/start12.jpg\" alt=\"\" class=\"wp-image-415\" srcset=\"https:\/\/lunarship.com\/wp-content\/uploads\/2020\/03\/start12.jpg 506w, https:\/\/lunarship.com\/wp-content\/uploads\/2020\/03\/start12-300x220.jpg 300w\" sizes=\"(max-width: 506px) 100vw, 506px\" \/><\/figure>\n\n\n\n<p>Le parole chiave sono un modo utile per organizzare la tua collezione di foto. Impariamo a taggare le foto con le parole chiave. Prima di tutto \u2013 apri il pannello delle parole chiave con la voce di menu <em>View-&gt;Keywords Panel<\/em> o clicca sul pulsante con l\u2019icona \u201cchiave\u201d (angolo in basso a sinistra di Phototheca). <\/p>\n\n\n\n<p><strong>Applica la parola chiave<\/strong><\/p>\n\n\n\n<figure class=\"wp-block-image size-large\"><img width=\"746\" height=\"329\" src=\"https:\/\/lunarship.com\/wp-content\/uploads\/2020\/03\/start13.jpg\" alt=\"\" class=\"wp-image-416\" srcset=\"https:\/\/lunarship.com\/wp-content\/uploads\/2020\/03\/start13.jpg 746w, https:\/\/lunarship.com\/wp-content\/uploads\/2020\/03\/start13-300x132.jpg 300w\" sizes=\"(max-width: 746px) 100vw, 746px\" \/><\/figure>\n\n\n\n<p>Quando il pannello delle parole chiave \u00e8 aperto \u2013 evidenzia una o pi\u00f9 foto che desideri taggare con una parola chiave. Digita una parola chiave nella casella di testo, ad esempio \u201cMoraine Lake\u201d, come nel nostro esempio. Clicca sul pulsante \u201c+\u201d. Phototheca inizia a scrivere la parola chiave nei file. Le parole chiave vengono scritte sia nella sezione IPTC che in quella XMP dei metadati. <\/p>\n\n\n\n<p><strong>Ricerca le foto per parola chiave<\/strong><\/p>\n\n\n\n<figure class=\"wp-block-image size-large\"><img width=\"371\" height=\"74\" src=\"https:\/\/lunarship.com\/wp-content\/uploads\/2020\/03\/start14.jpg\" alt=\"\" class=\"wp-image-417\" srcset=\"https:\/\/lunarship.com\/wp-content\/uploads\/2020\/03\/start14.jpg 371w, https:\/\/lunarship.com\/wp-content\/uploads\/2020\/03\/start14-300x60.jpg 300w\" sizes=\"(max-width: 371px) 100vw, 371px\" \/><\/figure>\n\n\n\n<p>Ora, quando le tue foto sono taggate con parole chiave diverse, puoi usare la ricerca istantanea di quelle foto. Digita una parola chiave nella casella di ricerca, da qualsiasi parte di una Libreria, e premi il tasto \u201cEnter\u201d. I risultati della ricerca appariranno immediatamente.<\/p>\n\n\n\n<figure class=\"wp-block-image size-large\"><img width=\"800\" height=\"514\" src=\"https:\/\/lunarship.com\/wp-content\/uploads\/2020\/03\/start15.jpg\" alt=\"\" class=\"wp-image-418\" srcset=\"https:\/\/lunarship.com\/wp-content\/uploads\/2020\/03\/start15.jpg 800w, https:\/\/lunarship.com\/wp-content\/uploads\/2020\/03\/start15-300x193.jpg 300w, https:\/\/lunarship.com\/wp-content\/uploads\/2020\/03\/start15-768x493.jpg 768w\" sizes=\"(max-width: 800px) 100vw, 800px\" \/><\/figure>\n\n\n\n<p>I risultati della ricerca includono eventi che hanno la frase di ricerca digitata in un titolo e foto che hanno questa parola chiave o una frase di ricerca in un titolo.<\/p>\n\n\n\n<div style=\"height:42px\" aria-hidden=\"true\" class=\"wp-block-spacer\"><\/div>\n\n\n\n<h4>11. Fai crescere la tua splendida libreria fotografica.<\/h4>\n\n\n\n<figure class=\"wp-block-image size-large is-resized\"><img src=\"https:\/\/lunarship.com\/wp-content\/uploads\/2020\/03\/start16-1024x683.jpg\" alt=\"\" class=\"wp-image-419\" width=\"1024\" height=\"683\" srcset=\"https:\/\/lunarship.com\/wp-content\/uploads\/2020\/03\/start16-1024x683.jpg 1024w, https:\/\/lunarship.com\/wp-content\/uploads\/2020\/03\/start16-300x200.jpg 300w, https:\/\/lunarship.com\/wp-content\/uploads\/2020\/03\/start16-768x512.jpg 768w, https:\/\/lunarship.com\/wp-content\/uploads\/2020\/03\/start16.jpg 1050w\" sizes=\"(max-width: 1024px) 100vw, 1024px\" \/><\/figure>\n\n\n\n<p>\u00c8 giunto il momento di organizzare migliaia di foto e di costruire una grande casa per i tuoi ricordi!<\/p>\n<\/div><\/div>\n<\/div><\/section>\n\n\n\n<figure class=\"wp-block-image size-large\"><img width=\"1024\" height=\"1\" src=\"https:\/\/lunarship.com\/wp-content\/uploads\/2020\/02\/divider_line_1divider_line-1024x1.png\" alt=\"\" class=\"wp-image-281\" srcset=\"https:\/\/lunarship.com\/wp-content\/uploads\/2020\/02\/divider_line_1divider_line-1024x1.png 1024w, https:\/\/lunarship.com\/wp-content\/uploads\/2020\/02\/divider_line_1divider_line-300x1.png 300w, https:\/\/lunarship.com\/wp-content\/uploads\/2020\/02\/divider_line_1divider_line-150x1.png 150w, https:\/\/lunarship.com\/wp-content\/uploads\/2020\/02\/divider_line_1divider_line-768x1.png 768w, https:\/\/lunarship.com\/wp-content\/uploads\/2020\/02\/divider_line_1divider_line.png 1120w\" sizes=\"(max-width: 1024px) 100vw, 1024px\" \/><\/figure>\n","protected":false},"excerpt":{"rendered":"<p>Come iniziare a organizzare le foto Guida passo dopo passo per aiutarti a iniziare con Phototheca<\/p>\n","protected":false},"author":1,"featured_media":0,"parent":0,"menu_order":0,"comment_status":"closed","ping_status":"closed","template":"","meta":{"ub_ctt_via":"","kt_blocks_editor_width":""},"featured_image_src":null,"uagb_featured_image_src":{"full":false,"thumbnail":false,"medium":false,"medium_large":false,"large":false,"1536x1536":false,"2048x2048":false},"uagb_author_info":{"display_name":"adm1n1sTraToR","author_link":"https:\/\/lunarship.com\/it\/author\/adm1n1strator\/"},"uagb_comment_info":0,"uagb_excerpt":"Come iniziare a organizzare le foto Guida passo dopo passo per aiutarti a iniziare con Phototheca","_links":{"self":[{"href":"https:\/\/lunarship.com\/it\/wp-json\/wp\/v2\/pages\/1454"}],"collection":[{"href":"https:\/\/lunarship.com\/it\/wp-json\/wp\/v2\/pages"}],"about":[{"href":"https:\/\/lunarship.com\/it\/wp-json\/wp\/v2\/types\/page"}],"author":[{"embeddable":true,"href":"https:\/\/lunarship.com\/it\/wp-json\/wp\/v2\/users\/1"}],"replies":[{"embeddable":true,"href":"https:\/\/lunarship.com\/it\/wp-json\/wp\/v2\/comments?post=1454"}],"version-history":[{"count":0,"href":"https:\/\/lunarship.com\/it\/wp-json\/wp\/v2\/pages\/1454\/revisions"}],"wp:attachment":[{"href":"https:\/\/lunarship.com\/it\/wp-json\/wp\/v2\/media?parent=1454"}],"curies":[{"name":"wp","href":"https:\/\/api.w.org\/{rel}","templated":true}]}}